{"id":207867,"date":"2025-02-14T16:18:18","date_gmt":"2025-02-14T14:18:18","guid":{"rendered":"https:\/\/ownpowr.com\/?post_type=product&#038;p=207867"},"modified":"2025-02-14T16:18:19","modified_gmt":"2025-02-14T14:18:19","slug":"blauhoff-home-5k-20-kwh-1-phase-system-lv","status":"publish","type":"product","link":"https:\/\/ownpowr.com\/de\/product\/blauhoff-home-5k-20-kwh-1-phase-system-lv\/","title":{"rendered":"Blauhoff Home 5K\/20 kWh 1 Phase System LV"},"content":{"rendered":"<p>Blauhoff Haus 5K\/20 kWh 1 Phase System<\/p>\n<p>Das Blauhoff Home 5K\/20 kWh 1 Phase System ist ein kompaktes und effizientes Energiespeichersystem, das den Energiebedarf von Haushalten und kleinen Unternehmen deckt. Mit einem empfohlenen durchschnittlichen Jahresverbrauch von 7300 kWh bietet dieses System eine nachhaltige und zuverl\u00e4ssige L\u00f6sung zur Erzeugung, Speicherung und Nutzung Ihrer eigenen Energie.<\/p>\n<p>Mit einer Kapazit\u00e4t von 20 kWh bietet dieses System ausreichend Speicherplatz, um die tags\u00fcber erzeugte Solarenergie zu speichern und am Abend und in der Nacht zu nutzen. So k\u00f6nnen Sie Ihre Abh\u00e4ngigkeit vom Stromnetz verringern und Ihre Energiekosten senken. Dar\u00fcber hinaus ist das System mit einer Notstromfunktion ausgestattet, so dass Sie auch bei Stromausf\u00e4llen weiterhin Strom nutzen k\u00f6nnen.<\/p>\n<p>Bei der Entwicklung des Blauhoff Home wurde auf Kompatibilit\u00e4t geachtet. Das System ist mit einem Generator und einem Windturbinenanschluss ausgestattet und bietet Ihnen die M\u00f6glichkeit, alternative Energiequellen zu integrieren und noch mehr gr\u00fcne Energie zu erzeugen. Dies gibt Ihnen die Flexibilit\u00e4t, Ihre Energieerzeugung weiter zu diversifizieren und Ihren \u00f6kologischen Fu\u00dfabdruck zu reduzieren.<\/p>\n<p>Mit einer Leistung von 5 kW ist das Blauhoff Home f\u00fcr eine Vielzahl von Anwendungen geeignet. Ganz gleich, ob Sie elektrische Ger\u00e4te in Ihrem Haus mit Strom versorgen wollen oder Energie f\u00fcr Ihren kleinen Gesch\u00e4ftsbetrieb ben\u00f6tigen, dieses System kann Ihre Bed\u00fcrfnisse erf\u00fcllen. Das System arbeitet mit einem 1-phasigen Anschluss mit einer Mindestanforderung von 1x40A und ist damit f\u00fcr den Hausgebrauch geeignet.<\/p>\n<p>Das Blauhoff Home 5K\/20 kWh 1 Phase System wurde mit Blick auf Benutzerfreundlichkeit und Zuverl\u00e4ssigkeit entwickelt. Die kompakte Gr\u00f6\u00dfe und das geringe Gewicht des Wechselrichters erm\u00f6glichen eine einfache Installation, w\u00e4hrend das robuste Batteriesystem f\u00fcr Langlebigkeit und dauerhafte Leistung sorgt.<\/p>\n<p>W\u00e4hlen Sie das Blauhoff Home 5K\/20 kWh 1 Phase System und genie\u00dfen Sie eine zuverl\u00e4ssige und effiziente L\u00f6sung f\u00fcr Ihren Energiebedarf. Mit diesem System k\u00f6nnen Sie von gr\u00fcner Energie profitieren, Ihre Energierechnungen senken und zu einer nachhaltigen Zukunft beitragen. Vertrauen Sie auf Blauhoff, wenn es um hochwertige Energiespeicherl\u00f6sungen geht, die Ihre Bed\u00fcrfnisse erf\u00fcllen und Ihnen Sicherheit geben.<\/p>","protected":false},"excerpt":{"rendered":"<p>Blauhoff Home 5K\/20 kWh 1-Phasen-System Das Blauhoff Home 5K\/20 kWh 1-Phasen-System ist ein kompaktes und effizientes Energiespeichersystem, das f\u00fcr den Energiebedarf von [...]<\/p>","protected":false},"featured_media":207870,"template":"","meta":{"_seopress_robots_primary_cat":"","_seopress_titles_title":"","_seopress_titles_desc":"","_seopress_robots_index":"","_kad_blocks_custom_css":"","_kad_blocks_head_custom_js":"","_kad_blocks_body_custom_js":"","_kad_blocks_footer_custom_js":""},"product_cat":[17,19],"product_tag":[],"class_list":{"0":"post-207867","1":"product","2":"type-product","3":"status-publish","4":"has-post-thumbnail","6":"product_cat-home-batteries","7":"product_cat-sets-with-inverters","9":"first","10":"instock","11":"taxable","12":"shipping-taxable","13":"purchasable","14":"product-type-simple"},"taxonomy_info":{"product_cat":[{"value":17,"label":"Home batteries"},{"value":19,"label":"Sets with inverters"}]},"featured_image_src_large":["https:\/\/ownpowr.com\/wp-content\/uploads\/2025\/02\/blh_5k_20kwh.jpg",480,480,false],"author_info":[],"comment_info":"","_links":{"self":[{"href":"https:\/\/ownpowr.com\/de\/wp-json\/wp\/v2\/product\/207867","targetHints":{"allow":["GET"]}}],"collection":[{"href":"https:\/\/ownpowr.com\/de\/wp-json\/wp\/v2\/product"}],"about":[{"href":"https:\/\/ownpowr.com\/de\/wp-json\/wp\/v2\/types\/product"}],"wp:featuredmedia":[{"embeddable":true,"href":"https:\/\/ownpowr.com\/de\/wp-json\/wp\/v2\/media\/207870"}],"wp:attachment":[{"href":"https:\/\/ownpowr.com\/de\/wp-json\/wp\/v2\/media?parent=207867"}],"wp:term":[{"taxonomy":"product_cat","embeddable":true,"href":"https:\/\/ownpowr.com\/de\/wp-json\/wp\/v2\/product_cat?post=207867"},{"taxonomy":"product_tag","embeddable":true,"href":"https:\/\/ownpowr.com\/de\/wp-json\/wp\/v2\/product_tag?post=207867"}],"curies":[{"name":"wp","href":"https:\/\/api.w.org\/{rel}","templated":true}]}}