{"id":208743,"date":"2025-02-20T09:41:35","date_gmt":"2025-02-20T07:41:35","guid":{"rendered":"https:\/\/ownpowr.com\/?post_type=product&#038;p=208743"},"modified":"2025-08-25T14:41:27","modified_gmt":"2025-08-25T12:41:27","slug":"new-blauhoff-maxus-all-in-one-125k-289-kwh-energy-storage-cabinet-liquid-cooled","status":"publish","type":"product","link":"https:\/\/ownpowr.com\/de\/product\/neuer-blauhoff-maxus-all-in-one-125k-289-kwh-energiespeicherschrank-flussigkeitsgekuhlt\/","title":{"rendered":"Neu! Blauhoff Maxus All in One 125K\/289 kWh Energiespeicherschrank Fl\u00fcssigkeitsgek\u00fchlt"},"content":{"rendered":"<p>Neu Blauhoff Maxus 125K\/289kWh All In One Energiespeicherschrank 10 Jahre Garantie 8000 Zyklen<\/p>\n<p>Alle Blauhoff-Batteriesysteme haben 10 Jahre Garantie auf die Zellen und 5 Jahre Garantie auf den Wechselrichter ohne Zuzahlung!<\/p>\n<p>Dies ist bei den meisten anderen Marken nicht der Fall und die Garantie ist auf nur 3-5 Jahre begrenzt!<\/p>\n<p>Prismatische Zellen f\u00fcr h\u00f6chste Qualit\u00e4t und l\u00e4ngste Lebensdauer, 8000 Zyklen und 10 Jahre Garantie auf die Zellen ohne zus\u00e4tzliche Kosten und 5 Jahre auf das Ganze.<\/p>\n<p>Die BLH-125K\/258KwH-Maxus Serie, ein fl\u00fcssigkeitsgek\u00fchlter All-in-One ESS f\u00fcr kommerzielle und industrielle Anwendungen, ist<br \/>\nintegriert mit Energiespeicher-Wechselrichter, Batterie, BMS, EMS, W\u00e4rmemanagement,<br \/>\nStromverteilung, Brandschutz, usw. Das All-in-One-Design ist einfach zu installieren und<br \/>\nO&amp;M. Gleichzeitig sorgt das Sicherheitsdesign des Systems f\u00fcr eine bessere Batterieleistung<br \/>\nund l\u00e4ngere Lebensdauer. Mehrere Schr\u00e4nke k\u00f6nnen direkt parallel geschaltet werden, bis zu 30 St\u00fcck, um eine<br \/>\nden Ausbau des Energiespeichersystems.<\/p>\n<p>Sparsam:<\/p>\n<p>Hochintegriertes ESS f\u00fcr einfache<br \/>\nTransport und O&amp;M. Die<br \/>\nintegriertes Design sorgt daf\u00fcr, dass die Website<br \/>\nschnell eingerichtet und verwendet werden.<\/p>\n<p>Backup-Funktion<\/p>\n<p>Peakshave Funktion<\/p>\n<p>PV-Funktion<\/p>\n<p>Fl\u00fcssigk\u00fchlung:<\/p>\n<p>Die Temperaturabweichung von<br \/>\nBatteriezellen in der gesamten<br \/>\nSystem liegt innerhalb von 3\u00b0C, dank der<br \/>\ndas intelligente Fl\u00fcssigkeitsk\u00fchlsystem.<br \/>\nSie kann die<br \/>\nLebensdauer der Batteriezellen um bis zu 20%.<\/p>\n<p>Sicher:<\/p>\n<p>Das System hat vier Ebenen<br \/>\nVerwaltungsstruktur, die<br \/>\nPr\u00e4zise Steuerung von Kurzschlussschutz, \u00dcberstromschutz, \u00dcberspannungsschutz, Unterspannungsschutz, \u00dcbertemperatur<br \/>\nSchutz, etc.<\/p>\n<p>VDE4100<\/p>\n<p>IEC62619<\/p>\n<p>IEC61000<\/p>\n<p>UL9540A<\/p>\n<p>EN50549<\/p>\n<p><a href=\"https:\/\/blauhoff.nl\/wp-content\/uploads\/2025\/02\/NL-BLH-Maxus-125kW289kWh-Flyer-18-1-2025.pdf.pdf\" target=\"_blank\" rel=\"noopener\">NL BLH Maxus 125kW289kWh Brosch\u00fcre 18-1-2025.pdf<\/a><\/p>\n<p><iframe title=\"Blauhoff ESS Alles in Einem\" width=\"1140\" height=\"641\" src=\"https:\/\/www.youtube.com\/embed\/4ygzOwu-j7I?feature=oembed\" frameborder=\"0\" allow=\"accelerometer; autoplay; clipboard-write; encrypted-media; gyroscope; picture-in-picture; web-share\" referrerpolicy=\"strict-origin-when-cross-origin\" allowfullscreen><\/iframe><\/p>\n<p>&nbsp;<\/p>\n<p>&nbsp;<\/p>","protected":false},"excerpt":{"rendered":"<p>Neu Blauhoff Maxus 125K\/289kWh All In One Energiespeicherschrank 10 Jahre Garantie 8000 Zyklen Alle Blauhoff Batteriesysteme haben 10 Jahre Garantie auf die Zellen und 5 Jahre Garantie [...]<\/p>","protected":false},"featured_media":185452,"template":"","meta":{"_seopress_robots_primary_cat":"none","_seopress_titles_title":"","_seopress_titles_desc":"","_seopress_robots_index":"","_kad_blocks_custom_css":"","_kad_blocks_head_custom_js":"","_kad_blocks_body_custom_js":"","_kad_blocks_footer_custom_js":""},"product_cat":[17,19],"product_tag":[],"class_list":{"0":"post-208743","1":"product","2":"type-product","3":"status-publish","4":"has-post-thumbnail","6":"product_cat-home-batteries","7":"product_cat-sets-with-inverters","9":"first","10":"instock","11":"taxable","12":"shipping-taxable","13":"purchasable","14":"product-type-simple"},"taxonomy_info":{"product_cat":[{"value":17,"label":"Home batteries"},{"value":19,"label":"Sets with inverters"}]},"featured_image_src_large":["https:\/\/ownpowr.com\/wp-content\/uploads\/2024\/10\/maxus-.png",300,300,false],"author_info":[],"comment_info":"","_links":{"self":[{"href":"https:\/\/ownpowr.com\/de\/wp-json\/wp\/v2\/product\/208743","targetHints":{"allow":["GET"]}}],"collection":[{"href":"https:\/\/ownpowr.com\/de\/wp-json\/wp\/v2\/product"}],"about":[{"href":"https:\/\/ownpowr.com\/de\/wp-json\/wp\/v2\/types\/product"}],"wp:featuredmedia":[{"embeddable":true,"href":"https:\/\/ownpowr.com\/de\/wp-json\/wp\/v2\/media\/185452"}],"wp:attachment":[{"href":"https:\/\/ownpowr.com\/de\/wp-json\/wp\/v2\/media?parent=208743"}],"wp:term":[{"taxonomy":"product_cat","embeddable":true,"href":"https:\/\/ownpowr.com\/de\/wp-json\/wp\/v2\/product_cat?post=208743"},{"taxonomy":"product_tag","embeddable":true,"href":"https:\/\/ownpowr.com\/de\/wp-json\/wp\/v2\/product_tag?post=208743"}],"curies":[{"name":"wp","href":"https:\/\/api.w.org\/{rel}","templated":true}]}}