{"id":221355,"date":"2025-04-17T14:50:19","date_gmt":"2025-04-17T12:50:19","guid":{"rendered":"https:\/\/ownpowr.com\/?post_type=product&#038;p=221355"},"modified":"2025-04-17T14:52:56","modified_gmt":"2025-04-17T12:52:56","slug":"afore-15k-hybrid-three-phase-inverter","status":"publish","type":"product","link":"https:\/\/ownpowr.com\/de\/product\/vor-15k-hybrid-drehstrom-wechselrichter\/","title":{"rendered":"Afore 15K Hybrid-Dreiphasen-Wechselrichter"},"content":{"rendered":"<p>Hybrid-Wechselrichter AF15K-THP, 2 MPPTs, dreiphasig, Nennausgangsleistung 15 kW<br \/>\nDer Afore AF15K-THP ist ein dreiphasiger Hybrid-Wechselrichter mit einer Ausgangsleistung von 15 kW. Mit einer Hochspannungsbatterie kann er als Inselsystem\/Netzunabh\u00e4ngiges System oder als nicht stromf\u00fchrendes System verwendet werden. Er verf\u00fcgt \u00fcber zwei MPPT-Tracker und die M\u00f6glichkeit, zwei Str\u00e4nge von Photovoltaikmodulen anzuschlie\u00dfen. Es sind auch verschiedene MPPT-Spannungen verf\u00fcgbar.<\/p>\n<p>H\u00f6hepunkte<br \/>\nModernes Design<br \/>\n\u00dcberwachung w\u00e4hrend der Wi-Fi \u00dcberwachung<br \/>\nH\u00f6here Effizienz von 97,5%<br \/>\nNicht verf\u00fcgbar<br \/>\n2 MPPTs mit einem String<br \/>\nEinfache und schnelle Installation<br \/>\nKompakte Gr\u00f6\u00dfe (370 x 598,5 x 1,92 mm)<br \/>\nKompatibel mit Batteriereparaturen<br \/>\nGeeignet f\u00fcr Akkutypen: Lithium-Ionen<\/p>\n<p>Spezifikation<br \/>\nBeschreibung des Artikels: AF15K-THP Hybrid-Wechselrichter, 2 MPPTs, dreiphasig, Nennausgangsleistung 15 kW<\/p>\n<p>AC-Ausgangsdaten<br \/>\nNennleistung: 15 kW<br \/>\nMax. Ausgangsscheinleistung: 16,5 kVA<br \/>\nWechselspannung: 3P\/N\/PE 400 V<br \/>\nAC-Frequenz: 50 Hz \/ 60 Hz<br \/>\nAC Stromst\u00e4rke: 21,8 A<br \/>\nMax. AC-Strom: 27 A<\/p>\n<p>PV String Eingabedaten<br \/>\nMax. DC-Eingangsleistung: 22,5 kW<br \/>\nMax. DC-Eingangsspannung: 1000 V<br \/>\nMax. DC-Eingangsstrom: 2 x 18,5 A<br \/>\nEinschaltspannung: 160 V<br \/>\nMPPT-Spannungsbereich: 500-850 V<br \/>\nMax. Kurzzeitleistung: 2 x 25 A<br \/>\nAnzahl der MPPT-Tracker\/Anzahl der Strings: 2\/2<\/p>\n<p>Batterie-Eingangsdaten<br \/>\nAkku-Typ: Lithium-Ionen \/ Blei-S\u00e4ure \/ Natriumchlorid<br \/>\nNennspannung: 500 V<br \/>\nSpannungsbereich: 80-600 V<br \/>\nMax. Ladestrom: 30 A<br \/>\nMax. Entladestrom: 30 A<\/p>\n<p>Allgemein<br \/>\nMax. Wirkungsgrad: 98.3%<br \/>\nEU-Wirkungsgrad: 97.5%<br \/>\nKommunikation: Display, LED, RS485, CAN, Wi-Fi, GPRS, 4G<br \/>\nSchutzklasse: IP66<br \/>\nK\u00fchlung: Intelligenter L\u00fcfter<br \/>\nTopologie: Transformatorlos<br \/>\nAbmessungen (B x H x T): 370 x 598,5 x 192 mm<br \/>\nGewicht: 22 kg<\/p>\n<p>Besteht aus:<br \/>\n1 x Afore Hybrid-Wechselrichter AF15K-THP<br \/>\n1 x Zubeh\u00f6rsatz<\/p>","protected":false},"excerpt":{"rendered":"<p>Hybrid-Wechselrichter AF15K-THP, 2 MPPTs, dreiphasig, Nennausgangsleistung 15 kW Der Afore AF15K-THP ist ein dreiphasiger Hybrid-Wechselrichter mit einer Ausgangsleistung von 15 kW. Mit einer Hochspannungsbatterie, [...]<\/p>","protected":false},"featured_media":221359,"template":"","meta":{"_seopress_robots_primary_cat":"none","_seopress_titles_title":"","_seopress_titles_desc":"","_seopress_robots_index":"","_kad_blocks_custom_css":"","_kad_blocks_head_custom_js":"","_kad_blocks_body_custom_js":"","_kad_blocks_footer_custom_js":""},"product_cat":[18],"product_tag":[],"class_list":{"0":"post-221355","1":"product","2":"type-product","3":"status-publish","4":"has-post-thumbnail","6":"product_cat-hybrid-inverters","8":"first","9":"instock","10":"taxable","11":"shipping-taxable","12":"purchasable","13":"product-type-simple"},"taxonomy_info":{"product_cat":[{"value":18,"label":"Hybrid inverters"}]},"featured_image_src_large":["https:\/\/ownpowr.com\/wp-content\/uploads\/2025\/04\/afore-hybrid-three-phase-inverter.png",640,640,false],"author_info":[],"comment_info":"","_links":{"self":[{"href":"https:\/\/ownpowr.com\/de\/wp-json\/wp\/v2\/product\/221355","targetHints":{"allow":["GET"]}}],"collection":[{"href":"https:\/\/ownpowr.com\/de\/wp-json\/wp\/v2\/product"}],"about":[{"href":"https:\/\/ownpowr.com\/de\/wp-json\/wp\/v2\/types\/product"}],"wp:featuredmedia":[{"embeddable":true,"href":"https:\/\/ownpowr.com\/de\/wp-json\/wp\/v2\/media\/221359"}],"wp:attachment":[{"href":"https:\/\/ownpowr.com\/de\/wp-json\/wp\/v2\/media?parent=221355"}],"wp:term":[{"taxonomy":"product_cat","embeddable":true,"href":"https:\/\/ownpowr.com\/de\/wp-json\/wp\/v2\/product_cat?post=221355"},{"taxonomy":"product_tag","embeddable":true,"href":"https:\/\/ownpowr.com\/de\/wp-json\/wp\/v2\/product_tag?post=221355"}],"curies":[{"name":"wp","href":"https:\/\/api.w.org\/{rel}","templated":true}]}}