{"id":221364,"date":"2025-04-17T15:19:16","date_gmt":"2025-04-17T13:19:16","guid":{"rendered":"https:\/\/ownpowr.com\/?post_type=product&#038;p=221364"},"modified":"2025-04-17T15:19:17","modified_gmt":"2025-04-17T13:19:17","slug":"afore-30kw-hybrid-three-phase-inverter","status":"publish","type":"product","link":"https:\/\/ownpowr.com\/de\/product\/vor-30kw-hybrid-drehstrom-wechselrichter\/","title":{"rendered":"Afore 30kw Hybrid-Drehstrom-Wechselrichter"},"content":{"rendered":"<p>Hybrid-Wechselrichter AF30K-TH, 2 MPPTs, dreiphasig, Nennausgangsleistung 30.000W<br \/>\nDer Afore AF30K-TH ist ein dreiphasiger Hybrid-Wechselrichter mit einer Ausgangsleistung von 30 kW. Mit einer Hochspannungsbatterie kann der Wechselrichter als autarkes System\/off-grid und als Notstromversorgung eingesetzt werden. Er verf\u00fcgt \u00fcber zwei MPPT-Tracker und die M\u00f6glichkeit, mehrere Str\u00e4nge von Photovoltaikmodulen anzuschlie\u00dfen. Er verf\u00fcgt \u00fcber einen gro\u00dfen MPPT-Spannungsbereich.<\/p>\n<p>H\u00f6hepunkte<br \/>\nModernes Design<br \/>\n\u00dcberwachung \u00fcber WiFi<br \/>\nHoher Wirkungsgrad von 97,8%<br \/>\nF\u00e4higkeit zur Notstromversorgung<br \/>\n2 MPPTs mit je 2 Strings<br \/>\nEinfache und schnelle Installation<br \/>\nKompakte Abmessungen (558 x 535 x 260 mm)<br \/>\nKompatibel mit vielen Batterieherstellern<br \/>\nGeeignet f\u00fcr Akkutypen: Lithium-Ionen<br \/>\nSpezifikationen<br \/>\nArtikelbezeichnung: Hybrid-Wechselrichter AF30K-TH, 2 MPPTs, dreiphasig, Nennausgangsleistung 30.000 W<br \/>\nAC-Ausgangsdaten<br \/>\nNennausgangsleistung: 30.000 W<br \/>\nMax. Ausgangsscheinleistung: 33.000 VA<br \/>\nWechselspannung: 3\/N\/PE 400 V<br \/>\nAC-Frequenz: 50 Hz \/ 60 Hz<br \/>\nAC-Nennstrom: 43,5 A<br \/>\nMax. AC-Strom: 48.0 A<br \/>\nPV String Eingabedaten<br \/>\nMax. DC-Eingangsleistung: 45 kW<br \/>\nMax. DC Eingangsspannung: 1000V<br \/>\nMax. DC-Eingangsstrom: 2 x 40A<br \/>\nEinschaltspannung: 160V<br \/>\nMPPT-Spannungsbereich: 150-850V<br \/>\nMax. Kurzschlussstrom: 2 x 60A<br \/>\nAnzahl der MPP-Tracker\/Anzahl der Saiten: 2\/4<br \/>\nBatterie-Eingangsdaten<br \/>\nAkku-Typ: Lithium-Ionen<br \/>\nNennspannung: 500V<br \/>\nMax. Ladespannung: 150-800V<br \/>\nMax. Ladestrom: 60A<br \/>\nMax. Entladestrom: 60A<br \/>\nAllgemein<br \/>\nMax. Wirkungsgrad: 98.5%<br \/>\nEU-Wirkungsgrad: 98.1%<br \/>\nKommunikation: Display, LED, RS485, CAN, Wi-Fi, GRPS, 4G<br \/>\nSchutzklasse: IP65<br \/>\nTopologie: Transformatorlos<br \/>\nAbmessungen (B x H x T): 558x535x260mm<br \/>\nGewicht: 36kg<br \/>\nUmfang der Lieferung<br \/>\n1 x Afore Hybrid-Wechselrichter AF30K-TH<br \/>\n1 x Zubeh\u00f6r-Kit<\/p>","protected":false},"excerpt":{"rendered":"<p>Hybrid-Wechselrichter AF30K-TH, 2 MPPTs, dreiphasig, Nennausgangsleistung 30.000W Der Afore AF30K-TH ist ein dreiphasiger Hybrid-Wechselrichter mit einer Ausgangsleistung von 30kW. Mit einer Hochspannungsbatterie kann der Wechselrichter [...]<\/p>","protected":false},"featured_media":221359,"template":"","meta":{"_seopress_robots_primary_cat":"none","_seopress_titles_title":"","_seopress_titles_desc":"","_seopress_robots_index":"","_kad_blocks_custom_css":"","_kad_blocks_head_custom_js":"","_kad_blocks_body_custom_js":"","_kad_blocks_footer_custom_js":""},"product_cat":[18],"product_tag":[],"class_list":{"0":"post-221364","1":"product","2":"type-product","3":"status-publish","4":"has-post-thumbnail","6":"product_cat-hybrid-inverters","8":"first","9":"instock","10":"taxable","11":"shipping-taxable","12":"purchasable","13":"product-type-simple"},"taxonomy_info":{"product_cat":[{"value":18,"label":"Hybrid inverters"}]},"featured_image_src_large":["https:\/\/ownpowr.com\/wp-content\/uploads\/2025\/04\/afore-hybrid-three-phase-inverter.png",640,640,false],"author_info":[],"comment_info":"","_links":{"self":[{"href":"https:\/\/ownpowr.com\/de\/wp-json\/wp\/v2\/product\/221364","targetHints":{"allow":["GET"]}}],"collection":[{"href":"https:\/\/ownpowr.com\/de\/wp-json\/wp\/v2\/product"}],"about":[{"href":"https:\/\/ownpowr.com\/de\/wp-json\/wp\/v2\/types\/product"}],"wp:featuredmedia":[{"embeddable":true,"href":"https:\/\/ownpowr.com\/de\/wp-json\/wp\/v2\/media\/221359"}],"wp:attachment":[{"href":"https:\/\/ownpowr.com\/de\/wp-json\/wp\/v2\/media?parent=221364"}],"wp:term":[{"taxonomy":"product_cat","embeddable":true,"href":"https:\/\/ownpowr.com\/de\/wp-json\/wp\/v2\/product_cat?post=221364"},{"taxonomy":"product_tag","embeddable":true,"href":"https:\/\/ownpowr.com\/de\/wp-json\/wp\/v2\/product_tag?post=221364"}],"curies":[{"name":"wp","href":"https:\/\/api.w.org\/{rel}","templated":true}]}}