{"id":265,"date":"2023-10-04T16:43:01","date_gmt":"2023-10-04T14:43:01","guid":{"rendered":"https:\/\/ownpowr.com\/product\/pylontech-force-l1-14-21\/"},"modified":"2025-12-30T14:50:46","modified_gmt":"2025-12-30T12:50:46","slug":"pylontech-force-l1-14-21","status":"publish","type":"product","link":"https:\/\/ownpowr.com\/de\/product\/pylontech-force-l1-14-21\/","title":{"rendered":"Pylontech Kraft L1 14.21"},"content":{"rendered":"<p>Pylontech Force L1 14.21 besteht aus einer Pylontech BMU Batteriemanagementeinheit und 4 Force L1 3,55kWh Batteriemodulen.<\/p>\n<p>Skalierbarkeit durch sp\u00e4teres Hinzuf\u00fcgen von bis zu 3 zus\u00e4tzlichen Force L1-Modulen<\/p>\n<div class=\"row\">\n<div class=\"col-lg-6\">\n<h3><strong>Pylontech Force L1 14.21 - Niederspannung<\/strong><\/h3>\n<p>Die <b>Kraft L1<\/b> ist das neueste HESS-Batteriesystem, das von <strong>Pylontech<\/strong>. Die \"lange Lebensdauer\", die h\u00f6chste Energie- und Leistungsdichte in der Branche, das modische Design, die einfache Installation und Erweiterung, all das spiegelt die tats\u00e4chlichen Anforderungen der Endverbraucher und die st\u00e4rksten technischen F\u00e4higkeiten von <strong>Pylontech<\/strong>.<\/p>\n<p><strong>PylontechForceL1<\/strong>14.21 besteht aus einer <strong>Pylontech<\/strong> BMU Batterie-Management-Einheit und 4 Force L1 3.55kWh Batteriemodule. Skalierbarkeit durch sp\u00e4teres Hinzuf\u00fcgen von bis zu 3 zus\u00e4tzlichen Force L1-Modulen parallel zu diesem Stapel, um eine nutzbare Leistung von bis zu 24,86 kWh zu erreichen<\/p>\n<p><strong>Vertikale Branchenintegration gew\u00e4hrleistet mehr als 6.000 Zyklen mit 90% DoD<\/strong><\/p>\n<p><strong>Modulares Design erm\u00f6glicht dem Endkunden die Wahl der Kapazit\u00e4t<\/strong><\/p>\n<p><strong>Kompatibel mit den meisten verf\u00fcgbaren Hybrid-Wechselrichtern<\/strong><\/p>\n<p><strong>Schnellanschluss minimiert Installationszeit und -kosten<\/strong><\/p>\n<p><strong>Sch\u00f6nes Design - f\u00fcr die Installation im Innen- und Au\u00dfenbereich<\/strong><\/p>\n<\/div>\n<\/div>","protected":false},"excerpt":{"rendered":"<p>Pylontech Force L1 14.21 besteht aus einer Pylontech BMU Batteriemanagementeinheit und 4 Force L1 3,55kWh Batteriemodulen. Skalierbarkeit durch sp\u00e4teres Hinzuf\u00fcgen von bis zu 3 zus\u00e4tzlichen Force [...]<\/p>","protected":false},"featured_media":266,"template":"","meta":{"_seopress_robots_primary_cat":"none","_seopress_titles_title":"","_seopress_titles_desc":"","_seopress_robots_index":"","_kad_blocks_custom_css":"","_kad_blocks_head_custom_js":"","_kad_blocks_body_custom_js":"","_kad_blocks_footer_custom_js":""},"product_cat":[17],"product_tag":[],"class_list":{"0":"post-265","1":"product","2":"type-product","3":"status-publish","4":"has-post-thumbnail","6":"product_cat-home-batteries","8":"first","9":"outofstock","10":"sale","11":"taxable","12":"shipping-taxable","13":"purchasable","14":"product-type-simple"},"taxonomy_info":{"product_cat":[{"value":17,"label":"Home batteries"}]},"featured_image_src_large":["https:\/\/ownpowr.com\/wp-content\/uploads\/2022\/11\/SAM7623-0.jpeg",600,661,false],"author_info":[],"comment_info":"","_links":{"self":[{"href":"https:\/\/ownpowr.com\/de\/wp-json\/wp\/v2\/product\/265","targetHints":{"allow":["GET"]}}],"collection":[{"href":"https:\/\/ownpowr.com\/de\/wp-json\/wp\/v2\/product"}],"about":[{"href":"https:\/\/ownpowr.com\/de\/wp-json\/wp\/v2\/types\/product"}],"wp:featuredmedia":[{"embeddable":true,"href":"https:\/\/ownpowr.com\/de\/wp-json\/wp\/v2\/media\/266"}],"wp:attachment":[{"href":"https:\/\/ownpowr.com\/de\/wp-json\/wp\/v2\/media?parent=265"}],"wp:term":[{"taxonomy":"product_cat","embeddable":true,"href":"https:\/\/ownpowr.com\/de\/wp-json\/wp\/v2\/product_cat?post=265"},{"taxonomy":"product_tag","embeddable":true,"href":"https:\/\/ownpowr.com\/de\/wp-json\/wp\/v2\/product_tag?post=265"}],"curies":[{"name":"wp","href":"https:\/\/api.w.org\/{rel}","templated":true}]}}