{"id":276,"date":"2023-10-05T01:24:52","date_gmt":"2023-10-04T23:24:52","guid":{"rendered":"https:\/\/ownpowr.com\/product\/pylontech-force-l1-7-10\/"},"modified":"2025-11-28T11:02:45","modified_gmt":"2025-11-28T09:02:45","slug":"pylontech-force-l1-7-10","status":"publish","type":"product","link":"https:\/\/ownpowr.com\/de\/product\/pylontech-force-l1-7-10\/","title":{"rendered":"Pylontech Kraft L1 7.10"},"content":{"rendered":"<p>Wir stellen Ihnen das Pylontech Force L1 7.1 kWh Niederspannungs-Akkusystem vor:<\/p>\n<p><strong>Wichtige Merkmale:<\/strong><\/p>\n<ul>\n<li><strong>Akku-Konfiguration:<\/strong> 2 x Force L1 3,55 kWh Batteriemodule + 1 x Pylontech BMU Batteriemanagementeinheit<\/li>\n<li><strong>Nutzbare Gesamtkapazit\u00e4t:<\/strong> 7.1 kWh<\/li>\n<li><strong>Skalierbarkeit:<\/strong> Sie k\u00f6nnen bis zu 2 zus\u00e4tzliche Force L1-Module hinzuf\u00fcgen, um die nutzbare Kapazit\u00e4t auf bis zu 24,86 kWh zu erh\u00f6hen.<\/li>\n<li><strong>Vertikale industrielle Integration:<\/strong> Bietet mehr als 6.000 Zyklen mit 90% Entladetiefe (DoD) und sorgt so f\u00fcr eine lang anhaltende Leistung.<\/li>\n<li><strong>Modularer Aufbau:<\/strong> Erm\u00f6glicht es dem Endkunden, die gew\u00fcnschte Kapazit\u00e4t zu w\u00e4hlen und bietet somit Flexibilit\u00e4t.<\/li>\n<li><strong>Kompatibilit\u00e4t:<\/strong> Kompatibel mit den meisten verf\u00fcgbaren Hybrid-Wechselrichtern, was eine nahtlose Integration in bestehende Systeme gew\u00e4hrleistet.<\/li>\n<li><strong>Schnellkupplung:<\/strong> Minimiert die Installationszeit und -kosten und vereinfacht die Einrichtung.<\/li>\n<li><strong>Vielseitiges Design:<\/strong> Sowohl f\u00fcr Innen- als auch f\u00fcr Au\u00dfeninstallationen geeignet und bietet Flexibilit\u00e4t bei der Platzierung.<\/li>\n<\/ul>\n<p><strong>Beschreibung des Produkts:<\/strong><\/p>\n<p>Der Pylontech Force L1 ist ein hochmodernes HESS-Batteriesystem (High Energy Storage System), das f\u00fcr die wachsenden Anforderungen der Nutzer entwickelt wurde. Es verf\u00fcgt \u00fcber mehrere wichtige Merkmale, die es auszeichnen:<\/p>\n<ul>\n<li><strong>Lange Lebensdauer:<\/strong> Der Force L1 ist auf Langlebigkeit ausgelegt, damit er den Anforderungen einer langfristigen Energiespeicherung gerecht wird.<\/li>\n<li><strong>Hohe Energie- und Leistungsdichte:<\/strong> Dieses Batteriesystem verf\u00fcgt \u00fcber die branchenweit h\u00f6chste Energie- und Leistungsdichte und maximiert die Energiespeicherung in einem kompakten Design.<\/li>\n<li><strong>Einfachste Installation:<\/strong> Das System ist so konzipiert, dass es sich leicht installieren und erweitern l\u00e4sst, was den Einrichtungsprozess f\u00fcr den Endbenutzer vereinfacht.<\/li>\n<li><strong>Skalierbarkeit:<\/strong> Sie k\u00f6nnen mit nur 1 Force L1-Modul beginnen und sp\u00e4ter um bis zu 2 weitere Module erweitern, um den sich \u00e4ndernden Energieanforderungen gerecht zu werden.<\/li>\n<li><strong>Herstellergarantie:<\/strong> Das Produkt wird mit einer Herstellergarantie geliefert, die Ihnen Sicherheit und Zuverl\u00e4ssigkeit bietet. Die genauen Einzelheiten der Garantie sollten Sie bei Pylontech erfragen.<\/li>\n<\/ul>\n<p>Der Pylontech Force L1 ist eine ausgezeichnete Wahl f\u00fcr Energiespeicherl\u00f6sungen im privaten und gewerblichen Bereich. Sein vielseitiges Design, seine hohe Leistung und seine Skalierbarkeit machen ihn zu einer wertvollen Erg\u00e4nzung f\u00fcr jedes Energiemanagementsystem. Ob als Notstromversorgung bei Stromausf\u00e4llen oder zur Optimierung des Energieverbrauchs, der Force L1 ist eine zuverl\u00e4ssige und effiziente Energiespeicherl\u00f6sung.<\/p>","protected":false},"excerpt":{"rendered":"<p>Wir stellen das Pylontech Force L1 7,1 kWh Niederspannungsbatteriesystem vor: Hauptmerkmale: Batteriekonfiguration: 2 x Force L1 3,55 kWh Batteriemodule + 1 x Pylontech BMU Batteriemanagement [...]<\/p>","protected":false},"featured_media":277,"template":"","meta":{"_seopress_robots_primary_cat":"none","_seopress_titles_title":"Pylontech Force L1 7.10 - High Energy Density HESS Battery System","_seopress_titles_desc":"Experience exceptional energy density and long-lasting performance with Pylontech Force L1 7.10. Expandable, easy to install, and compatible with hybrid inverters.","_seopress_robots_index":"","_kad_blocks_custom_css":"","_kad_blocks_head_custom_js":"","_kad_blocks_body_custom_js":"","_kad_blocks_footer_custom_js":""},"product_cat":[17],"product_tag":[],"class_list":{"0":"post-276","1":"product","2":"type-product","3":"status-publish","4":"has-post-thumbnail","6":"product_cat-home-batteries","8":"first","9":"instock","10":"sale","11":"taxable","12":"shipping-taxable","13":"purchasable","14":"product-type-simple"},"taxonomy_info":{"product_cat":[{"value":17,"label":"Home batteries"}]},"featured_image_src_large":["https:\/\/ownpowr.com\/wp-content\/uploads\/2022\/11\/SAM7621-0.jpeg",600,661,false],"author_info":[],"comment_info":"","_links":{"self":[{"href":"https:\/\/ownpowr.com\/de\/wp-json\/wp\/v2\/product\/276","targetHints":{"allow":["GET"]}}],"collection":[{"href":"https:\/\/ownpowr.com\/de\/wp-json\/wp\/v2\/product"}],"about":[{"href":"https:\/\/ownpowr.com\/de\/wp-json\/wp\/v2\/types\/product"}],"wp:featuredmedia":[{"embeddable":true,"href":"https:\/\/ownpowr.com\/de\/wp-json\/wp\/v2\/media\/277"}],"wp:attachment":[{"href":"https:\/\/ownpowr.com\/de\/wp-json\/wp\/v2\/media?parent=276"}],"wp:term":[{"taxonomy":"product_cat","embeddable":true,"href":"https:\/\/ownpowr.com\/de\/wp-json\/wp\/v2\/product_cat?post=276"},{"taxonomy":"product_tag","embeddable":true,"href":"https:\/\/ownpowr.com\/de\/wp-json\/wp\/v2\/product_tag?post=276"}],"curies":[{"name":"wp","href":"https:\/\/api.w.org\/{rel}","templated":true}]}}