{"id":286,"date":"2023-10-05T01:24:51","date_gmt":"2023-10-04T23:24:51","guid":{"rendered":"https:\/\/ownpowr.com\/product\/pylontech-force-l1-3-55\/"},"modified":"2025-10-15T13:54:02","modified_gmt":"2025-10-15T11:54:02","slug":"pylontech-force-l1-3-55","status":"publish","type":"product","link":"https:\/\/ownpowr.com\/de\/product\/pylontech-force-l1-3-55\/","title":{"rendered":"Pylontech Kraft L1 3.55"},"content":{"rendered":"<h2><strong>Das Pylontech Force L1 3,55 kWh Lithium-Batteriemodul bildet ein stapelbares Batteriesystem aus 2 bis 7 Modulen mit einem externen BMS.<\/strong><\/h2>\n<p>Pylontech Force L1 3.55 besteht aus einer Pylontech BMU Batteriemanagementeinheit und 1 Force L1 3.55kWh Batteriemodul. M\u00f6glichkeit der Erweiterung durch sp\u00e4tere Hinzuf\u00fcgung von bis zu 6 zus\u00e4tzlichen Force L1-Modulen<\/p>\n<p>&nbsp;<\/p>\n<div class=\"row\">\n<div class=\"col-lg-6\">\n<h3><strong>Pylontech Kraft L1 3.55 <\/strong><strong>- Niederspannung<\/strong><\/h3>\n<p>Der Force L1 ist das neueste HESS-Batteriesystem von Pylontech. Die \"lange Lebensdauer\", die h\u00f6chste Energie- und Leistungsdichte in der Branche, das modische Design, die einfache Installation und Erweiterung, all das spiegelt die tats\u00e4chlichen Anforderungen der Endverbraucher und die st\u00e4rksten technischen F\u00e4higkeiten von Pylontech wider.<\/p>\n<p><strong>PylontechForceL1<\/strong>3.55 besteht aus einer <strong>Pylontech<\/strong> BMU Batterie-Management-Einheit und 1 Force L1 3,55kWh Batteriemodul. Sie k\u00f6nnen sp\u00e4ter bis zu 6 zus\u00e4tzliche Force L1 Module parallel zu diesem Stapel hinzuf\u00fcgen, um eine nutzbare Leistung von bis zu 24,86 kWh zu erreichen.<\/p>\n<p><strong>Vertikale industrielle Integration gew\u00e4hrleistet mehr als 6.000 Zyklen mit 90% DoD<\/strong><\/p>\n<p><strong>Das modulare Design erm\u00f6glicht es dem Endkunden, die Kapazit\u00e4t zu w\u00e4hlen<\/strong><\/p>\n<p><strong>Kompatibel mit den meisten verf\u00fcgbaren Hybrid-Wechselrichtern<\/strong><\/p>\n<p><strong>Schnelles Trennen der Verbindung minimiert die Installationszeit und -kosten<\/strong><\/p>\n<p><strong>Sch\u00f6nes Design - f\u00fcr drinnen und drau\u00dfen<\/strong><\/p>\n<div id=\"ProductInfoTabs\" class=\"ui-tabs ui-widget ui-widget-content ui-corner-all epProductInfoTabs ep-js\" data-js=\"\">\n<div id=\"tab-product-description\" class=\"ui-tabs-panel ui-widget-content ui-corner-bottom\" role=\"tabpanel\" aria-labelledby=\"ui-id-1\" aria-hidden=\"false\">\n<div class=\"description\">\n<p>&nbsp;<\/p>\n<p>Das Pylontech Force L1 Lithium-Batteriemodul wird verwendet, um ein stapelbares Pylontech-Batteriesystem zwischen 2 und 7 Modulen mit einem externen BMS zu haben, so dass es an verschiedene Konfigurationssysteme angepasst werden kann. Mit einer Nennkapazit\u00e4t von 3,55kWh und hergestellt aus kobaltfreiem Lithium-Ferrophosphat.<\/p>\n<p>Diese neueste Version des HESS (Home Energy Storage System) basiert auf dem Konzept des modularen Aufbaus, kombiniert mit einer einfachen Installation, einfachen Anschl\u00fcssen und Kompatibilit\u00e4t mit dem Au\u00dfenbereich.<\/p>\n<p>Es handelt sich um die neueste Version des HESS (Home Energy Storage System), die das Konzept des modularen Aufbaus mit einer einfachen Installation, einfachen Anschl\u00fcssen und der Kompatibilit\u00e4t f\u00fcr den Au\u00dfenbereich kombiniert.<\/p>\n<p>Dieses Speichersystem kann installiert werden, ohne dass Kabel zwischen den Batterien angeschlossen werden m\u00fcssen, und ist stapelbar, was die Installation einfacher und schneller macht. Dies ist die neue Pylontech-L\u00f6sung f\u00fcr den Niederspannungs-Wohnbereich ist die L-Serie, zu der die Force L1 und L2 geh\u00f6ren.<\/p>\n<p>Diese Produkte bestehen aus mehreren stapelbaren Batterien zwischen 2 und 7 mit einem externen BMS, so dass sie sich an verschiedene Konfigurationssysteme anpassen lassen.<\/p>\n<p>Es eignet sich besonders f\u00fcr kleine Orte mit begrenztem Platzangebot, aber auch f\u00fcr Anlagen mit viel Leistung und langer Lebensdauer. Dieses Modul wird zusammen mit einem BMS FC0048M-100 mit einer Nennspannung von 48V und einer Kapazit\u00e4t von 47Ah installiert. Diese Systeme verf\u00fcgen au\u00dferdem \u00fcber einen Lade- und Entladestrom, der insgesamt 60A erreichen kann, und die Schutzart IP55.<\/p>\n<p>Die Einfachheit und Stapelbarkeit des Systems macht es \u00e4u\u00dferst flexibel und erm\u00f6glicht es, es im Laufe der Zeit problemlos zu erweitern. Ein weiterer wichtiger Aspekt ist zweifelsohne die Entladetiefe des 90%. Au\u00dferdem k\u00f6nnen die Ger\u00e4te mit verschiedenen Arten von Wechselrichtern kombiniert werden, sogar mit der integrierten EPS-Funktion.<\/p>\n<p>Zu seinen Hauptmerkmalen geh\u00f6ren das modulare Design, das maximale Flexibilit\u00e4t bietet, die interne LFP-Zelle, die eine l\u00e4ngere Lebensdauer und gr\u00f6\u00dfere Sicherheit erm\u00f6glicht, schnelle Anschl\u00fcsse, um Installationszeit zu sparen, und ein bew\u00e4hrtes BMS mit der gr\u00f6\u00dften Kompatibilit\u00e4t mit Wechselrichtern.<\/p>\n<p>Der Akku hat eine 3-j\u00e4hrige gesetzliche Garantie und eine 10-j\u00e4hrige Herstellergarantie.<\/p>\n<p>&nbsp;<\/p>\n<h3><strong>Technische Daten des Pylontech Force L1 Lithium-Akkumoduls<\/strong><\/h3>\n<p>- Batteriekapazit\u00e4t: 3,55 kWh<br \/>\n- Spannungsbereich: 44.5 -54h<br \/>\n- Nutzleistung: 4600W<br \/>\n- Schutzgrad: IP55<br \/>\n- Kommunikationsanschluss: RS485<br \/>\n- Garantie: 10 Jahre (gem\u00e4\u00df den Anforderungen des Herstellers).<\/p>\n<\/div>\n<\/div>\n<\/div>\n<\/div>\n<\/div>","protected":false},"excerpt":{"rendered":"<p>Das Pylontech Force L1 3.55 kWh Lithium-Batteriemodul bildet ein stapelbares Batteriesystem zwischen 2 und 7 Modulen mit einem externen BMS. Pylontech Force L1 3.55 besteht aus einer Pylontech BMU [...]<\/p>","protected":false},"featured_media":287,"template":"","meta":{"_seopress_robots_primary_cat":"none","_seopress_titles_title":"","_seopress_titles_desc":"","_seopress_robots_index":"","_kad_blocks_custom_css":"","_kad_blocks_head_custom_js":"","_kad_blocks_body_custom_js":"","_kad_blocks_footer_custom_js":""},"product_cat":[17],"product_tag":[],"class_list":{"0":"post-286","1":"product","2":"type-product","3":"status-publish","4":"has-post-thumbnail","6":"product_cat-home-batteries","8":"first","9":"outofstock","10":"sale","11":"taxable","12":"shipping-taxable","13":"purchasable","14":"product-type-simple"},"taxonomy_info":{"product_cat":[{"value":17,"label":"Home batteries"}]},"featured_image_src_large":["https:\/\/ownpowr.com\/wp-content\/uploads\/2022\/11\/Schermafbeelding-2022-10-15-om-12.07.40.png",822,504,false],"author_info":[],"comment_info":"","_links":{"self":[{"href":"https:\/\/ownpowr.com\/de\/wp-json\/wp\/v2\/product\/286","targetHints":{"allow":["GET"]}}],"collection":[{"href":"https:\/\/ownpowr.com\/de\/wp-json\/wp\/v2\/product"}],"about":[{"href":"https:\/\/ownpowr.com\/de\/wp-json\/wp\/v2\/types\/product"}],"wp:featuredmedia":[{"embeddable":true,"href":"https:\/\/ownpowr.com\/de\/wp-json\/wp\/v2\/media\/287"}],"wp:attachment":[{"href":"https:\/\/ownpowr.com\/de\/wp-json\/wp\/v2\/media?parent=286"}],"wp:term":[{"taxonomy":"product_cat","embeddable":true,"href":"https:\/\/ownpowr.com\/de\/wp-json\/wp\/v2\/product_cat?post=286"},{"taxonomy":"product_tag","embeddable":true,"href":"https:\/\/ownpowr.com\/de\/wp-json\/wp\/v2\/product_tag?post=286"}],"curies":[{"name":"wp","href":"https:\/\/api.w.org\/{rel}","templated":true}]}}