{"id":3719,"date":"2023-10-19T17:21:57","date_gmt":"2023-10-19T15:21:57","guid":{"rendered":"https:\/\/ownpowr.com\/?post_type=product&#038;p=3719"},"modified":"2025-08-25T14:40:54","modified_gmt":"2025-08-25T12:40:54","slug":"blauhoff-maxus-100k-258kwh-all-in-one-8000-cycles-10-year-warantee","status":"publish","type":"product","link":"https:\/\/ownpowr.com\/de\/product\/blauhoff-maxus-100k-258kwh-all-in-one-8000-zyklen-10-jahre-garantie\/","title":{"rendered":"Blauhoff Maxus 125K\/258kWh All-In-One Energiespeicherschrank"},"content":{"rendered":"<h3>Blauhoff Maxus 125K\/258kWh All In One Energiespeicherschrank 10 Jahre Garantie 8000 Zyklen<\/h3>\n<p><strong>Alle Blauhoff-Batteriesysteme haben eine 10-j\u00e4hrige Garantie auf die Zellen und eine 5-j\u00e4hrige Garantie auf den Wechselrichter ohne jegliche Zuzahlung!<\/strong><\/p>\n<p><strong>Dies ist bei den meisten anderen Marken nicht der Fall und die Garantie ist auf nur 3-5 Jahre begrenzt!<\/strong><\/p>\n<p><strong>Prismatische Zellen f\u00fcr h\u00f6chste Qualit\u00e4t und l\u00e4ngste Lebensdauer, 8000 Zyklen und 10 Jahre Garantie auf die Zellen ohne zus\u00e4tzliche Kosten und 5 Jahre auf das Ganze.<\/strong><\/p>\n<p>&nbsp;<\/p>\n<p>Die BLH-125K\/258KwH-Maxus Serie, ein kommerzieller und industrieller All-in-One ESS mit Fl\u00fcssigkeitsk\u00fchlung, ist<br \/>\nintegriert mit Energiespeicherkonverter, Batterie, BMS, EMS, W\u00e4rmemanagement,<br \/>\nStromverteilung, Brandschutz, usw. Das All-in-One-Design ist einfach zu installieren und<br \/>\nO&amp;M. Gleichzeitig sorgt das Sicherheitsdesign des Systems f\u00fcr eine bessere Batterieleistung<br \/>\nund l\u00e4ngere Lebensdauer. Mehrere Schr\u00e4nke k\u00f6nnen direkt parallel geschaltet werden, bis zu 30 St\u00fcck, um<br \/>\nden Ausbau von Energiespeichersystemen realisieren.<\/p>\n<h4>Sparsam:<\/h4>\n<p>Hochintegriertes ESS f\u00fcr einfache<br \/>\nTransport und O&amp;M. Die<br \/>\nintegriertes Design erm\u00f6glicht es der Website<br \/>\nschnell eingerichtet und verwendet werden.<\/p>\n<p>Backup-Funktion<\/p>\n<p>Peakshave Funktion<\/p>\n<p>PV-Funktion<\/p>\n<h4>Fl\u00fcssigk\u00fchlung:<\/h4>\n<p>Die Temperaturabweichung von<br \/>\nBatteriezellen in der gesamten<br \/>\nSystem innerhalb von 3\u00b0C liegt, aufgrund von<br \/>\nintelligentes Fl\u00fcssigk\u00fchlsystem.<br \/>\nEs kann die Lebensdauer des Produkts verl\u00e4ngern.<br \/>\nBatteriezellen bis zu 20%.<\/p>\n<h4>Sicher:<\/h4>\n<p>Das System hat vier Ebenen<br \/>\nVerwaltungsstruktur, die<br \/>\nkann genau kurze<br \/>\nStromkreisschutz, \u00dcberstrom<br \/>\nSchutz, \u00dcberspannung<br \/>\nSchutz, Unterspannung<br \/>\nSchutz, \u00dcbertemperatur<br \/>\nSchutz, etc.<\/p>\n<p>VDE4100<\/p>\n<p>IEC62619<\/p>\n<p>IEC61000<\/p>\n<p>UL9540A<\/p>\n<p>EN50549<\/p>\n<h4>Datenblatt :<\/h4>\n<p><a href=\"https:\/\/ownpowr.com\/wp-content\/uploads\/2023\/10\/blauhoff_sd-125-258_energy_storage_cabinet.pdf\">Blauhoff_SD-125-258_Energy_Storage_Cabinet<\/a><\/p>\n<p><iframe title=\"Blauhoff ESS Alles in Einem\" width=\"1140\" height=\"641\" src=\"https:\/\/www.youtube.com\/embed\/4ygzOwu-j7I?feature=oembed\" frameborder=\"0\" allow=\"accelerometer; autoplay; clipboard-write; encrypted-media; gyroscope; picture-in-picture; web-share\" referrerpolicy=\"strict-origin-when-cross-origin\" allowfullscreen><\/iframe><\/p>","protected":false},"excerpt":{"rendered":"<p><a href=\"https:\/\/ownpowr.com\/wp-content\/uploads\/2023\/10\/blauhoff_sd-125-258_energy_storage_cabinet.pdf\">Blauhoff_SD-125-258_Energy_Storage_Cabinet<\/a><\/p>\n<p>Achtung, der Preis ist ohne Mehrwertsteuer und ohne Installation<\/p>","protected":false},"featured_media":3781,"template":"","meta":{"_seopress_robots_primary_cat":"none","_seopress_titles_title":"Blauhoff Maxus 100K\/258kWh All In One Energy Storage System","_seopress_titles_desc":"Get this Energy Storage System for commercial and industrial use with liquid cooling, easy installation, and outstanding safety features","_seopress_robots_index":"","_kad_blocks_custom_css":"","_kad_blocks_head_custom_js":"","_kad_blocks_body_custom_js":"","_kad_blocks_footer_custom_js":""},"product_cat":[17,19],"product_tag":[],"class_list":{"0":"post-3719","1":"product","2":"type-product","3":"status-publish","4":"has-post-thumbnail","6":"product_cat-home-batteries","7":"product_cat-sets-with-inverters","9":"first","10":"instock","11":"sale","12":"taxable","13":"shipping-taxable","14":"purchasable","15":"product-type-simple"},"taxonomy_info":{"product_cat":[{"value":17,"label":"Home batteries"},{"value":19,"label":"Sets with inverters"}]},"featured_image_src_large":["https:\/\/ownpowr.com\/wp-content\/uploads\/2023\/10\/platte-tekst-toevoegen-1-2-1024x1024.png",1024,1024,true],"author_info":[],"comment_info":"","_links":{"self":[{"href":"https:\/\/ownpowr.com\/de\/wp-json\/wp\/v2\/product\/3719","targetHints":{"allow":["GET"]}}],"collection":[{"href":"https:\/\/ownpowr.com\/de\/wp-json\/wp\/v2\/product"}],"about":[{"href":"https:\/\/ownpowr.com\/de\/wp-json\/wp\/v2\/types\/product"}],"wp:featuredmedia":[{"embeddable":true,"href":"https:\/\/ownpowr.com\/de\/wp-json\/wp\/v2\/media\/3781"}],"wp:attachment":[{"href":"https:\/\/ownpowr.com\/de\/wp-json\/wp\/v2\/media?parent=3719"}],"wp:term":[{"taxonomy":"product_cat","embeddable":true,"href":"https:\/\/ownpowr.com\/de\/wp-json\/wp\/v2\/product_cat?post=3719"},{"taxonomy":"product_tag","embeddable":true,"href":"https:\/\/ownpowr.com\/de\/wp-json\/wp\/v2\/product_tag?post=3719"}],"curies":[{"name":"wp","href":"https:\/\/api.w.org\/{rel}","templated":true}]}}