{"id":4033,"date":"2025-01-30T09:44:02","date_gmt":"2025-01-30T07:44:02","guid":{"rendered":"https:\/\/ownpowr.com\/?post_type=product&#038;p=4033"},"modified":"2025-08-25T15:02:32","modified_gmt":"2025-08-25T13:02:32","slug":"blauhoff-maxus-all-in-one-375k-774kwh-energy-storage-cabinet-liquid-cooled","status":"publish","type":"product","link":"https:\/\/ownpowr.com\/de\/product\/blauhoff-maxus-all-in-one-375k-774kwh-energiespeicherschrank-flussigkeitsgekuhlt\/","title":{"rendered":"Blauhoff Maxus All in One 375K\/867kWh Energiespeicherschrank Fl\u00fcssigkeitsgek\u00fchlt"},"content":{"rendered":"<p><strong>Alle Blauhoff-Batteriesysteme haben eine 10-j\u00e4hrige Garantie auf die Zellen und eine 5-j\u00e4hrige Garantie auf den Wechselrichter ohne jegliche Zuzahlung!<\/strong><\/p>\n<p><strong>Dies ist bei den meisten anderen Marken nicht der Fall und die Garantie ist auf nur 3-5 Jahre begrenzt!<\/strong><\/p>\n<p><strong>Prismatische Zellen f\u00fcr h\u00f6chste Qualit\u00e4t und l\u00e4ngste Lebensdauer, 8000 Zyklen und 10 Jahre Garantie auf die Zellen ohne zus\u00e4tzliche Kosten und 5 Jahre auf das Ganze.<\/strong><\/p>\n<p>&nbsp;<\/p>\n<p>Blauhoff Maxus All in One 375K-867kWh = 2 mWh Fl\u00fcssigkeitsgek\u00fchlt 10 Jahre Garantie 8000 Zyklen<\/p>\n<p>Prismatische Zellen f\u00fcr h\u00f6chste Qualit\u00e4t und l\u00e4ngste Lebensdauer und 8000 Zyklen<\/p>\n<p>Vollst\u00e4ndig integriertes ESS f\u00fcr einfachen Transport und Betrieb.<\/p>\n<p>Das integrierte und modulare Design erm\u00f6glicht eine schnelle Einrichtung und Nutzung, 2-3 Stunden Arbeit pro Einheit<\/p>\n<p>Blauhoff BLH-100K-2064kWh-Maxus, ein kommerzielles und industrielles All-in-One ESS mit Fl\u00fcssigkeitsk\u00fchlung, ist integriert mit Energiespeicher, Batterie, BMS, EMS, W\u00e4rmemanagement, Stromverteilung, Brandschutz usw.<\/p>\n<p>In diesem Fall sind es 8 St\u00fcck.<\/p>\n<p>Das All-in-One-Design ist einfach zu installieren und zu betreiben und verf\u00fcgt \u00fcber eine Backup-Funktion und eine PV-Funktion.<\/p>\n<p>Das Sicherheitsdesign des Systems sorgt f\u00fcr eine bessere Batterieleistung und eine l\u00e4ngere Lebensdauer<br \/>\nLebensdauer. Mehrere Schr\u00e4nke k\u00f6nnen direkt parallel geschaltet werden (bis zu 30 St\u00fcck), um die Energie zu speichern.<br \/>\nSystemerweiterung. Es ist super einfach skalierbar und portabel.<\/p>\n<p>Fl\u00fcssigk\u00fchlung :<br \/>\nDie Temperaturdrift von Batteriezellen<br \/>\nim gesamten System liegt innerhalb von \u00b11,5\u00b0C aufgrund von<br \/>\nintelligentes Fl\u00fcssigkeitsk\u00fchlsystem. Es kann<br \/>\nverl\u00e4ngern die Lebensdauer des Systems um bis zu<br \/>\n30%, erh\u00f6hen Sie die langfristige Systemeffizienz<br \/>\nbis zu 88.5%.<\/p>\n<p>Sicher<br \/>\nDas System hat vier Verwaltungsebenen<br \/>\nStruktur, die eine pr\u00e4zise<br \/>\nKurzschlussschutz, \u00dcberstromschutz<br \/>\nSchutz, \u00dcberspannungsschutz,<br \/>\nSchutz vor Unterspannung, \u00dcbertemperatur<br \/>\nSchutz, etc.<\/p>\n<p>VDE4100<\/p>\n<p>IEC62619<\/p>\n<p>IEC61000<\/p>\n<p>UL9540A<\/p>\n<p>EN50549<\/p>\n<h3><span style=\"font-size: 16px\">Datenblatt :<\/span><\/h3>\n<p><a href=\"https:\/\/blauhoff.nl\/wp-content\/uploads\/2023\/10\/Blauhoff_SD-125-258_Energy_Storage_Cabinet.pdf\" target=\"_blank\" rel=\"noopener\">Blauhoff_SD-125-258_Energy_Storage_Cabinet<\/a><\/p>\n<p>ACHTUNG !<\/p>\n<p>Aufgrund der Integration und Komplexit\u00e4t versteht sich dieser Preis ohne Mehrwertsteuer und ohne Montage.<\/p>\n<p>Die Montage wird von Ihrem Installateur vor Ort mit Hilfe unseres technischen Personals durchgef\u00fchrt.<\/p>\n<p><iframe title=\"Blauhoff ESS Alles in Einem\" width=\"1140\" height=\"641\" src=\"https:\/\/www.youtube.com\/embed\/4ygzOwu-j7I?feature=oembed\" frameborder=\"0\" allow=\"accelerometer; autoplay; clipboard-write; encrypted-media; gyroscope; picture-in-picture; web-share\" referrerpolicy=\"strict-origin-when-cross-origin\" allowfullscreen><\/iframe><\/p>","protected":false},"excerpt":{"rendered":"<p>Alle Blauhoff-Batteriesysteme haben eine 10-Jahres-Garantie auf die Zellen und eine 5-Jahres-Garantie auf den Wechselrichter ohne jegliche Zuzahlung! Dies ist nicht der Fall [...]<\/p>","protected":false},"featured_media":4028,"template":"","meta":{"_seopress_robots_primary_cat":"none","_seopress_titles_title":"Blauhoff Maxus All in One 375K\/867kWh Energy Storage Cabinet Liquid cooled","_seopress_titles_desc":"Looking for a game-changer? Check out our groundbreaking product that will transform the way you live. Get ready to experience a whole new level of innovation!","_seopress_robots_index":"","_kad_blocks_custom_css":"","_kad_blocks_head_custom_js":"","_kad_blocks_body_custom_js":"","_kad_blocks_footer_custom_js":""},"product_cat":[17,19],"product_tag":[],"class_list":{"0":"post-4033","1":"product","2":"type-product","3":"status-publish","4":"has-post-thumbnail","6":"product_cat-home-batteries","7":"product_cat-sets-with-inverters","9":"first","10":"instock","11":"taxable","12":"shipping-taxable","13":"purchasable","14":"product-type-simple"},"taxonomy_info":{"product_cat":[{"value":17,"label":"Home batteries"},{"value":19,"label":"Sets with inverters"}]},"featured_image_src_large":["https:\/\/ownpowr.com\/wp-content\/uploads\/2023\/10\/blauhoff-maxus.png",300,300,false],"author_info":[],"comment_info":"","_links":{"self":[{"href":"https:\/\/ownpowr.com\/de\/wp-json\/wp\/v2\/product\/4033","targetHints":{"allow":["GET"]}}],"collection":[{"href":"https:\/\/ownpowr.com\/de\/wp-json\/wp\/v2\/product"}],"about":[{"href":"https:\/\/ownpowr.com\/de\/wp-json\/wp\/v2\/types\/product"}],"wp:featuredmedia":[{"embeddable":true,"href":"https:\/\/ownpowr.com\/de\/wp-json\/wp\/v2\/media\/4028"}],"wp:attachment":[{"href":"https:\/\/ownpowr.com\/de\/wp-json\/wp\/v2\/media?parent=4033"}],"wp:term":[{"taxonomy":"product_cat","embeddable":true,"href":"https:\/\/ownpowr.com\/de\/wp-json\/wp\/v2\/product_cat?post=4033"},{"taxonomy":"product_tag","embeddable":true,"href":"https:\/\/ownpowr.com\/de\/wp-json\/wp\/v2\/product_tag?post=4033"}],"curies":[{"name":"wp","href":"https:\/\/api.w.org\/{rel}","templated":true}]}}