{"id":405,"date":"2023-10-05T01:24:56","date_gmt":"2023-10-04T23:24:56","guid":{"rendered":"https:\/\/ownpowr.com\/product\/pytes-e-box-48100r\/"},"modified":"2024-10-16T15:58:23","modified_gmt":"2024-10-16T13:58:23","slug":"pytes-e-box-48100r","status":"publish","type":"product","link":"https:\/\/ownpowr.com\/de\/product\/pytes-e-box-48100r\/","title":{"rendered":"PYTES E-BOX 48100R"},"content":{"rendered":"<p>Die Pytes Hausbatterie f\u00fcr Ihre Solarmodule ist die neue Generation der LFP Lithium-Batterie f\u00fcr die Energiespeicherung zu Hause.<\/p>\n<p>Diese Heimbatterie ist eine sichere, gut durchdachte und leistungsstarke Standard-LFP-Batterie f\u00fcr Ihr Zuhause oder Ihr Unternehmen.<br \/>\nDie Batterie ist kompakt und modular und eignet sich f\u00fcr Ihre Solarmodule. Sie ist kompakt, einfach zu installieren, wartungsfrei und kann als Baustein eines Energiespeichersystems eingesetzt werden, wenn sie parallel montiert wird. Sie wird h\u00e4ufig in Haushalten zur Energiespeicherung verwendet oder in<br \/>\nkleine kommerzielle und industrielle Energiespeichersysteme, wie z.B. Telekommunikationsstationen.<\/p>\n<p>Maximal parallel montierbar sind 8 * 5.12kwh = 40.96 kwh, und mit einem HUB hinzugef\u00fcgt 56 * 5.12 kwh = 280 KwH<\/p>\n<p>Besondere Eigenschaften der PYTES E-BOX 48100R Home Battery:<\/p>\n<ol>\n<li><strong>Beeindruckende 10-Jahres-Garantie:<\/strong> Auf diese Heimbatterie k\u00f6nnen Sie sich auf lange Sicht verlassen, denn sie wird von einer soliden 10-Jahres-Garantie unterst\u00fctzt.<\/li>\n<li><strong>Intelligentes Energiemanagement:<\/strong> Die PYTES E-BOX 48100R erm\u00f6glicht es Ihnen, Ihren Energiebedarf vollst\u00e4ndig selbst zu verwalten. Sie speichert effizient \u00fcbersch\u00fcssige Energie, die von Ihren Solarmodulen erzeugt wird, indem sie den Prozess genau misst, \u00fcberwacht und verwaltet. Dank intelligenter Algorithmen, die die Lebensdauer des Systems optimieren, ist der Strom immer dann verf\u00fcgbar, wenn Sie ihn am meisten brauchen.<\/li>\n<li><strong>Backup und Notstromversorgung:<\/strong> Seien Sie beruhigt, denn diese Hausbatterie bietet eine zuverl\u00e4ssige Backup- und Notstromversorgung, wenn das Stromnetz ausf\u00e4llt oder mehr als 6000 Zyklen durchl\u00e4uft, was sowohl Langlebigkeit als auch Sicherheit gew\u00e4hrleistet.<\/li>\n<li><strong>Breite Kompatibilit\u00e4t:<\/strong> Die PYTES E-BOX 48100R Heimbatterie wurde im Hinblick auf eine breite Kompatibilit\u00e4t entwickelt und l\u00e4sst sich nahtlos in verschiedene Systeme integrieren.<\/li>\n<li><strong>Einsparungen bei der Energierechnung:<\/strong> In Schwachlastzeiten l\u00e4dt sich die Hausbatterie mithilfe eines Wechselrichters intelligent auf und entl\u00e4dt sich in Spitzenzeiten. Diese Strategie f\u00fchrt im Laufe der Zeit zu einer deutlichen Senkung Ihrer Stromrechnung.<\/li>\n<\/ol>\n<p>Technische Daten:<\/p>\n<ul>\n<li><strong>Modell:<\/strong> 48100R<\/li>\n<li><strong>Chemie der Batterie:<\/strong> Lithium-Eisen-Phosphat (LFP)<\/li>\n<li><strong>Nennspannung:<\/strong> 51.2V<\/li>\n<li><strong>Spannungsbereich:<\/strong> 47,5V-57,6V<\/li>\n<li><strong>Nennkapazit\u00e4t:<\/strong> 100Ah<\/li>\n<li><strong>Nennleistung:<\/strong> 5.12kWh<\/li>\n<li><strong>Abmessungen der Einheit:<\/strong> L440mm x B620mm x H117mm (2.6U)<\/li>\n<li><strong>Gewicht der Einheit:<\/strong> 51kg<\/li>\n<li><strong>Standard-Ladestrom:<\/strong> 50A<\/li>\n<li><strong>Maximaler Ladestrom:<\/strong> 50A<\/li>\n<li><strong>Standard-Entladestrom:<\/strong> 50A<\/li>\n<li><strong>Maximale Entladungsrate:<\/strong> 50A<\/li>\n<li><strong>Effizienz der Hin- und R\u00fcckfahrt:<\/strong> \u226595%<\/li>\n<li><strong>Kommunikationsprotokolle:<\/strong> RS232, RS485, KANN<\/li>\n<li><strong>Zyklus Lebensdauer:<\/strong> \u22656000 Zyklen<\/li>\n<li><strong>Kalender Leben:<\/strong> \u226510 Jahre<\/li>\n<li><strong>Betriebstemperatur:<\/strong> -10\u00b0C bis 50\u00b0C<\/li>\n<li><strong>Anschlussart:<\/strong> Parallel<\/li>\n<li><strong>Lagertemperatur:<\/strong> Innerhalb von 1 Monat: -20\u00b0C bis 55\u00b0C, 1-3 Monate: 0\u00b0C bis 35\u00b0C, 3-12 Monate: 20\u00b0C bis 25\u00b0C<\/li>\n<li><strong>Bedienfeld:<\/strong> Zu den einfachen Installationsoptionen geh\u00f6ren die individuelle Wandmontage mit den mitgelieferten Halterungen oder die stilvolle Kombination mit der schicken Homebox.<\/li>\n<\/ul>","protected":false},"excerpt":{"rendered":"<p>Die Pytes Hausbatterie f\u00fcr Ihre Solarmodule ist die neue Generation der LFP Lithium-Batterie f\u00fcr die Energiespeicherung zu Hause. Diese Hausbatterie ist eine sichere, gut durchdachte und leistungsstarke Standardbatterie [...]<\/p>","protected":false},"featured_media":406,"template":"","meta":{"_seopress_robots_primary_cat":"none","_seopress_titles_title":"The Pytes Home Battery: A Safe, Powerful LFP Lithium Battery for Solar Panels","_seopress_titles_desc":"Experience complete energy self-management with this compact, easy-to-install home battery. Store excess energy, reduce bills, and enjoy a 10-year warranty!","_seopress_robots_index":"","_kad_blocks_custom_css":"","_kad_blocks_head_custom_js":"","_kad_blocks_body_custom_js":"","_kad_blocks_footer_custom_js":""},"product_cat":[17],"product_tag":[],"class_list":{"0":"post-405","1":"product","2":"type-product","3":"status-publish","4":"has-post-thumbnail","6":"product_cat-home-batteries","8":"first","9":"instock","10":"sale","11":"taxable","12":"shipping-taxable","13":"purchasable","14":"product-type-simple"},"taxonomy_info":{"product_cat":[{"value":17,"label":"Home batteries"}]},"featured_image_src_large":["https:\/\/ownpowr.com\/wp-content\/uploads\/2022\/11\/48100R\u8be6\u60c5-920x640_08-420x420-1.jpeg",420,420,false],"author_info":[],"comment_info":"","_links":{"self":[{"href":"https:\/\/ownpowr.com\/de\/wp-json\/wp\/v2\/product\/405","targetHints":{"allow":["GET"]}}],"collection":[{"href":"https:\/\/ownpowr.com\/de\/wp-json\/wp\/v2\/product"}],"about":[{"href":"https:\/\/ownpowr.com\/de\/wp-json\/wp\/v2\/types\/product"}],"wp:featuredmedia":[{"embeddable":true,"href":"https:\/\/ownpowr.com\/de\/wp-json\/wp\/v2\/media\/406"}],"wp:attachment":[{"href":"https:\/\/ownpowr.com\/de\/wp-json\/wp\/v2\/media?parent=405"}],"wp:term":[{"taxonomy":"product_cat","embeddable":true,"href":"https:\/\/ownpowr.com\/de\/wp-json\/wp\/v2\/product_cat?post=405"},{"taxonomy":"product_tag","embeddable":true,"href":"https:\/\/ownpowr.com\/de\/wp-json\/wp\/v2\/product_tag?post=405"}],"curies":[{"name":"wp","href":"https:\/\/api.w.org\/{rel}","templated":true}]}}