{"id":4066,"date":"2023-10-27T15:05:46","date_gmt":"2023-10-27T13:05:46","guid":{"rendered":"https:\/\/ownpowr.com\/?post_type=product&#038;p=4066"},"modified":"2025-02-27T12:52:29","modified_gmt":"2025-02-27T10:52:29","slug":"deye-micro-inverter-sun600","status":"publish","type":"product","link":"https:\/\/ownpowr.com\/de\/product\/deye-micro-inverter-sun600-nur-per-box-4-stuck\/","title":{"rendered":"Deye Mikro-Wechselrichter-SUN600"},"content":{"rendered":"<div class=\"left column\">\n<h1>DEYE SUN600\/800\/1000G3-US-220\/EU-230 |600-1000W| Einphasig | 2 MPPT | Mikro-Wechselrichter | Schnellabschaltung<\/h1>\n<p>H\u00f6here Renditen \/ Sicher \/ Intelligent \/ Benutzerfreundlich<\/p>\n<div class=\"text\">\n<p>Der SUN 600\/800\/1000G3 ist ein netzgekoppelter Mikro-Wechselrichter der neuen Generation mit intelligenten Vernetzungs- und \u00dcberwachungssystemen, die maximale Effizienz gew\u00e4hrleisten. Der SUN 600\/800\/1000G3 wurde optimiert, um die heutigen Hochleistungs-PV-Module mit einer Leistung von bis zu 500W und Dual MPPT effektiv zu unterst\u00fctzen. Au\u00dferdem unterst\u00fctzt er die Anwendung der Schnellabschaltung und gew\u00e4hrleistet so die Sicherheit Ihrer Investition.<\/p>\n<\/div>\n<\/div>\n<div class=\"prodet-2\">\n<div class=\"ui container\">\n<div class=\"box grid-box\">\n<div class=\"right column\">\n<h2 class=\"titleBig\">Ferngesteuerte Abschaltfunktion<\/h2>\n<h4>Intelligente \u00dcberwachungsplattform<\/h4>\n<p>Dank der intelligenten \u00dcberwachungsplattform unterst\u00fctzen die Wechselrichter der Deye-Serie die sofortige Abschaltung aus der Ferne, wenn ein Unfall auftritt, die Einstellung der Parameter und die Aktualisierung der FW aus der Ferne, was die Wartung und Instandhaltung der PV-Anlage erleichtert.<\/p>\n<\/div>\n<\/div>\n<\/div>\n<\/div>\n<div class=\"prodet-3\">\n<div class=\"ui container\">\n<div class=\"box grid-box\">\n<div class=\"left column\">\n<div class=\"slick-list draggable\">\n<div class=\"slick-track\">\n<div class=\"slick-slide slick-cloned\" data-slick-index=\"-2\" aria-hidden=\"true\">\n<ul>\n<li>\u00dcberwachung auf Modulebene, sicherer und intelligenter<\/li>\n<li>Max. DC-Eingangsstrom 13A, geeignet f\u00fcr 500W PV-Module<\/li>\n<li>Schnellabschaltfunktion<\/li>\n<li>Schutzart IP67, 10 Jahre Garantie<\/li>\n<li>PLC, Zigbee oder WIFI Kommunikation<\/li>\n<li>2 MPP-Tracker, \u00dcberwachung auf Modulebene<\/li>\n<\/ul>\n<\/div>\n<div class=\"slick-slide slick-cloned\" data-slick-index=\"-1\" aria-hidden=\"true\">\n<div id=\"av_articleherstbezeichnung\">\n<h1 class=\"av_fontnormal\">DEYE SUN600<\/h1>\n<\/div>\n<div id=\"av_articletext\" class=\"clearfix\"><span class=\"artbesch\">Kleiner Wechselrichter mit hoher Leistung<br \/>\nIntelligenter Mikro-Wechselrichter f\u00fcr die Einspeisung in Ihr Hausnetz. Dieser Wechselrichter ist einfach einzurichten und zu konfigurieren. Es k\u00f6nnen Solarmodule fast aller Hersteller montiert werden. Ideal f\u00fcr kleine Solaranlagen, z.B. auf Balkonen, Gartenh\u00e4usern, Garagen oder in Bereichen mit Beschattung.<\/span><b>Lieferung derzeit ohne Betteri-Kupplung und Kappe! Bitte direkt bestellen<\/b><\/p>\n<ul type=\"disc\">\n<li>Interfaces: WiFi<\/li>\n<li>kompaktes Design<\/li>\n<li>Montage im Freien, direkt am Solarmodul<\/li>\n<li>K\u00fchlung durch Konvektion<\/li>\n<li>Maximum Power Point Tracking (MPPT)<\/li>\n<li>Schnellstartfunktion bis zu 12 Sekunden<\/li>\n<li>sicher durch Schnellabschaltfunktion<\/li>\n<li>Erdschluss\u00fcberwachung<\/li>\n<li>Netz\u00fcberwachung<\/li>\n<li>Differenzstrom-\u00dcberwachung<\/li>\n<li>Schutzklasse IP 67<\/li>\n<\/ul>\n<p>&nbsp;<\/p>\n<p><b>Intelligente \u00dcberwachung:<\/b><br \/>\nVerfolgen Sie Ihre Erfolge zu jeder Zeit! Die integrierte WLAN-Schnittstelle erm\u00f6glicht es Ihnen, diesen Wechselrichter in Ihr Netzwerk zu integrieren.<br \/>\nDer Zugriff \u00fcber die SOLARMAN-App ist mit Ihrem Smartphone oder Tablet m\u00f6glich. Au\u00dferdem ist ein browserbasierter Zugriff mit Ihrem Endger\u00e4t m\u00f6glich.<\/p>\n<p><b>MPPT-Tracking:<\/b><br \/>\nMaximale Ertr\u00e4ge bei jeder Wetterlage. Ob schlechtes Wetter oder Halbschatten, die moderne Technik und die neueste String-Technologie des Wechselrichters sorgen f\u00fcr optimale Ertr\u00e4ge.<\/p>\n<p><b>Leicht erweiterbar:<\/b><br \/>\nEin System mit diesem Mikro-Wechselrichter kann jederzeit mit zus\u00e4tzlichen Mikro-Wechselrichtern erweitert werden. Der zus\u00e4tzliche Wechselrichter wird einfach mit dem Betteri-Stecker an den vorhandenen Mikro-Wechselrichter angeschlossen.<\/p>\n<p><b>Zertifiziert nach VDE:<\/b><br \/>\nDer Mikro-Wechselrichter ist nach VDE-AR-N-4105:2018 zertifiziert und darf in Deutschlandl betrieben werden. Er verf\u00fcgt \u00fcber einen NA-Schutz und schaltet sich sofort ab, wenn er vom Netz getrennt wird.<\/p>\n<p><b>WLAN:<\/b><br \/>\nEin WLAN-Modul ist in den Mikro-Wechselrichter integriert. Das bedeutet, dass keine zus\u00e4tzliche Hardware erforderlich ist, um eine Verbindung herzustellen. Mit der SOLARMAN App k\u00f6nnen Sie Ihre Ertr\u00e4ge live verfolgen und sie grafisch darstellen und analysieren. Das WLAN-Passwort f\u00fcr den Deye Wechselrichter lautet \"12345678\" und muss einmalig bei der Integration in die Solarman App eingegeben werden. F\u00fcr die Energiemessung sind keine weiteren Ger\u00e4te erforderlich!<\/p>\n<p><b>Montage:<\/b><br \/>\nDer Wechselrichter hat die Schutzklasse IP 67 und ist extrem robust und langlebig. Der Wechselrichter wird einfach mit Ihrem Solarmodul im Freien montiert.<\/p>\n<p><b>AC-Anschluss:<\/b><br \/>\nF\u00fcr den Anschluss an das Hausnetz ist auf der Ger\u00e4teseite ein Betteri-Stecker zur freien Montage enthalten.<\/p>\n<p><b>DC-Eingang - Solarseite:<\/b><br \/>\nEingangsleistung: 210 Watt - 400 Watt<br \/>\nMax. Eingangsspannung: 60 V DC<br \/>\nMax. Eingangsstrom: 16 A<br \/>\nMPP-Steuerung: Ja<br \/>\nDC-Anschl\u00fcsse: Ja<br \/>\nVerbindung: MC4<\/p>\n<p><b>AC-Ausgang - Netzausgang:<\/b><br \/>\nNennleistung: 600 Watt (230 V\/50 Hz)<br \/>\nNennausgangsspannung: 230 V<br \/>\nAusgangsstrom: max. 2.9 A<br \/>\nVerbindung: Betteri<\/p>\n<p><b>Ger\u00e4t:<\/b><br \/>\nAbmessungen (HxBxT): 229 x 212 x 40 mm<br \/>\nGewicht: 3,5 kg<br \/>\nNachtverbrauch: &lt; 50 mW<\/p>\n<p><b>Umfang der Lieferung:<\/b><br \/>\n1x SUN600<br \/>\n1x WLAN-Antenne<br \/>\n1x Handbuch (Englisch)<\/p>\n<p><b>Wichtig:<\/b><br \/>\nF\u00fcr die Konfiguration, Anpassung von Stromleitungen \/ Hausanschlussleitungen empfehlen wir Ihnen, immer qualifiziertes Personal hinzuzuziehen. Die Firma reichelt elektronik GmbH &amp; Co. KG \u00fcbernimmt keine Haftung. Bitte informieren Sie sich vor dem Kauf und Anschluss.<\/p>\n<div id=\"clipvideo\"><strong>Weitere Informationen:<\/strong><\/div>\n<div><a href=\"https:\/\/storeyourownpower.com\/wp-content\/uploads\/2022\/12\/Datasheet-English-microinverter.pdf\" target=\"_blank\" rel=\"noopener\">Datenblatt Englisch Mikro-Wechselrichter<\/a><\/div>\n<div><a href=\"https:\/\/storeyourownpower.com\/wp-content\/uploads\/2022\/12\/User-Manual-Deye-microinverter.pdf\" target=\"_blank\" rel=\"noopener\">Benutzerhandbuch Deye Mikro-Wechselrichter<\/a><\/div>\n<\/div>\n<\/div>\n<\/div>\n<\/div>\n<\/div>\n<\/div>\n<\/div>\n<\/div>","protected":false},"excerpt":{"rendered":"<p>DEYE SUN600\/800\/1000G3-US-220\/EU-230 |600-1000W| Einphasig | 2 MPPT | Mikro-Wechselrichter | Schnellabschaltung H\u00f6here Ertr\u00e4ge \/ Sicher \/ Intelligent \/ Benutzerfreundlich Der SUN 600\/800\/1000G3 ist ein netzgekoppelter Mikro-Wechselrichter der neuen Generation mit [...]<\/p>","protected":false},"featured_media":4069,"template":"","meta":{"_seopress_robots_primary_cat":"none","_seopress_titles_title":"DEYE SUN600\/800\/1000G3-US-220\/EU-230 |600-1000W| Single Phase | 2 MPPT | Micro-Inverter | Rapid Shutdown","_seopress_titles_desc":"Get the DEYE SUN600\/800\/1000G3 microinverter for maximum efficiency and safe solar energy production. Supports rapid shutdown and smart monitoring.","_seopress_robots_index":"","_kad_blocks_custom_css":"","_kad_blocks_head_custom_js":"","_kad_blocks_body_custom_js":"","_kad_blocks_footer_custom_js":""},"product_cat":[18],"product_tag":[],"class_list":{"0":"post-4066","1":"product","2":"type-product","3":"status-publish","4":"has-post-thumbnail","6":"product_cat-hybrid-inverters","8":"first","9":"instock","10":"sale","11":"taxable","12":"shipping-taxable","13":"purchasable","14":"product-type-simple"},"taxonomy_info":{"product_cat":[{"value":18,"label":"Hybrid inverters"}]},"featured_image_src_large":["https:\/\/ownpowr.com\/wp-content\/uploads\/2023\/10\/deye-microinveretr.webp",420,420,false],"author_info":[],"comment_info":"","_links":{"self":[{"href":"https:\/\/ownpowr.com\/de\/wp-json\/wp\/v2\/product\/4066","targetHints":{"allow":["GET"]}}],"collection":[{"href":"https:\/\/ownpowr.com\/de\/wp-json\/wp\/v2\/product"}],"about":[{"href":"https:\/\/ownpowr.com\/de\/wp-json\/wp\/v2\/types\/product"}],"wp:featuredmedia":[{"embeddable":true,"href":"https:\/\/ownpowr.com\/de\/wp-json\/wp\/v2\/media\/4069"}],"wp:attachment":[{"href":"https:\/\/ownpowr.com\/de\/wp-json\/wp\/v2\/media?parent=4066"}],"wp:term":[{"taxonomy":"product_cat","embeddable":true,"href":"https:\/\/ownpowr.com\/de\/wp-json\/wp\/v2\/product_cat?post=4066"},{"taxonomy":"product_tag","embeddable":true,"href":"https:\/\/ownpowr.com\/de\/wp-json\/wp\/v2\/product_tag?post=4066"}],"curies":[{"name":"wp","href":"https:\/\/api.w.org\/{rel}","templated":true}]}}