{"id":418,"date":"2023-10-04T16:42:57","date_gmt":"2023-10-04T14:42:57","guid":{"rendered":"https:\/\/ownpowr.com\/product\/pylontech-force-h1-21-31\/"},"modified":"2025-06-03T11:10:17","modified_gmt":"2025-06-03T09:10:17","slug":"pylontech-force-h1-21-31","status":"publish","type":"product","link":"https:\/\/ownpowr.com\/de\/product\/pylontech-force-h1-21-31\/","title":{"rendered":"Pylontech Force H1 21.31 V2"},"content":{"rendered":"<p>Wir stellen Ihnen das Pylontech Force H1 21,31 kWh Hochspannungs-Akkumodul vor:<\/p>\n<p><strong>Wichtige Merkmale:<\/strong><\/p>\n<ul>\n<li><strong>Akku-Konfiguration:<\/strong> 6 x Force H1 3,55 kWh Module + 1 x BMU Force H1 Basis<\/li>\n<li><strong>Nutzbare Gesamtkapazit\u00e4t:<\/strong> 21.31 kWh<\/li>\n<li><strong>Vertikale industrielle Integration:<\/strong> Bietet mehr als 6000 Zyklen mit 90% Entladetiefe (DoD) und sorgt so f\u00fcr lang anhaltende Leistung.<\/li>\n<li><strong>Modularer Aufbau:<\/strong> Erm\u00f6glicht Endkunden die Wahl der gew\u00fcnschten Kapazit\u00e4t, so dass sie flexibel skalierbar ist.<\/li>\n<li><strong>Kompatibilit\u00e4t:<\/strong> Kompatibel mit den meisten verf\u00fcgbaren Hybrid-Wechselrichtern, was eine nahtlose Integration in bestehende Systeme gew\u00e4hrleistet.<\/li>\n<li><strong>Shortcut Installation:<\/strong> Minimiert den Zeit- und Kostenaufwand f\u00fcr die Installation und vereinfacht den Einrichtungsprozess.<\/li>\n<li><strong>Vielseitiges Design:<\/strong> Sowohl f\u00fcr Innen- als auch f\u00fcr Au\u00dfeninstallationen geeignet und bietet Flexibilit\u00e4t bei der Platzierung.<\/li>\n<\/ul>\n<p><strong>Beschreibung des Produkts:<\/strong><\/p>\n<p>Das Pylontech Force H1 ist das neueste HESS-Akkumodul (High Energy Storage System), das f\u00fcr die wachsenden Anforderungen der Endverbraucher entwickelt wurde. Es verf\u00fcgt \u00fcber mehrere wichtige Merkmale, die es auszeichnen:<\/p>\n<ul>\n<li><strong>Lange Lebensdauer:<\/strong> Der \"Long Life\"-Charakter gew\u00e4hrleistet die Langlebigkeit des Systems und macht es zu einer zuverl\u00e4ssigen Wahl f\u00fcr die langfristige Speicherung von Energie.<\/li>\n<li><strong>Hohe Energie- und Leistungsdichte:<\/strong> Der Force H1 verf\u00fcgt \u00fcber die h\u00f6chste Energie- und Leistungsdichte in der Branche und maximiert die Energiespeicherkapazit\u00e4t in einem kompakten Design.<\/li>\n<li><strong>Einfachste Installation:<\/strong> Das System ist so konzipiert, dass es sich leicht installieren und erweitern l\u00e4sst, was den Einrichtungsprozess f\u00fcr den Endbenutzer vereinfacht.<\/li>\n<li><strong>Skalierbarkeit:<\/strong> Sie k\u00f6nnen mit nur 2 Force H1-Batteriemodulen beginnen und sp\u00e4ter weitere Module hinzuf\u00fcgen, um den sich \u00e4ndernden Energieanforderungen gerecht zu werden.<\/li>\n<li><strong>Herstellergarantie:<\/strong> Das Produkt wird mit einer 10-j\u00e4hrigen Herstellergarantie geliefert, die Ihnen Sicherheit und Zuverl\u00e4ssigkeit garantiert. F\u00fcr die Aktivierung der Garantie ist eine Registrierung erforderlich. Einzelheiten finden Sie auf der Website des Herstellers.<\/li>\n<\/ul>\n<p>Der Pylontech Force H1 ist die ideale Wahl f\u00fcr private und gewerbliche Energiespeicherl\u00f6sungen. Sein vielseitiges Design, seine hohe Leistung und seine Skalierbarkeit machen ihn zu einer wertvollen Erg\u00e4nzung f\u00fcr jedes Energiemanagementsystem. Ob als Notstromversorgung bei Stromausf\u00e4llen oder zur Optimierung des Energieverbrauchs, der Force H1 ist eine zuverl\u00e4ssige und effiziente Energiespeicherl\u00f6sung.<\/p>\n<p><a href=\"https:\/\/storeyourownpower.com\/wp-content\/uploads\/2022\/10\/Datasheet-English-2.pdf\" target=\"_blank\" rel=\"noopener\">Datenblatt Englisch<\/a><br \/>\n<a href=\"https:\/\/storeyourownpower.com\/wp-content\/uploads\/2022\/10\/Compatibility-list-English.pdf\" target=\"_blank\" rel=\"noopener\">Kompatibilit\u00e4tsliste Englisch<\/a><br \/>\n<a href=\"https:\/\/storeyourownpower.com\/wp-content\/uploads\/2022\/10\/Operation-manual-English.pdf\" target=\"_blank\" rel=\"noopener\">Betriebsanleitung Englisch<\/a><br \/>\n<a href=\"https:\/\/storeyourownpower.com\/wp-content\/uploads\/2022\/10\/Consumer-Warranty.pdf\" target=\"_blank\" rel=\"noopener\">Verbrauchergarantie<\/a><\/p>","protected":false},"excerpt":{"rendered":"<p>Wir stellen das Pylontech Force H1 21,31 kWh Hochspannungs-Batteriemodul vor: Hauptmerkmale: Batterie-Konfiguration: 6 x Force H1 3,55 kWh Module + 1 x BMU Force H1 Basis Gesamt [...]<\/p>","protected":false},"featured_media":419,"template":"","meta":{"_seopress_robots_primary_cat":"none","_seopress_titles_title":"Pylontech Force H1 21.31kWh Battery Module - High Voltage","_seopress_titles_desc":"The latest HESS battery system with long life, highest energy density, easy installation, and compatibility with most hybrid inverters.","_seopress_robots_index":"","_kad_blocks_custom_css":"","_kad_blocks_head_custom_js":"","_kad_blocks_body_custom_js":"","_kad_blocks_footer_custom_js":""},"product_cat":[17],"product_tag":[],"class_list":{"0":"post-418","1":"product","2":"type-product","3":"status-publish","4":"has-post-thumbnail","6":"product_cat-home-batteries","8":"first","9":"instock","10":"sale","11":"taxable","12":"shipping-taxable","13":"purchasable","14":"product-type-simple"},"taxonomy_info":{"product_cat":[{"value":17,"label":"Home batteries"}]},"featured_image_src_large":["https:\/\/ownpowr.com\/wp-content\/uploads\/2022\/11\/Pylontech-Force-H1-10501-img-1.jpg",553,371,false],"author_info":[],"comment_info":"","_links":{"self":[{"href":"https:\/\/ownpowr.com\/de\/wp-json\/wp\/v2\/product\/418","targetHints":{"allow":["GET"]}}],"collection":[{"href":"https:\/\/ownpowr.com\/de\/wp-json\/wp\/v2\/product"}],"about":[{"href":"https:\/\/ownpowr.com\/de\/wp-json\/wp\/v2\/types\/product"}],"wp:featuredmedia":[{"embeddable":true,"href":"https:\/\/ownpowr.com\/de\/wp-json\/wp\/v2\/media\/419"}],"wp:attachment":[{"href":"https:\/\/ownpowr.com\/de\/wp-json\/wp\/v2\/media?parent=418"}],"wp:term":[{"taxonomy":"product_cat","embeddable":true,"href":"https:\/\/ownpowr.com\/de\/wp-json\/wp\/v2\/product_cat?post=418"},{"taxonomy":"product_tag","embeddable":true,"href":"https:\/\/ownpowr.com\/de\/wp-json\/wp\/v2\/product_tag?post=418"}],"curies":[{"name":"wp","href":"https:\/\/api.w.org\/{rel}","templated":true}]}}