{"id":429,"date":"2023-10-04T16:42:58","date_gmt":"2023-10-04T14:42:58","guid":{"rendered":"https:\/\/ownpowr.com\/product\/pylontech-force-h1-3-55kwh-battery\/"},"modified":"2025-03-27T12:51:37","modified_gmt":"2025-03-27T10:51:37","slug":"pylontech-force-h1-3-55kwh-battery","status":"publish","type":"product","link":"https:\/\/ownpowr.com\/de\/product\/pylontech-force-h1-3-55kwh-batterie\/","title":{"rendered":"Pylontech force H1 3.55kWh Akku V2"},"content":{"rendered":"<h3>Pylontech Force H1 3.55kWh Batteriemodul - Hochspannung<\/h3>\n<p>Der Force H1 ist das neueste HESS-Batteriesystem von Pylontech. Die \"lange Lebensdauer\", die h\u00f6chste Energie- und Leistungsdichte in der Branche, das modische Design, die einfache Installation und Erweiterung, all das spiegelt die tats\u00e4chlichen Anforderungen der Endverbraucher und die st\u00e4rksten technischen F\u00e4higkeiten von Pylontech wider.<\/p>\n<p>Pylontech Force H1 3,55-kWh-Batteriemodul f\u00fcr den Aufbau eines Force H1-Stapels aus 2 bis 7 Force H1-Batteriemodulen in Reihe, um eine nutzbare Kapazit\u00e4t von 7,1 bis 24,86 kWh zu erreichen. M\u00f6glichkeit zur sp\u00e4teren Erweiterung durch Hinzuf\u00fcgen von Force H1-Modulen<\/p>\n<p>\u2714 Vertikale industrielle Integration bietet \u00fcber 6000 Zyklen mit 90% DoD<\/p>\n<p>\u2714 Modulares Design erm\u00f6glicht dem Endkunden die Wahl der Kapazit\u00e4t<\/p>\n<p>\u2714 Kompatibel mit den meisten verf\u00fcgbaren Hybrid-Wechselrichtern<\/p>\n<p>\u2714 Schnelles Trennen der Verbindung minimiert Installationszeit und -kosten<\/p>\n<p>\u2714 Sch\u00f6nes Design - f\u00fcr Innen- und Au\u00dfenaufstellung geeignet<\/p>\n<p>*10 Jahre Herstellergarantie nach erfolgreicher Registrierung bei <a href=\"http:\/\/en.pylontech.com.cn\/service\/support\">http:\/\/en.pylontech.com.cn\/service\/support<\/a> und gem\u00e4\u00df den Bedingungen, die in dem mit diesem Artikel verlinkten Dokument \"Eingeschr\u00e4nkte Garantie\" angegeben sind.<\/p>\n<p><a href=\"https:\/\/storeyourownpower.com\/wp-content\/uploads\/2022\/10\/Datasheet-English-2.pdf\" target=\"_blank\" rel=\"noopener\">Datenblatt Englisch<\/a><br \/>\n<a href=\"https:\/\/storeyourownpower.com\/wp-content\/uploads\/2022\/10\/Compatibility-list-English.pdf\" target=\"_blank\" rel=\"noopener\">Kompatibilit\u00e4tsliste Englisch<\/a><br \/>\n<a href=\"https:\/\/storeyourownpower.com\/wp-content\/uploads\/2022\/10\/Operation-manual-English.pdf\" target=\"_blank\" rel=\"noopener\">Betriebsanleitung Englisch<\/a><br \/>\n<a href=\"https:\/\/storeyourownpower.com\/wp-content\/uploads\/2022\/10\/Consumer-Warranty.pdf\" target=\"_blank\" rel=\"noopener\">Verbrauchergarantie<\/a><\/p>","protected":false},"excerpt":{"rendered":"<p>Pylontech Force H1 3.55kWh Batteriemodul - Hochspannung Das Force H1 ist das neueste HESS Batteriesystem von Pylontech. Der \"Long Life\"-Charakter, die h\u00f6chste Energie und Leistung [...]<\/p>","protected":false},"featured_media":430,"template":"","meta":{"_seopress_robots_primary_cat":"none","_seopress_titles_title":"Pylontech Force H1 3.55kWh Battery Module - High Voltage","_seopress_titles_desc":"The latest HESS battery system with industry-leading features. Easily expandable, high energy density, and compatible with most hybrid inverters. 10-year warranty.","_seopress_robots_index":"","_kad_blocks_custom_css":"","_kad_blocks_head_custom_js":"","_kad_blocks_body_custom_js":"","_kad_blocks_footer_custom_js":""},"product_cat":[17],"product_tag":[],"class_list":{"0":"post-429","1":"product","2":"type-product","3":"status-publish","4":"has-post-thumbnail","6":"product_cat-home-batteries","8":"first","9":"instock","10":"sale","11":"taxable","12":"shipping-taxable","13":"purchasable","14":"product-type-simple"},"taxonomy_info":{"product_cat":[{"value":17,"label":"Home batteries"}]},"featured_image_src_large":["https:\/\/ownpowr.com\/wp-content\/uploads\/2022\/11\/Pylontech-Force-H1-3.55kWh-Battery-Module-10484-img.png",553,347,false],"author_info":[],"comment_info":"","_links":{"self":[{"href":"https:\/\/ownpowr.com\/de\/wp-json\/wp\/v2\/product\/429","targetHints":{"allow":["GET"]}}],"collection":[{"href":"https:\/\/ownpowr.com\/de\/wp-json\/wp\/v2\/product"}],"about":[{"href":"https:\/\/ownpowr.com\/de\/wp-json\/wp\/v2\/types\/product"}],"wp:featuredmedia":[{"embeddable":true,"href":"https:\/\/ownpowr.com\/de\/wp-json\/wp\/v2\/media\/430"}],"wp:attachment":[{"href":"https:\/\/ownpowr.com\/de\/wp-json\/wp\/v2\/media?parent=429"}],"wp:term":[{"taxonomy":"product_cat","embeddable":true,"href":"https:\/\/ownpowr.com\/de\/wp-json\/wp\/v2\/product_cat?post=429"},{"taxonomy":"product_tag","embeddable":true,"href":"https:\/\/ownpowr.com\/de\/wp-json\/wp\/v2\/product_tag?post=429"}],"curies":[{"name":"wp","href":"https:\/\/api.w.org\/{rel}","templated":true}]}}