{"id":4743,"date":"2023-12-15T10:29:32","date_gmt":"2023-12-15T08:29:32","guid":{"rendered":"https:\/\/ownpowr.com\/?post_type=product&#038;p=4743"},"modified":"2024-10-16T15:41:35","modified_gmt":"2024-10-16T13:41:35","slug":"deye-gb-sl-12k-hybrid-inverter-and-12-24-kwh-gb-lm4-0-battery-module","status":"publish","type":"product","link":"https:\/\/ownpowr.com\/de\/product\/deye-gb-sl-12k-hybrid-wechselrichter-und-12-24-kwh-gb-lm4-0-batteriemodul\/","title":{"rendered":"Deye GB-SL 12K Hybrid-Wechselrichter und 12,24 kWh GB-LM4.0 Batteriemodul"},"content":{"rendered":"<p>Der Deye GB-SL 12K Hybrid-Wechselrichter und das 12,24 GB-LM4.0 Batteriemodul sind ein Komplettpaket.<\/p>\n<p>Das Set enth\u00e4lt:<br \/>\n1 x GB-S12K<br \/>\n3 x GB-LM4.0<br \/>\n1 x GB-LB<br \/>\n1 x GB-LBase<\/p>\n<p>GB-SL(HV)<br \/>\nALLES IN EINEM<br \/>\nIntegriertes Design, sch\u00f6nes Aussehen und Szenenintegration<br \/>\nMaximale Leistung :100% unsymmetrische Leistung, jede Phase; Max. Leistung bis zu 50% Nennleistung<br \/>\nMaximaler Anschluss :Max. 10 St\u00fcck parallel f\u00fcr netzgebundenen und netzunabh\u00e4ngigen Betrieb<br \/>\nMehr Unterst\u00fctzung: Unterst\u00fctzung f\u00fcr die Speicherung von Energie aus dem Dieselgenerator<br \/>\nHochspannungsstapel: Module werden ohne Kabelverbindung in Reihe geschaltet, und die Hochspannungsplattform verbessert die Systemeffizienz<br \/>\nThermisches Management: Temperaturerfassung der wichtigsten Teile, der Zelle, des Stromanschlusses, etc.<br \/>\nBetrieb bei verschiedenen Temperaturen: Die Heizfunktion ist optional, um die Anwendungsszenarien mit niedriger Temperatur und ohne Sinn zu erf\u00fcllen<\/p>\n<p><a href=\"https:\/\/ownpowr.com\/wp-content\/uploads\/2023\/11\/datasheet-gb-sl-eu.pdf\" target=\"_blank\" rel=\"noopener\">Datenblatt GB-SL-EU<\/a><\/p>","protected":false},"excerpt":{"rendered":"<p>Der Deye GB-SL 12K Hybrid-Wechselrichter und das 12,24 GB-LM4.0 Batteriemodul sind ein Komplettpaket. Das Set enth\u00e4lt: 1 x GB-S12K 3 x GB-LM4.0 1 x GB-LB 1 x [...]<\/p>","protected":false},"featured_media":4748,"template":"","meta":{"_seopress_robots_primary_cat":"none","_seopress_titles_title":"Explore Deye GB-SL 12K Hybrid Inverter and 12.24 kWh GB-LM4.0 Battery Module Set","_seopress_titles_desc":"Explore our all-in-one Deye GB-SL 12K hybrid inverter and 12.24 GB-LM4.0 battery module, boasting 100% unbalanced output and an efficient high voltage stack. Enhance your on-grid and off-grid operations today.","_seopress_robots_index":"","_kad_blocks_custom_css":"","_kad_blocks_head_custom_js":"","_kad_blocks_body_custom_js":"","_kad_blocks_footer_custom_js":""},"product_cat":[17,19],"product_tag":[],"class_list":{"0":"post-4743","1":"product","2":"type-product","3":"status-publish","4":"has-post-thumbnail","6":"product_cat-home-batteries","7":"product_cat-sets-with-inverters","9":"first","10":"instock","11":"taxable","12":"shipping-taxable","13":"purchasable","14":"product-type-simple"},"taxonomy_info":{"product_cat":[{"value":17,"label":"Home batteries"},{"value":19,"label":"Sets with inverters"}]},"featured_image_src_large":["https:\/\/ownpowr.com\/wp-content\/uploads\/2023\/11\/image-2-1.png",300,300,false],"author_info":[],"comment_info":"","_links":{"self":[{"href":"https:\/\/ownpowr.com\/de\/wp-json\/wp\/v2\/product\/4743","targetHints":{"allow":["GET"]}}],"collection":[{"href":"https:\/\/ownpowr.com\/de\/wp-json\/wp\/v2\/product"}],"about":[{"href":"https:\/\/ownpowr.com\/de\/wp-json\/wp\/v2\/types\/product"}],"wp:featuredmedia":[{"embeddable":true,"href":"https:\/\/ownpowr.com\/de\/wp-json\/wp\/v2\/media\/4748"}],"wp:attachment":[{"href":"https:\/\/ownpowr.com\/de\/wp-json\/wp\/v2\/media?parent=4743"}],"wp:term":[{"taxonomy":"product_cat","embeddable":true,"href":"https:\/\/ownpowr.com\/de\/wp-json\/wp\/v2\/product_cat?post=4743"},{"taxonomy":"product_tag","embeddable":true,"href":"https:\/\/ownpowr.com\/de\/wp-json\/wp\/v2\/product_tag?post=4743"}],"curies":[{"name":"wp","href":"https:\/\/api.w.org\/{rel}","templated":true}]}}