{"id":48386,"date":"2024-03-29T11:33:07","date_gmt":"2024-03-29T09:33:07","guid":{"rendered":"https:\/\/ownpowr.com\/?post_type=product&#038;p=48386"},"modified":"2025-01-31T10:47:14","modified_gmt":"2025-01-31T08:47:14","slug":"blauhoff-home-6k-11-4-kwh-3-fase-systeem-slim-line-ip65","status":"publish","type":"product","link":"https:\/\/ownpowr.com\/de\/product\/blauhoff-home-6k-11-4-kwh-3-fase-systeem-slim-line-ip65\/","title":{"rendered":"Blauhoff Home 6K\/11.4 kWh 3-Phasen-System Slim Line IP65"},"content":{"rendered":"<p>Blauhoff Home 6K\/11.4kWh 3 Phasen System Slim Line IP65 17 cm d\u00fcnn Outdoor\/Indoor !<\/p>\n<p>Das superschlanke Blauhoff Home 6K\/11kWh 3-Phasen-System der renommierten Marke Blauhoff bietet eine zuverl\u00e4ssige und effiziente L\u00f6sung f\u00fcr die Energiespeicherung in Haushalten mit mittlerem Verbrauch. Mit diesem leistungsstarken System k\u00f6nnen Sie die Energieeffizienz Ihres Hauses optimieren, Ihre Abh\u00e4ngigkeit vom Stromnetz verringern und von der Notstromversorgung bei Stromausf\u00e4llen profitieren. Au\u00dferdem wird dieses System mit kostenloser Montage geliefert, was eine problemlose Installation gew\u00e4hrleistet.<\/p>\n<p>Der Wechselrichter hat eine L\u00e4nge von 780 mm und ein Gewicht von 33,6 kg. Ein zus\u00e4tzliches 300 mm langes Kabel zwischen dem Wechselrichter und der Batterie erm\u00f6glicht es Ihnen, die optimale Platzierung f\u00fcr Ihr System zu bestimmen und sorgt f\u00fcr eine effiziente Energie\u00fcbertragung und minimale Energieverluste.<\/p>\n<p>Das Blauhoff Batteriesystem ist langlebig und ultrakompakt und flach, mit Abmessungen von 670 mm x 900 mm x 170 mm und einem Gewicht von 90 kg. Die Batterie hat eine Kapazit\u00e4t von 11 kWh und erm\u00f6glicht es Ihnen, \u00fcbersch\u00fcssige Energie zu speichern, die von Ihren Solarzellen oder anderen Energiequellen erzeugt wird. In Zeiten, in denen keine Energie produziert wird, k\u00f6nnen Sie die gespeicherte Energie nutzen, um Ihren Energieverbrauch zu decken, Ihre Abh\u00e4ngigkeit vom Stromnetz zu verringern und Ihre Energiekosten weiter zu senken. Dies alles geschieht automatisch in Verbindung mit dem vorhandenen dynamischen Energievertrag. Sie k\u00f6nnen dann im Winter nachts billigen Strom nutzen und ihn den ganzen Tag \u00fcber verwenden und im Sommer nachmittags kostenlos aufladen und ihn abends nutzen und das Auto damit morgens oder nachts aufladen.<\/p>\n<p>Das Home 6K\/11kWh 3-Phasen-System wird f\u00fcr Haushalte mit einem durchschnittlichen Jahresverbrauch von etwa 3000 kWh empfohlen. Mit einer Leistung von 6 kW k\u00f6nnen Sie einen erheblichen Teil Ihres Energiebedarfs mit der erzeugten Solarenergie und der in der Batterie gespeicherten Energie decken. Dar\u00fcber hinaus bietet dieses System eine Notstromversorgung, so dass wichtige Ger\u00e4te auch bei Stromausf\u00e4llen weiter funktionieren und Ihre t\u00e4glichen Abl\u00e4ufe ununterbrochen fortgesetzt werden k\u00f6nnen.<\/p>\n<p>Das Blauhoff Home 6K\/11kWh 3-Phasen-System Slim Line wurde im Hinblick auf Flexibilit\u00e4t entwickelt. Es verf\u00fcgt \u00fcber einen Generator-\/Windradanschluss, der es Ihnen erm\u00f6glicht, zus\u00e4tzliche Stromquellen hinzuzuf\u00fcgen und Ihre Energieunabh\u00e4ngigkeit weiter zu erh\u00f6hen. Mit einem Mindestanschluss von 3x25A und geeignet f\u00fcr 3-Phasen-Konfigurationen ist dieses System mit den meisten Haushaltsstromnetzen kompatibel.<\/p>\n<p>Bei der kostenlosen Montage k\u00f6nnen Sie sich auf eine professionelle Installation verlassen, die sicherstellt, dass Ihr System vom ersten Moment an optimal funktioniert und Sie eine sorgenfreie Erfahrung genie\u00dfen k\u00f6nnen.<\/p>\n<p>Steigen Sie um auf eine effizientere und nachhaltigere Energieversorgung mit dem Blauhoff Home 6K\/11kWh 3-Phasen-System. Mit leistungsstarker Energiespeicherung, Notstromversorgung und Flexibilit\u00e4t bei den Energiequellen k\u00f6nnen Sie sich auf eine zuverl\u00e4ssige Stromversorgung verlassen, Kosteneinsparungen realisieren und Ihren \u00f6kologischen Fu\u00dfabdruck verringern. Entscheiden Sie sich f\u00fcr Blauhoff und bereiten Sie Ihr Zuhause auf den Energiebedarf der Zukunft vor.<\/p>\n<p>&nbsp;<\/p>\n<p><a href=\"https:\/\/blauhoff.nl\/wp-content\/uploads\/2024\/02\/Datasheet-Blauhoff-RESS-HV-Slim-Line.pdf\" target=\"_blank\" rel=\"noopener\">Datenblatt Blauhoff RESS HV Slim Line<\/a><\/p>\n<p>&nbsp;<\/p>\n<p>&nbsp;<\/p>","protected":false},"excerpt":{"rendered":"<p>Blauhoff Home 6K\/11.4kWh 3 Phase System Slim Line IP65 17 cm d\u00fcnn Outdoor\/Indoor ! Das superschlanke Blauhoff Home 6K\/11kWh 3-Phasen-System der renommierten Marke Blauhoff bietet eine [...]<\/p>","protected":false},"featured_media":48389,"template":"","meta":{"_seopress_robots_primary_cat":"none","_seopress_titles_title":"Blauhoff Home 6K\/11kWh 3 Phase Slim line","_seopress_titles_desc":"Ease your energy concerns with Blauhoff Home 6K\/11.4kWh 3 Phase System. Amplify your home efficiency, cut costs and boost reliability. Enjoy free assembly for effortless installation.","_seopress_robots_index":"","_kad_blocks_custom_css":"","_kad_blocks_head_custom_js":"","_kad_blocks_body_custom_js":"","_kad_blocks_footer_custom_js":""},"product_cat":[17,19],"product_tag":[],"class_list":{"0":"post-48386","1":"product","2":"type-product","3":"status-publish","4":"has-post-thumbnail","6":"product_cat-home-batteries","7":"product_cat-sets-with-inverters","9":"first","10":"instock","11":"taxable","12":"shipping-taxable","13":"purchasable","14":"product-type-simple"},"taxonomy_info":{"product_cat":[{"value":17,"label":"Home batteries"},{"value":19,"label":"Sets with inverters"}]},"featured_image_src_large":["https:\/\/ownpowr.com\/wp-content\/uploads\/2024\/03\/3-phase-6k-battery-11kwh-480x480-1.png",480,480,false],"author_info":[],"comment_info":"","_links":{"self":[{"href":"https:\/\/ownpowr.com\/de\/wp-json\/wp\/v2\/product\/48386","targetHints":{"allow":["GET"]}}],"collection":[{"href":"https:\/\/ownpowr.com\/de\/wp-json\/wp\/v2\/product"}],"about":[{"href":"https:\/\/ownpowr.com\/de\/wp-json\/wp\/v2\/types\/product"}],"wp:featuredmedia":[{"embeddable":true,"href":"https:\/\/ownpowr.com\/de\/wp-json\/wp\/v2\/media\/48389"}],"wp:attachment":[{"href":"https:\/\/ownpowr.com\/de\/wp-json\/wp\/v2\/media?parent=48386"}],"wp:term":[{"taxonomy":"product_cat","embeddable":true,"href":"https:\/\/ownpowr.com\/de\/wp-json\/wp\/v2\/product_cat?post=48386"},{"taxonomy":"product_tag","embeddable":true,"href":"https:\/\/ownpowr.com\/de\/wp-json\/wp\/v2\/product_tag?post=48386"}],"curies":[{"name":"wp","href":"https:\/\/api.w.org\/{rel}","templated":true}]}}