{"id":48413,"date":"2025-01-30T10:32:49","date_gmt":"2025-01-30T08:32:49","guid":{"rendered":"https:\/\/ownpowr.com\/?post_type=product&#038;p=48413"},"modified":"2025-01-31T10:26:33","modified_gmt":"2025-01-31T08:26:33","slug":"blauhoff-home-15k-11-4-kwh-3-fase-systeem-slim-line-ip65","status":"publish","type":"product","link":"https:\/\/ownpowr.com\/de\/product\/blauhoff-home-15k-11-4-kwh-3-fase-systeem-slim-line-ip65\/","title":{"rendered":"Blauhoff Home 15K\/11.4 kWh 3-Phasen-System Slim Line IP65 HV"},"content":{"rendered":"<p>Blauhoff Home 15K\/11.4kWh 3 Phasen System Slim Line IP65 17 cm d\u00fcnn Outdoor\/Indoor !<br \/>\nDas superschlanke Blauhoff Home 15K\/11kWh 3-Phasen-System der renommierten Marke Blauhoff bietet eine zuverl\u00e4ssige und effiziente Energiespeicherl\u00f6sung f\u00fcr Haushalte mit mittlerem Verbrauch.<br \/>\nMit diesem leistungsstarken System k\u00f6nnen Sie die Energieeffizienz Ihres Hauses optimieren, Ihre Abh\u00e4ngigkeit vom Stromnetz verringern und von der Notstromversorgung bei Stromausf\u00e4llen profitieren. Au\u00dferdem wird dieses System mit kostenloser Montage geliefert, was eine problemlose Installation gew\u00e4hrleistet. kommuniziert mit dynamischem Strom nach Bedarf ohne Abonnement und immer freier Wahl des Energieversorgers und v\u00f6llig automatisch.<br \/>\nDer Wechselrichter hat eine L\u00e4nge von 780 mm und ein Gewicht von 33,6 kg. Ein zus\u00e4tzliches 300 mm langes Kabel zwischen dem Wechselrichter und der Batterie erm\u00f6glicht es Ihnen, die optimale Platzierung f\u00fcr Ihr System zu bestimmen, was eine effiziente Energie\u00fcbertragung und minimale Energieverluste gew\u00e4hrleistet.<br \/>\nDas Batteriesystem Blauhoff ist langlebig und ultrakompakt und flach, mit Abmessungen von 670 mm x 900 mm x 170 mm und einem Gewicht von 90 kg.Die Batterie hat eine Kapazit\u00e4t von 11 kWh und erm\u00f6glicht es Ihnen, \u00fcbersch\u00fcssige Energie zu speichern, die von Ihren Sonnenkollektoren oder anderen Energiequellen erzeugt wird.in Zeiten, in denen keine Energieproduktion stattfindet, k\u00f6nnen Sie die gespeicherte Energie nutzen, um Ihren Energieverbrauch zu decken, Ihre Abh\u00e4ngigkeit vom Stromnetz zu reduzieren und Ihre Energiekosten weiter zu senken.Sie k\u00f6nnen dann im Winter nachts billigen Strom nutzen und ihn den ganzen Tag \u00fcber verbrauchen und im Sommer nachmittags kostenlos aufladen und abends nutzen und morgens oder nachts das Auto damit aufladen.<br \/>\nDas Home 15K\/11kWh 3-Phasen-System wird f\u00fcr Haushalte mit einem durchschnittlichen Jahresverbrauch von ca. 4000 kWh empfohlen. 15 kW Leistung erm\u00f6glichen es Ihnen, einen gro\u00dfen Teil Ihres Energiebedarfs mit der erzeugten Solarenergie und der in der Batterie gespeicherten Energie zu decken. Au\u00dferdem liefert dieses System Notstrom, so dass wichtige Ger\u00e4te auch bei Stromausf\u00e4llen weiter funktionieren und Ihr Tagesablauf nicht unterbrochen wird.<br \/>\nDas Blauhoff Home 15K\/11kWh 3-Phasen-System Slim Line wurde mit Blick auf Flexibilit\u00e4t entwickelt und verf\u00fcgt \u00fcber einen Generator-\/Windradanschluss, der es Ihnen erm\u00f6glicht, zus\u00e4tzliche Stromquellen hinzuzuf\u00fcgen und Ihre Energieunabh\u00e4ngigkeit weiter zu erh\u00f6hen. Mit einem Mindestanschluss von 3x40A und geeignet f\u00fcr 3-Phasen-Konfigurationen ist dieses System mit den meisten Haushaltsstromnetzen kompatibel.<br \/>\nBei der kostenlosen Montage k\u00f6nnen Sie sich auf eine professionelle Installation verlassen, die sicherstellt, dass Ihr System vom ersten Moment an optimal funktioniert und Sie eine sorgenfreie Erfahrung genie\u00dfen k\u00f6nnen.<br \/>\nSteigen Sie um auf eine effizientere und nachhaltigere Energieversorgung mit dem Blauhoff Home 15K\/11kWh 3-Phasen-System. Entscheiden Sie sich f\u00fcr Blauhoff und bereiten Sie Ihr Zuhause auf den Energiebedarf der Zukunft vor.<\/p>\n<p>&nbsp;<\/p>\n<p><a href=\"https:\/\/blauhoff.nl\/wp-content\/uploads\/2024\/02\/Datasheet-Blauhoff-RESS-HV-Slim-Line.pdf\" target=\"_blank\" rel=\"noopener\">Datenblatt Blauhoff RESS HV Slim Line<\/a><\/p>\n<p>&nbsp;<\/p>","protected":false},"excerpt":{"rendered":"<p>Blauhoff Home 15K\/11.4kWh 3 Phase System Slim Line IP65 17 cm d\u00fcnn Outdoor\/Indoor ! Das superschlanke Blauhoff Home 15K\/11kWh 3-Phasen-System der renommierten Marke Blauhoff bietet eine [...]<\/p>","protected":false},"featured_media":48416,"template":"","meta":{"_seopress_robots_primary_cat":"none","_seopress_titles_title":"Maximize Home Efficiency with Blauhoff Slim Line System","_seopress_titles_desc":"Transform home energy efficiency with Blauhoff super slim and reliable Home 15K\/11kWh 3 Phase System. Reduce grid dependence and enhance solar power utilization!","_seopress_robots_index":"","_kad_blocks_custom_css":"","_kad_blocks_head_custom_js":"","_kad_blocks_body_custom_js":"","_kad_blocks_footer_custom_js":""},"product_cat":[17,19],"product_tag":[],"class_list":{"0":"post-48413","1":"product","2":"type-product","3":"status-publish","4":"has-post-thumbnail","6":"product_cat-home-batteries","7":"product_cat-sets-with-inverters","9":"first","10":"instock","11":"taxable","12":"shipping-taxable","13":"purchasable","14":"product-type-simple"},"taxonomy_info":{"product_cat":[{"value":17,"label":"Home batteries"},{"value":19,"label":"Sets with inverters"}]},"featured_image_src_large":["https:\/\/ownpowr.com\/wp-content\/uploads\/2024\/03\/3-phase-15k-battery-11kwh-480x480-1.png",480,480,false],"author_info":[],"comment_info":"","_links":{"self":[{"href":"https:\/\/ownpowr.com\/de\/wp-json\/wp\/v2\/product\/48413","targetHints":{"allow":["GET"]}}],"collection":[{"href":"https:\/\/ownpowr.com\/de\/wp-json\/wp\/v2\/product"}],"about":[{"href":"https:\/\/ownpowr.com\/de\/wp-json\/wp\/v2\/types\/product"}],"wp:featuredmedia":[{"embeddable":true,"href":"https:\/\/ownpowr.com\/de\/wp-json\/wp\/v2\/media\/48416"}],"wp:attachment":[{"href":"https:\/\/ownpowr.com\/de\/wp-json\/wp\/v2\/media?parent=48413"}],"wp:term":[{"taxonomy":"product_cat","embeddable":true,"href":"https:\/\/ownpowr.com\/de\/wp-json\/wp\/v2\/product_cat?post=48413"},{"taxonomy":"product_tag","embeddable":true,"href":"https:\/\/ownpowr.com\/de\/wp-json\/wp\/v2\/product_tag?post=48413"}],"curies":[{"name":"wp","href":"https:\/\/api.w.org\/{rel}","templated":true}]}}