{"id":48417,"date":"2024-03-29T14:22:37","date_gmt":"2024-03-29T12:22:37","guid":{"rendered":"https:\/\/ownpowr.com\/?post_type=product&#038;p=48417"},"modified":"2025-01-31T10:27:26","modified_gmt":"2025-01-31T08:27:26","slug":"blauhoff-home-10k-19-kwh-3-fase-systeem-slim-line-ip65","status":"publish","type":"product","link":"https:\/\/ownpowr.com\/de\/product\/blauhoff-home-10k-19-kwh-3-fase-systeem-slim-line-ip65\/","title":{"rendered":"Blauhoff Home 10K\/19 kWh 3-Phasen-System Slim Line IP65 HV"},"content":{"rendered":"<p>Blauhoff Home 10K\/19kWh 3 Phasen System Slim Line IP65 17 cm d\u00fcnn Outdoor\/Indoor !<br \/>\nDas superschlanke Blauhoff Home 10K\/19kWh 3-Phasen-System der renommierten Marke Blauhoff bietet eine zuverl\u00e4ssige und effiziente Energiespeicherl\u00f6sung f\u00fcr Haushalte mit mittlerem Verbrauch.<br \/>\nMit diesem leistungsstarken System k\u00f6nnen Sie die Energieeffizienz Ihres Hauses optimieren, Ihre Abh\u00e4ngigkeit vom Stromnetz verringern und von der Notstromversorgung bei Stromausf\u00e4llen profitieren.dieses System wird au\u00dferdem mit kostenloser Montage geliefert, was eine problemlose Installation gew\u00e4hrleistet.kommuniziert mit dynamischem Strom nach Bedarf ohne Abonnement und immer freie Wahl des Energieversorgers !<br \/>\nDer Wechselrichter hat eine L\u00e4nge von 780 mm und ein Gewicht von 33,6 kg. Ein zus\u00e4tzliches 300 mm langes Kabel zwischen dem Wechselrichter und der Batterie erm\u00f6glicht es Ihnen, die optimale Platzierung f\u00fcr Ihr System zu bestimmen, was eine effiziente Energie\u00fcbertragung und minimale Energieverluste gew\u00e4hrleistet.<br \/>\nDas Batteriesystem Blauhoff ist langlebig und ultrakompakt und flach, mit Abmessungen von 670 mm x 900 mm x 170 mm und einem Gewicht von 90 kg.Die Batterie hat eine Kapazit\u00e4t von 19 kWh und erm\u00f6glicht es Ihnen, \u00fcbersch\u00fcssige Energie zu speichern, die von Ihren Solarmodulen oder anderen Energiequellen erzeugt wird.in Zeiten, in denen keine Energieproduktion stattfindet, k\u00f6nnen Sie die gespeicherte Energie nutzen, um Ihren Energieverbrauch zu decken, Ihre Abh\u00e4ngigkeit vom Stromnetz zu reduzieren und Ihre Energiekosten weiter zu senken.Sie k\u00f6nnen dann im Winter nachts billigen Strom nutzen und ihn den ganzen Tag \u00fcber verbrauchen und im Sommer nachmittags kostenlos laden und abends verbrauchen und morgens oder nachts das Auto damit aufladen.<br \/>\nDas Home 10K\/19kWh 3-Phasen-System wird f\u00fcr Haushalte mit einem durchschnittlichen Jahresverbrauch von ca. 7300 kWh empfohlen. 10 kW Leistung erm\u00f6glichen es Ihnen, einen gro\u00dfen Teil Ihres Energiebedarfs mit der erzeugten Solarenergie und der in der Batterie gespeicherten Energie zu decken. Au\u00dferdem liefert dieses System Notstrom, so dass wichtige Ger\u00e4te auch bei Stromausf\u00e4llen weiter funktionieren und Ihr Tagesablauf nicht unterbrochen wird.<br \/>\nDas Blauhoff Home 10K\/19kWh 3-Phasen-System Slim Line wurde mit Blick auf Flexibilit\u00e4t entwickelt und verf\u00fcgt \u00fcber einen Generator-\/Windradanschluss, der es Ihnen erm\u00f6glicht, zus\u00e4tzliche Stromquellen hinzuzuf\u00fcgen und Ihre Energieunabh\u00e4ngigkeit weiter zu erh\u00f6hen. Mit einem Mindestanschluss von 3x25A und geeignet f\u00fcr 3-Phasen-Konfigurationen ist dieses System mit den meisten Haushaltsstromnetzen kompatibel.<br \/>\nBei der kostenlosen Montage k\u00f6nnen Sie sich auf eine professionelle Installation verlassen, die sicherstellt, dass Ihr System vom ersten Moment an optimal funktioniert und Sie eine sorgenfreie Erfahrung genie\u00dfen k\u00f6nnen.<br \/>\nSteigen Sie mit dem Blauhoff Home 10K\/19kWh 3-Phasen-System auf eine effizientere und nachhaltigere Energieversorgung um.<\/p>\n<p><a href=\"https:\/\/blauhoff.nl\/wp-content\/uploads\/2024\/02\/Datasheet-Blauhoff-RESS-HV-Slim-Line.pdf\" target=\"_blank\" rel=\"noopener\">Datenblatt Blauhoff RESS HV Slim Line<\/a><\/p>\n<p>&nbsp;<\/p>","protected":false},"excerpt":{"rendered":"<p>Blauhoff Home 10K\/19kWh 3 Phase System Slim Line IP65 17 cm d\u00fcnn Outdoor\/Indoor ! Das superschlanke Blauhoff Home 10K\/19kWh 3-Phasen-System der renommierten Marke Blauhoff bietet eine [...]<\/p>","protected":false},"featured_media":48420,"template":"","meta":{"_seopress_robots_primary_cat":"none","_seopress_titles_title":"Boost Efficiency with Blauhoff Home 10K\/19kWh 3 Phase System Slim Line","_seopress_titles_desc":"Enhance your energy independence with Blauhoff super slim 10K\/19kWh 3 Phase System. Its ideal for medium consumption households, offering reliable storage and emergency power. Experience hassle-free installation with free assembly.","_seopress_robots_index":"","_kad_blocks_custom_css":"","_kad_blocks_head_custom_js":"","_kad_blocks_body_custom_js":"","_kad_blocks_footer_custom_js":""},"product_cat":[17,19],"product_tag":[],"class_list":{"0":"post-48417","1":"product","2":"type-product","3":"status-publish","4":"has-post-thumbnail","6":"product_cat-home-batteries","7":"product_cat-sets-with-inverters","9":"first","10":"instock","11":"taxable","12":"shipping-taxable","13":"purchasable","14":"product-type-simple"},"taxonomy_info":{"product_cat":[{"value":17,"label":"Home batteries"},{"value":19,"label":"Sets with inverters"}]},"featured_image_src_large":["https:\/\/ownpowr.com\/wp-content\/uploads\/2024\/03\/3-phase-10k-battery-19kwh-1-480x480-1.png",480,480,false],"author_info":[],"comment_info":"","_links":{"self":[{"href":"https:\/\/ownpowr.com\/de\/wp-json\/wp\/v2\/product\/48417","targetHints":{"allow":["GET"]}}],"collection":[{"href":"https:\/\/ownpowr.com\/de\/wp-json\/wp\/v2\/product"}],"about":[{"href":"https:\/\/ownpowr.com\/de\/wp-json\/wp\/v2\/types\/product"}],"wp:featuredmedia":[{"embeddable":true,"href":"https:\/\/ownpowr.com\/de\/wp-json\/wp\/v2\/media\/48420"}],"wp:attachment":[{"href":"https:\/\/ownpowr.com\/de\/wp-json\/wp\/v2\/media?parent=48417"}],"wp:term":[{"taxonomy":"product_cat","embeddable":true,"href":"https:\/\/ownpowr.com\/de\/wp-json\/wp\/v2\/product_cat?post=48417"},{"taxonomy":"product_tag","embeddable":true,"href":"https:\/\/ownpowr.com\/de\/wp-json\/wp\/v2\/product_tag?post=48417"}],"curies":[{"name":"wp","href":"https:\/\/api.w.org\/{rel}","templated":true}]}}