{"id":506,"date":"2023-10-04T16:37:56","date_gmt":"2023-10-04T14:37:56","guid":{"rendered":"https:\/\/ownpowr.com\/product\/growatt-1ph-hybrid-inverter-sph6000\/"},"modified":"2025-03-27T13:31:36","modified_gmt":"2025-03-27T11:31:36","slug":"growatt-1ph-hybrid-inverter-sph6000","status":"publish","type":"product","link":"https:\/\/ownpowr.com\/de\/product\/growatt-1ph-hybrid-wechselrichter-sph6000\/","title":{"rendered":"Growatt 1PH Hybrid-Wechselrichter SPH6000 nicht f\u00fcr Deutschland"},"content":{"rendered":"<p>Der Growatt SPH6000 Hybrid-Wechselrichter ist kompatibel mit PV-Anlagen bis zu 4000Wp. Der Hybrid-Wechselrichter ist f\u00fcr die Speicherung von Strom in Batterien vorgesehen. Die Batterien k\u00f6nnen separat bestellt werden und geh\u00f6ren nicht zum Standardlieferumfang. Mit diesem praktischen System ist die PV-Anlage nicht vom Netz abh\u00e4ngig und kann sich selbst versorgen. Das System funktioniert auch ohne Batterie und kann an das Netz angeschlossen werden.<\/p>\n<p>Der Batterie-Wechselrichter enth\u00e4lt 2 MPPT, so dass insgesamt 2 Strings angeschlossen werden k\u00f6nnen<\/p>\n<p><strong>Ger\u00e4uschloser Wechselrichter<\/strong><br \/>\nDer Growatt SPH6000-Wechselrichter enth\u00e4lt keinen L\u00fcfter und keinen Transformator, wodurch er sehr leise ist. Dies macht den Hybrid-Wechselrichter perfekt f\u00fcr Installationen in Wohngebieten. Der Wechselrichter verwendet eine nat\u00fcrliche K\u00fchlung, die ihm eine besonders lange Lebensdauer verleiht.<\/p>\n<p><strong>Ausbeute<\/strong><br \/>\nDer SPH6000 hat einen maximalen Wirkungsgrad von 97,5%. Damit erreicht der Wechselrichter einen maximalen Energieertrag. Der Wechselrichter ist einer der meistverkauften Wechselrichter weltweit.<\/p>\n<p><strong>Growatt Online-Dienst<\/strong><br \/>\nDer Wechselrichter verf\u00fcgt \u00fcber stabile \u00dcberwachungsm\u00f6glichkeiten wie LAN, WiFi oder eine Kombination aus RF\/UTP (Shinelink). Growatt bietet einen intelligenten Online-Service, um technische Probleme und Aktualisierungen aus der Ferne durchzuf\u00fchren. Dies verbessert die Benutzerfreundlichkeit und Effizienz des Wechselrichters. Diese Funktionen und Dienstleistungen machen den Wechselrichter zu einer besseren Wahl f\u00fcr Ihre PV-Anlage<\/p>\n<p><a href=\"https:\/\/storeyourownpower.com\/wp-content\/uploads\/2022\/11\/Datasheet-Growatt-SPH6000.pdf\" target=\"_blank\" rel=\"noopener\">Datenblatt Growatt SPH6000<\/a><\/p>","protected":false},"excerpt":{"rendered":"<p>Der Growatt SPH6000 Hybrid-Wechselrichter ist kompatibel mit PV-Anlagen bis zu 4000Wp. Der Hybrid-Wechselrichter ist f\u00fcr die Speicherung von Strom in Batterien vorgesehen. Die Batterien k\u00f6nnen separat bestellt werden und [...]<\/p>","protected":false},"featured_media":507,"template":"","meta":{"_seopress_robots_primary_cat":"none","_seopress_titles_title":"Growatt SPH6000 Hybrid Inverter: Efficient and Silent with Battery Compatibility","_seopress_titles_desc":"Maximize your energy yield with this silent, efficient inverter. Connect to the grid or store power in batteries for a self-sufficient system. Enjoy reliable monitoring and remote updates with Growatt's online service.","_seopress_robots_index":"","_kad_blocks_custom_css":"","_kad_blocks_head_custom_js":"","_kad_blocks_body_custom_js":"","_kad_blocks_footer_custom_js":""},"product_cat":[18],"product_tag":[],"class_list":{"0":"post-506","1":"product","2":"type-product","3":"status-publish","4":"has-post-thumbnail","6":"product_cat-hybrid-inverters","8":"first","9":"instock","10":"sale","11":"taxable","12":"shipping-taxable","13":"purchasable","14":"product-type-simple"},"taxonomy_info":{"product_cat":[{"value":18,"label":"Hybrid inverters"}]},"featured_image_src_large":["https:\/\/ownpowr.com\/wp-content\/uploads\/2022\/11\/Growatt_SPH_3000_6000_d63d-1024x1024.webp",1024,1024,true],"author_info":[],"comment_info":"","_links":{"self":[{"href":"https:\/\/ownpowr.com\/de\/wp-json\/wp\/v2\/product\/506","targetHints":{"allow":["GET"]}}],"collection":[{"href":"https:\/\/ownpowr.com\/de\/wp-json\/wp\/v2\/product"}],"about":[{"href":"https:\/\/ownpowr.com\/de\/wp-json\/wp\/v2\/types\/product"}],"wp:featuredmedia":[{"embeddable":true,"href":"https:\/\/ownpowr.com\/de\/wp-json\/wp\/v2\/media\/507"}],"wp:attachment":[{"href":"https:\/\/ownpowr.com\/de\/wp-json\/wp\/v2\/media?parent=506"}],"wp:term":[{"taxonomy":"product_cat","embeddable":true,"href":"https:\/\/ownpowr.com\/de\/wp-json\/wp\/v2\/product_cat?post=506"},{"taxonomy":"product_tag","embeddable":true,"href":"https:\/\/ownpowr.com\/de\/wp-json\/wp\/v2\/product_tag?post=506"}],"curies":[{"name":"wp","href":"https:\/\/api.w.org\/{rel}","templated":true}]}}