{"id":545,"date":"2023-10-04T16:37:39","date_gmt":"2023-10-04T14:37:39","guid":{"rendered":"https:\/\/ownpowr.com\/product\/encharge-3t-35-kwh\/"},"modified":"2025-03-20T13:35:02","modified_gmt":"2025-03-20T11:35:02","slug":"encharge-3t-35-kwh","status":"publish","type":"product","link":"https:\/\/ownpowr.com\/de\/product\/encharge-3t-35-kwh\/","title":{"rendered":"Nur Enphase Encharge 3T Abdeckung"},"content":{"rendered":"<p>Enphase Encharge 3T mit 15-Jahres-Garantie<\/p>\n<p>Wichtiger Hinweis: Installateur-Zertifizierung erforderlich! Bitte besuchen Sie die Enphase University, um Ihre Zertifizierung zu erhalten.<\/p>\n<p>Enphase IQ Battery 3T\/10T Merkmale:<\/p>\n<ul>\n<li>Vollst\u00e4ndig integriertes AC-Batteriesystem mit eingebauten IQ 8X-BAT Mikro-Wechselrichtern.<\/li>\n<li>Nahtloser Anschluss an die Wechselstromversorgung einer Standard-Haushaltsinstallation.<\/li>\n<li>Optimale Anpassung des Systems an die Bed\u00fcrfnisse des Benutzers.<\/li>\n<li>Bequeme Steuerung und \u00dcberwachung \u00fcber eine mobile App.<\/li>\n<li>Passives K\u00fchlsystem (keine beweglichen Teile oder L\u00fcfter).<\/li>\n<li>Langlebige Leistung mit einer 10-Jahres-Garantie.<\/li>\n<\/ul>\n<p>Bitte beachten Sie, dass f\u00fcr die Installation von Batterien eine Zertifizierung des Installateurs erforderlich ist. Einzelheiten zur Zertifizierung erhalten Sie von Ihrem Enphase-Kundenbetreuer.<\/p>\n<p>Erforderliches Ger\u00e4t: Enphase IQ Gateway-S Gemessen.<\/p>\n<p>Der Enphase IQ 3T bietet eine Gesamtspeicherkapazit\u00e4t von 3,5 kWh und verf\u00fcgt \u00fcber vier integrierte Mikro-Wechselrichter mit einer Gesamtleistung von 1,28 kW.<\/p>\n<p>Installateure k\u00f6nnen effizient Systeme entwerfen, die den Energiebedarf sowohl von Neukunden als auch von Kunden mit bereits installierten Solarmodulen decken.<\/p>\n<p>Das Batteriespeichersystem Encharge 3T umfasst integrierte Mikrowechselrichter der IQ-Serie von Enphase und eine Batteriemanagementeinheit (BMU).<\/p>\n<p>Paketinhalt:<\/p>\n<ul>\n<li>1x Encharge 3T Basiseinheit (ENP-B03-T01-INT00-1-2)<\/li>\n<li>1x Encharge 3T Cover Kit mit Zubeh\u00f6r (ENP-B03T-C-0430-O)<\/li>\n<\/ul>\n<p><strong>Weitere Informationen:<\/strong><\/p>\n<ul>\n<li><a href=\"https:\/\/storeyourownpower.com\/wp-content\/uploads\/2022\/12\/Datenblatt-German-Encharge-3T.pdf\" target=\"_blank\" rel=\"noopener\">Datenblatt German Encharge 3T<\/a><\/li>\n<li><a href=\"https:\/\/storeyourownpower.com\/wp-content\/uploads\/2022\/12\/Datasheet-English-Encharge-3T.pdf\" target=\"_blank\" rel=\"noopener\">Datenblatt Englisch Encharge 3T<\/a><\/li>\n<li><a href=\"https:\/\/storeyourownpower.com\/wp-content\/uploads\/2022\/12\/Warranty-terms-English-Encharge-3T.pdf\" target=\"_blank\" rel=\"noopener\">Garantiebedingungen Englisch Encharge 3T<\/a><\/li>\n<li><a href=\"https:\/\/storeyourownpower.com\/wp-content\/uploads\/2022\/12\/Warranty-terms-German-Encharge-3T.pdf\" target=\"_blank\" rel=\"noopener\">Garantiebedingungen German Encharge 3T<\/a><\/li>\n<li><a href=\"https:\/\/storeyourownpower.com\/wp-content\/uploads\/2022\/12\/Mounting-instructions-English-Encharge-3T.pdf\" target=\"_blank\" rel=\"noopener\">Montageanleitung Englisch Encharge 3T<\/a><\/li>\n<\/ul>","protected":false},"excerpt":{"rendered":"<p>15 Jahre Garantie bei diesem Preis !<\/p>","protected":false},"featured_media":546,"template":"","meta":{"_seopress_robots_primary_cat":"none","_seopress_titles_title":"Enphase Encharge 3T: Long-lasting battery storage system with integrated microinverters and warranty","_seopress_titles_desc":"Installer certification required! Optimal AC battery system with mobile app control, passive cooling, and 10-year warranty. Get certified at Enphase University.","_seopress_robots_index":"","_kad_blocks_custom_css":"","_kad_blocks_head_custom_js":"","_kad_blocks_body_custom_js":"","_kad_blocks_footer_custom_js":""},"product_cat":[17],"product_tag":[],"class_list":{"0":"post-545","1":"product","2":"type-product","3":"status-publish","4":"has-post-thumbnail","6":"product_cat-home-batteries","8":"first","9":"instock","10":"sale","11":"taxable","12":"shipping-taxable","13":"purchasable","14":"product-type-simple"},"taxonomy_info":{"product_cat":[{"value":17,"label":"Home batteries"}]},"featured_image_src_large":["https:\/\/ownpowr.com\/wp-content\/uploads\/2022\/12\/1-8-2-6-18265324d3fe1b03cc0df847668d9c62cbe673aa_det_bp_ee_encharge_3t-jpg_600x600@2x.jpeg",600,540,false],"author_info":[],"comment_info":"","_links":{"self":[{"href":"https:\/\/ownpowr.com\/de\/wp-json\/wp\/v2\/product\/545","targetHints":{"allow":["GET"]}}],"collection":[{"href":"https:\/\/ownpowr.com\/de\/wp-json\/wp\/v2\/product"}],"about":[{"href":"https:\/\/ownpowr.com\/de\/wp-json\/wp\/v2\/types\/product"}],"wp:featuredmedia":[{"embeddable":true,"href":"https:\/\/ownpowr.com\/de\/wp-json\/wp\/v2\/media\/546"}],"wp:attachment":[{"href":"https:\/\/ownpowr.com\/de\/wp-json\/wp\/v2\/media?parent=545"}],"wp:term":[{"taxonomy":"product_cat","embeddable":true,"href":"https:\/\/ownpowr.com\/de\/wp-json\/wp\/v2\/product_cat?post=545"},{"taxonomy":"product_tag","embeddable":true,"href":"https:\/\/ownpowr.com\/de\/wp-json\/wp\/v2\/product_tag?post=545"}],"curies":[{"name":"wp","href":"https:\/\/api.w.org\/{rel}","templated":true}]}}