{"id":620,"date":"2023-10-04T16:36:05","date_gmt":"2023-10-04T14:36:05","guid":{"rendered":"https:\/\/ownpowr.com\/product\/byd-premium-lvs-pdu-base\/"},"modified":"2025-10-15T14:01:34","modified_gmt":"2025-10-15T12:01:34","slug":"byd-premium-lvs-pdu-base","status":"publish","type":"product","link":"https:\/\/ownpowr.com\/de\/product\/byd-premium-lvs-pdu-basis\/","title":{"rendered":"BYD Premium LVS PDU + Sockel"},"content":{"rendered":"<p>BYD Premium LVS Batteriekontrollsystem mit Sockel<\/p>\n<p>Die BYD Premium LVS PDU (Power Distribution Unit) mit Sockel ist eine Steuereinheit, die f\u00fcr das LVS-Batterieset entwickelt wurde. Jeder Batteriestapel ben\u00f6tigt eine PDU f\u00fcr den optimalen Betrieb.<\/p>\n<p>Wichtige Merkmale:<\/p>\n<ul>\n<li>Skalierbare Kapazit\u00e4t von 4 kWh bis 256 kWh<\/li>\n<li>Maximale Flexibilit\u00e4t mit Unterst\u00fctzung f\u00fcr bis zu 64 Batteriemodule<\/li>\n<li>Parallelschaltung m\u00f6glich<\/li>\n<li>Kompatibel mit f\u00fchrenden 1- und 3-Phasen-Wechselrichtern<\/li>\n<li>Verwendet kobaltfreie Lithium-Eisen-Phosphat (LFP) Akkutechnologie f\u00fcr verbesserte Sicherheit, l\u00e4ngere Lebenszyklen und \u00fcberlegene Leistung<\/li>\n<li>Geeignet f\u00fcr leistungsstarke Notstromversorgung und netzunabh\u00e4ngige Funktionen<\/li>\n<li>Das patentierte interne Steckerdesign macht eine zus\u00e4tzliche Verkabelung \u00fcberfl\u00fcssig<\/li>\n<li>Optimierung des Eigenverbrauchs, geeignet f\u00fcr private und gewerbliche Anwendungen<\/li>\n<\/ul>\n<p>AKKU-BOX PREMIUM LVS<\/p>\n<p>4 kWh Modul Vereinfachter Transport und Installation durch modularen Aufbau<\/p>\n<p>Die BYD Battery-Box Premium LVS ist ein vielseitiges Lithium-Eisenphosphat (LFP) Batteriepaket, das f\u00fcr die Verwendung mit einem externen Wechselrichter konzipiert wurde. Jede Battery-Box Premium LVS besteht aus 1 bis 6 parallel gestapelten Batteriemodulen, die eine nutzbare Kapazit\u00e4t von 4 bis 24,0 kWh in einem einzigen Turm bieten. Verf\u00fcgbare Konfigurationen sind:<\/p>\n<ul>\n<li>Batterie-Box LVS 4.0 (4 kWh)<\/li>\n<li>Batterie-Box LVS 8.0 (8 kWh)<\/li>\n<li>Batterie-Box LVS 12.0 (12 kWh)<\/li>\n<li>Batterie-Box LVS 16.0 (16 kWh)<\/li>\n<li>Batterie-Box LVS 20.0 (20 kWh - nur Einzelturm)<\/li>\n<li>Batterie-Box LVS 24.0 (24 kWh - nur Einzelturm)<\/li>\n<\/ul>\n<p>F\u00fcr einen gr\u00f6\u00dferen Energiespeicherbedarf k\u00f6nnen Sie bis zu 16 Battery-Box LVS 16.0 Einheiten parallel anschlie\u00dfen, was zu einer maximalen Kapazit\u00e4t von 256 kWh f\u00fchrt. Dar\u00fcber hinaus bietet das System Skalierbarkeit, da Sie zu einem sp\u00e4teren Zeitpunkt LVS-Module oder parallele T\u00fcrme mit 1 bis 4 Modulen hinzuf\u00fcgen k\u00f6nnen.<\/p>\n<h2><strong style=\"font-size: 16px\">Weitere Informationen:<\/strong><\/h2>\n<ul>\n<li><a href=\"https:\/\/storeyourownpower.com\/wp-content\/uploads\/2023\/01\/Datasheet-English-LVS.pdf\" target=\"_blank\" rel=\"noopener\">Datenblatt Englisch LVS<\/a><\/li>\n<li><a href=\"https:\/\/storeyourownpower.com\/wp-content\/uploads\/2023\/01\/Datenblatt-German-LVS.pdf\" target=\"_blank\" rel=\"noopener\">Datenblatt Deutsch LVS<\/a><\/li>\n<li><a href=\"https:\/\/storeyourownpower.com\/wp-content\/uploads\/2023\/01\/Mounting-instructions-English-LVS.pdf\" target=\"_blank\" rel=\"noopener\">Montageanleitung Englisch LVS<\/a><\/li>\n<li><a href=\"https:\/\/storeyourownpower.com\/wp-content\/uploads\/2023\/01\/Mounting-instructions-German-LVS.pdf\" target=\"_blank\" rel=\"noopener\">Montageanleitung Deutsch LVS<\/a><\/li>\n<li><a href=\"https:\/\/storeyourownpower.com\/wp-content\/uploads\/2023\/01\/Warranty-terms-English.pdf\" target=\"_blank\" rel=\"noopener\">Garantiebedingungen Englisch<\/a><\/li>\n<li><a href=\"https:\/\/storeyourownpower.com\/wp-content\/uploads\/2023\/01\/Warranty-terms-German-LVS.pdf\" target=\"_blank\" rel=\"noopener\">Garantiebedingungen Deutsch LVS<\/a><\/li>\n<\/ul>","protected":false},"excerpt":{"rendered":"<p>BYD Premium LVS Batteriekontrollsystem mit Sockel Die BYD Premium LVS PDU (Power Distribution Unit) mit Sockel ist eine Steuereinheit, die f\u00fcr das LVS-Batterieset entwickelt wurde. Jeder Stapel [...]<\/p>","protected":false},"featured_media":621,"template":"","meta":{"_seopress_robots_primary_cat":"none","_seopress_titles_title":"BYD Premium LVS PDU + base | Maximum Flexibility for any Application","_seopress_titles_desc":"The BYD Battery-Box Premium LVS offers scalable power storage from 4 kWh to 256 kWh with safety, flexibility, and high-powered capabilities for residential and commercial applications.","_seopress_robots_index":"","_kad_blocks_custom_css":"","_kad_blocks_head_custom_js":"","_kad_blocks_body_custom_js":"","_kad_blocks_footer_custom_js":""},"product_cat":[17],"product_tag":[],"class_list":{"0":"post-620","1":"product","2":"type-product","3":"status-publish","4":"has-post-thumbnail","6":"product_cat-home-batteries","8":"first","9":"instock","10":"sale","11":"taxable","12":"shipping-taxable","13":"purchasable","14":"product-type-simple"},"taxonomy_info":{"product_cat":[{"value":17,"label":"Home batteries"}]},"featured_image_src_large":["https:\/\/ownpowr.com\/wp-content\/uploads\/2023\/01\/BYD-LVS-BMU.jpeg",600,540,false],"author_info":[],"comment_info":"","_links":{"self":[{"href":"https:\/\/ownpowr.com\/de\/wp-json\/wp\/v2\/product\/620","targetHints":{"allow":["GET"]}}],"collection":[{"href":"https:\/\/ownpowr.com\/de\/wp-json\/wp\/v2\/product"}],"about":[{"href":"https:\/\/ownpowr.com\/de\/wp-json\/wp\/v2\/types\/product"}],"wp:featuredmedia":[{"embeddable":true,"href":"https:\/\/ownpowr.com\/de\/wp-json\/wp\/v2\/media\/621"}],"wp:attachment":[{"href":"https:\/\/ownpowr.com\/de\/wp-json\/wp\/v2\/media?parent=620"}],"wp:term":[{"taxonomy":"product_cat","embeddable":true,"href":"https:\/\/ownpowr.com\/de\/wp-json\/wp\/v2\/product_cat?post=620"},{"taxonomy":"product_tag","embeddable":true,"href":"https:\/\/ownpowr.com\/de\/wp-json\/wp\/v2\/product_tag?post=620"}],"curies":[{"name":"wp","href":"https:\/\/api.w.org\/{rel}","templated":true}]}}