{"id":629,"date":"2023-10-05T01:25:11","date_gmt":"2023-10-04T23:25:11","guid":{"rendered":"https:\/\/ownpowr.com\/product\/sofar-solar-hyd-6ktl-3ph\/"},"modified":"2025-03-27T13:00:36","modified_gmt":"2025-03-27T11:00:36","slug":"sofar-solar-hyd-6ktl-3ph","status":"publish","type":"product","link":"https:\/\/ownpowr.com\/de\/product\/sofar-solar-hyd-6ktl-3ph\/","title":{"rendered":"Sofar Solar HYD 6KTL-3PH Hybrid Wechselrichter 3-phasig. Energiez\u00e4hler im Lieferumfang"},"content":{"rendered":"<p>Unser j\u00fcngster Neuzugang im Wechselrichter-Segment, der chinesische Hersteller Sofar Solar, bringt eine vollwertige Produktpalette auf den Markt.<\/p>\n<p>Die Hybrid-Wechselrichter der HYD KTL-3PH Serie gl\u00e4nzen mit einem breiten Spannungsbereich f\u00fcr leistungsstarke Modulgenerationen und bis zu 2 Batterieanschl\u00fcssen. Integrierter AC + DC \u00dcberspannungsschutz und Schattenmanagement geh\u00f6ren auch hier zur Standardausstattung. Mit Leistungsklassen von 5 bis 20 kW finden Sie immer das Richtige.<\/p>\n<p>Kompatible Batterien:<\/p>\n<p>- Pylontech Force H1 14.2 bis 24.86<\/p>\n<p>- Pylontech Force H2 7.1 bis 14.2<\/p>\n<p>- Axitec AXIstorage Li SV1 13.5 bis 23.6<\/p>\n<p>- Axitec AXIstorage Li SV2 6.7 bis 13.5<\/p>\n<p>Produktvorteile:<\/p>\n<p>- Gro\u00dfer MPPT-Spannungsbereich von 180 bis 960 V<\/p>\n<p>- Integrierter \u00dcberspannungsschutz AC \/ DC Typ II<\/p>\n<p>- Aktive Schattenverwaltung<\/p>\n<p>Produktmerkmale:<\/p>\n<p>- AC Leistung: 5 kW<\/p>\n<p>- Anzahl von MPPT: 2<\/p>\n<p>- Anschlussphasen: 3<\/p>\n<p>- Schnittstellen: RS485, WiFi, Bluetooth, Ethernet, 4 x dig.In (FRE)<\/p>\n<p>- Anschlussstecker: MC4<\/p>\n<p>- Schutzklasse: IP 65<\/p>\n<p>- K\u00fchlung: passiv<\/p>\n<p>- Abmessungen: 571 x 515 x 264 mm (HxBxT)<\/p>\n<p>- Gewicht: 33.0 kg<\/p>\n<p>- Garantie: 5 Jahre<\/p>\n<p><a href=\"https:\/\/storeyourownpower.com\/wp-content\/uploads\/2023\/02\/Datasheet-German-Sofar.pdf\" target=\"_blank\" rel=\"noopener\">Datenblatt Deutsch Sofar<\/a><\/p>","protected":false},"excerpt":{"rendered":"<p>Unser j\u00fcngster Neuzugang im Segment der Wechselrichter, der chinesische Hersteller Sofar Solar, bringt eine vollwertige Produktpalette auf den Markt. Die Hybrid-Wechselrichter der Serie HYD KTL-3PH gl\u00e4nzen mit einem breiten Spannungsbereich [...]<\/p>","protected":false},"featured_media":628,"template":"","meta":{"_seopress_robots_primary_cat":"none","_seopress_titles_title":"Sofar Solar HYD 6KTL-3PH: Powerful Hybrid Inverters with Wide Voltage Range and Multiple Battery Connections","_seopress_titles_desc":"Sofar Solar's new product range includes hybrid inverters with wide voltage range, AC + DC overvoltage protection, and shadow management. Find the perfect power class for your needs, ranging from 5 to 20 kW. Compatible with Pylontech Force H1\/H2 and Axitec AXIstorage Li batteries. Don't miss out on the wide MPPT voltage range, integrated overvoltage protection, and active shadow management. Order now and benefit from a 5-year guarantee!","_seopress_robots_index":"","_kad_blocks_custom_css":"","_kad_blocks_head_custom_js":"","_kad_blocks_body_custom_js":"","_kad_blocks_footer_custom_js":""},"product_cat":[18],"product_tag":[],"class_list":{"0":"post-629","1":"product","2":"type-product","3":"status-publish","4":"has-post-thumbnail","6":"product_cat-hybrid-inverters","8":"first","9":"instock","10":"sale","11":"taxable","12":"shipping-taxable","13":"purchasable","14":"product-type-simple"},"taxonomy_info":{"product_cat":[{"value":18,"label":"Hybrid inverters"}]},"featured_image_src_large":["https:\/\/ownpowr.com\/wp-content\/uploads\/2023\/02\/Sofar-inverter.jpeg",672,606,false],"author_info":[],"comment_info":"","_links":{"self":[{"href":"https:\/\/ownpowr.com\/de\/wp-json\/wp\/v2\/product\/629","targetHints":{"allow":["GET"]}}],"collection":[{"href":"https:\/\/ownpowr.com\/de\/wp-json\/wp\/v2\/product"}],"about":[{"href":"https:\/\/ownpowr.com\/de\/wp-json\/wp\/v2\/types\/product"}],"wp:featuredmedia":[{"embeddable":true,"href":"https:\/\/ownpowr.com\/de\/wp-json\/wp\/v2\/media\/628"}],"wp:attachment":[{"href":"https:\/\/ownpowr.com\/de\/wp-json\/wp\/v2\/media?parent=629"}],"wp:term":[{"taxonomy":"product_cat","embeddable":true,"href":"https:\/\/ownpowr.com\/de\/wp-json\/wp\/v2\/product_cat?post=629"},{"taxonomy":"product_tag","embeddable":true,"href":"https:\/\/ownpowr.com\/de\/wp-json\/wp\/v2\/product_tag?post=629"}],"curies":[{"name":"wp","href":"https:\/\/api.w.org\/{rel}","templated":true}]}}