{"id":652,"date":"2023-10-05T01:03:14","date_gmt":"2023-10-04T23:03:14","guid":{"rendered":"https:\/\/ownpowr.com\/product\/alphaess-smile-b3\/"},"modified":"2025-03-27T13:36:41","modified_gmt":"2025-03-27T11:36:41","slug":"alphaess-smile-b3","status":"publish","type":"product","link":"https:\/\/ownpowr.com\/de\/product\/alphaess-lacheln-b3\/","title":{"rendered":"AlphaEss Smile B3"},"content":{"rendered":"<ul>\n<li class=\"l_b6bx1li fl slick-slide\" role=\"option\" data-slick-index=\"5\" aria-hidden=\"true\" aria-describedby=\"slick-slide05\">\n<div class=\"l_b6bx1lis\">\n<div class=\"ys_imgbox_cover\">\n<ul>\n<li id=\"\" class=\"l_b6bx1li fl slick-slide slick-cloned\" data-slick-index=\"6\" aria-hidden=\"true\">\n<div class=\"l_b6bx1lis\">\n<p>Wir stellen die SMILE-B3 Energiespeicherl\u00f6sung vor<\/p>\n<p>Nutzen Sie die Kraft der effizienten Energiespeicherung mit dem SMILE-B3, einem robusten System, das sich nahtlos in Ihre bestehende Anlage einf\u00fcgen l\u00e4sst. Diese 3-kW-L\u00f6sung bietet eine Kapazit\u00e4t von 2,9 kWh bis 17,2 kWh und ist damit flexibel genug, um Ihren Energiebedarf zu decken.<\/p>\n<p>Wichtige Merkmale:<\/p>\n<ul>\n<li>Nachr\u00fcstbare Kompatibilit\u00e4t<\/li>\n<li>AC-Kopplung F\u00e4higkeiten<\/li>\n<li>Eingebauter Akku f\u00fcr verbesserte Leistung<\/li>\n<li>Modulares Design f\u00fcr einfache Erweiterung<\/li>\n<li>M\u00fchelose Installation<\/li>\n<li>24\/7 \u00dcberwachung f\u00fcr Ihren Seelenfrieden<\/li>\n<\/ul>\n<p>Technische Daten des SMILE-B3-PLUS:<\/p>\n<ul>\n<li>Max. AC-Ausgangsleistung: 3 kW<\/li>\n<li>Kapazit\u00e4tsbereich: 2,9 - 17,2 kWh<\/li>\n<li>Max. Lade-\/Entladestrom: 60 A<\/li>\n<li>Entladungstiefe (DoD): 96%<\/li>\n<li>Abmessungen (B x T x H): 610 x 219 x 650 mm<\/li>\n<li>Betriebstemperaturbereich: -10\u00b0C bis 50\u00b0C<\/li>\n<li>IP-Schutz: IP65 \/ IP21<\/li>\n<li>Garantie: 5-Jahres-Produktgarantie, 10-Jahres-Leistungsgarantie<\/li>\n<\/ul>\n<p>Der SMILE-B3 ist die ideale L\u00f6sung f\u00fcr Solarsysteme ohne aktuelle Batterieintegration. Er kann mit bis zu sechs 2,9-kWh-Batterien gekoppelt werden, wodurch sich Ihre Speicherkapazit\u00e4t auf beeindruckende 17,2 kWh erh\u00f6ht. R\u00fcsten Sie Ihren Energiespeicher mit SMILE-B3 auf und erleben Sie effizientes, zuverl\u00e4ssiges Energiemanagement.<\/p>\n<\/div>\n<\/li>\n<\/ul>\n<\/div>\n<\/div>\n<\/li>\n<\/ul>\n<p><a href=\"https:\/\/storeyourownpower.com\/wp-content\/uploads\/2023\/02\/Datasheet-Smile-B3.pdf\" target=\"_blank\" rel=\"noopener\">Datenblatt Smile B3<\/a><\/p>","protected":false},"excerpt":{"rendered":"<p>&nbsp;<\/p>\n<p>&nbsp;<\/p>","protected":false},"featured_media":653,"template":"","meta":{"_seopress_robots_primary_cat":"none","_seopress_titles_title":"Expand Your Solar Storage: SMILE-B3 3kW Retrofit AC-Coupling with Built-in Battery","_seopress_titles_desc":"Upgrade your existing solar system with SMILE-B3, a modular and easy-to-install solution that maximizes your storage capacity to 17.2kWh.","_seopress_robots_index":"","_kad_blocks_custom_css":"","_kad_blocks_head_custom_js":"","_kad_blocks_body_custom_js":"","_kad_blocks_footer_custom_js":""},"product_cat":[17],"product_tag":[],"class_list":{"0":"post-652","1":"product","2":"type-product","3":"status-publish","4":"has-post-thumbnail","6":"product_cat-home-batteries","8":"first","9":"instock","10":"sale","11":"taxable","12":"shipping-taxable","13":"purchasable","14":"product-type-simple"},"taxonomy_info":{"product_cat":[{"value":17,"label":"Home batteries"}]},"featured_image_src_large":["https:\/\/ownpowr.com\/wp-content\/uploads\/2023\/02\/320_320_Product_logo_storage_system_5d3ab2d32f5cd.png",320,286,false],"author_info":[],"comment_info":"","_links":{"self":[{"href":"https:\/\/ownpowr.com\/de\/wp-json\/wp\/v2\/product\/652","targetHints":{"allow":["GET"]}}],"collection":[{"href":"https:\/\/ownpowr.com\/de\/wp-json\/wp\/v2\/product"}],"about":[{"href":"https:\/\/ownpowr.com\/de\/wp-json\/wp\/v2\/types\/product"}],"wp:featuredmedia":[{"embeddable":true,"href":"https:\/\/ownpowr.com\/de\/wp-json\/wp\/v2\/media\/653"}],"wp:attachment":[{"href":"https:\/\/ownpowr.com\/de\/wp-json\/wp\/v2\/media?parent=652"}],"wp:term":[{"taxonomy":"product_cat","embeddable":true,"href":"https:\/\/ownpowr.com\/de\/wp-json\/wp\/v2\/product_cat?post=652"},{"taxonomy":"product_tag","embeddable":true,"href":"https:\/\/ownpowr.com\/de\/wp-json\/wp\/v2\/product_tag?post=652"}],"curies":[{"name":"wp","href":"https:\/\/api.w.org\/{rel}","templated":true}]}}