{"id":8051,"date":"2024-04-04T12:26:31","date_gmt":"2024-04-04T10:26:31","guid":{"rendered":"https:\/\/ownpowr.com\/?post_type=product&#038;p=8051"},"modified":"2025-02-27T11:43:14","modified_gmt":"2025-02-27T09:43:14","slug":"deye-ai-w10-2-battery-module","status":"publish","type":"product","link":"https:\/\/ownpowr.com\/de\/product\/deye-ai-w10-2-akku-modul\/","title":{"rendered":"Deye AI-W5.1-B 10,24kWh Energiespeicher LiFePO 4"},"content":{"rendered":"<p class=\"product_title entry-title\">Deye AI-W10.2(LV)<\/p>\n<p>Das Set enth\u00e4lt:<\/p>\n<p>2 x AI-W5.1<\/p>\n<p>1x AI-W5.1-PDU.1<\/p>\n<p>1x AI-W5.1-Basis<\/p>\n<p>&nbsp;<\/p>\n<p class=\"price\">Deye stellt eine sichere, zuverl\u00e4ssige und flexible solarbetriebene Lithium-Eisen-Phosphat (LFP)-Batteriel\u00f6sung vor, die eine sichere und zuverl\u00e4ssige Energiespeicherl\u00f6sung bietet, die f\u00fcr private und gewerbliche Anwendungen optimiert ist, die auf engem Raum oder mit Lastbeschr\u00e4nkungen Strom ben\u00f6tigen.<\/p>\n<p class=\"price\">Das solarbetriebene Lithium-Eisenphosphat-Akkupaket Deye bietet eine sichere, zuverl\u00e4ssige Energiespeicherl\u00f6sung f\u00fcr private und gewerbliche Anwendungen, die auf engem Raum oder unter Lastbeschr\u00e4nkungen Strom ben\u00f6tigen. Er ist kompakt und leicht und eignet sich gut f\u00fcr Hochleistungsger\u00e4te, die auf begrenztem Raum betrieben werden. Er bietet eine lang anhaltende Leistung durch eine verl\u00e4ngerte Zyklusdauer.<\/p>\n<p class=\"price\">Die kobaltfreie LFP-Chemie des Akkus bietet eine hohe Leistungsdichte, ohne die Sicherheit zu beeintr\u00e4chtigen. Ein intelligentes Batteriemanagementsystem (BMS) \u00fcberwacht kritische Zelldaten wie Spannung, Strom und Temperatur und gleicht das Laden und Entladen aus, um die Lebensdauer der Batterie zu maximieren.<\/p>\n<p class=\"price\">Kapazit\u00e4t und Leistung k\u00f6nnen je nach Bedarf durch Parallelschaltung mehrerer Batterien skaliert werden. Gr\u00f6\u00dfere Bankkonfigurationen bieten eine h\u00f6here Energiekapazit\u00e4t und l\u00e4ngere Laufzeiten. Die auf Zuverl\u00e4ssigkeit ausgelegte Batterie unterst\u00fctzt hohe Entladekapazit\u00e4ten und h\u00e4lt den Betrieb von -20\u00b0C bis 55\u00b0C aufrecht. Sie ist nach IP55 zertifiziert und wird nat\u00fcrlich gek\u00fchlt.<\/p>\n<p class=\"price\">Die modularen und flexiblen Batterien erweitern die Kapazit\u00e4t auf bis zu 184kWh, indem sie in Gruppen von 36 Einheiten kombiniert werden.<\/p>\n<p class=\"price\">Dieses solarbetriebene Akkupaket ist umweltfreundlich und besteht aus ungiftigen, schadstofffreien Materialien. Die Installation wird durch ein stapelbares, auf dem Boden montiertes Design ohne zus\u00e4tzliche Kabel oder Befestigungselemente vereinfacht. Aufbau und Einsatz sind schnell und m\u00fchelos.<\/p>\n<p class=\"price\">Der Komfort wird durch die automatische Vernetzung der Module f\u00fcr die Fern\u00fcberwachung, Wartung und Firmware-Upgrades gew\u00e4hrleistet.<\/p>\n<p><a href=\"https:\/\/ownpowr.com\/wp-content\/uploads\/2023\/12\/ai-w5.1-v1.7.pdf\" target=\"_blank\" rel=\"noopener\">Deye AI-W5.1 Datenblatt<\/a><\/p>","protected":false},"excerpt":{"rendered":"<p>Deye AI-W10.2(LV) Set enth\u00e4lt: 2 x AI-W5.1 1x AI-W5.1-PDU.1 1x AI-W5.1-Base Deye stellt eine sicherere, zuverl\u00e4ssigere und flexiblere L\u00f6sung f\u00fcr solarbetriebene Lithium-Eisenphosphat (LFP) Akkupacks dar, die [...]<\/p>","protected":false},"featured_media":10108,"template":"","meta":{"_seopress_robots_primary_cat":"none","_seopress_titles_title":"Deye AI-W10.2(LV) Set: Advanced Solar Powered Battery Pack Solution","_seopress_titles_desc":"Experience a safe, reliable energy storage solution optimized for tight spaces with Deye\u2019s AI-W5.1. Its eco-friendly design boasts long-lasting performance, automatic module networking, and easy installation.","_seopress_robots_index":"","_kad_blocks_custom_css":"","_kad_blocks_head_custom_js":"","_kad_blocks_body_custom_js":"","_kad_blocks_footer_custom_js":""},"product_cat":[17],"product_tag":[],"class_list":{"0":"post-8051","1":"product","2":"type-product","3":"status-publish","4":"has-post-thumbnail","6":"product_cat-home-batteries","8":"first","9":"instock","10":"taxable","11":"shipping-taxable","12":"purchasable","13":"product-type-simple"},"taxonomy_info":{"product_cat":[{"value":17,"label":"Home batteries"}]},"featured_image_src_large":["https:\/\/ownpowr.com\/wp-content\/uploads\/2023\/12\/image-1.png",1000,1000,false],"author_info":[],"comment_info":"","_links":{"self":[{"href":"https:\/\/ownpowr.com\/de\/wp-json\/wp\/v2\/product\/8051","targetHints":{"allow":["GET"]}}],"collection":[{"href":"https:\/\/ownpowr.com\/de\/wp-json\/wp\/v2\/product"}],"about":[{"href":"https:\/\/ownpowr.com\/de\/wp-json\/wp\/v2\/types\/product"}],"wp:featuredmedia":[{"embeddable":true,"href":"https:\/\/ownpowr.com\/de\/wp-json\/wp\/v2\/media\/10108"}],"wp:attachment":[{"href":"https:\/\/ownpowr.com\/de\/wp-json\/wp\/v2\/media?parent=8051"}],"wp:term":[{"taxonomy":"product_cat","embeddable":true,"href":"https:\/\/ownpowr.com\/de\/wp-json\/wp\/v2\/product_cat?post=8051"},{"taxonomy":"product_tag","embeddable":true,"href":"https:\/\/ownpowr.com\/de\/wp-json\/wp\/v2\/product_tag?post=8051"}],"curies":[{"name":"wp","href":"https:\/\/api.w.org\/{rel}","templated":true}]}}