{"id":82540,"date":"2024-05-30T16:43:42","date_gmt":"2024-05-30T14:43:42","guid":{"rendered":"https:\/\/ownpowr.com\/?post_type=product&#038;p=82540"},"modified":"2025-08-25T14:37:23","modified_gmt":"2025-08-25T12:37:23","slug":"blauhoff-maxus-60k-192kwh-energy-storage-cabinet-liquid-cooling-with-ev-charger","status":"publish","type":"product","link":"https:\/\/ownpowr.com\/de\/product\/blauhoff-maxus-60k-192kwh-energiespeicherschrank-flussigkuhlung-mit-ev-ladegerat\/","title":{"rendered":"Blauhoff Maxus 60K\/192KWh Energiespeicherschrank Fl\u00fcssigkeitsk\u00fchlung mit EV-Ladeger\u00e4t"},"content":{"rendered":"<p>ACHTUNG !<\/p>\n<p>Die Montage wird von Ihrem Installateur vor Ort mit Hilfe unseres technischen Personals durchgef\u00fchrt.<\/p>\n<p>Blauhoff Maxus 96Kwh Energiespeicherschrank Fl\u00fcssigkeitsgek\u00fchlt 10J Garantie 8000 Zyklen mit EV Ladeger\u00e4t<\/p>\n<p>Subventionierung m\u00f6glich<\/p>\n<p>Prismatische Zellen f\u00fcr h\u00f6chste Qualit\u00e4t und l\u00e4ngste Lebensdauer, 8000 Zyklen und 10 Jahre Garantie auf die Zellen ohne zus\u00e4tzliche Kosten und 5 Jahre auf das Ganze.<\/p>\n<p>Die meisten anderen Anbieter haben 3-5 Jahre auf ganze und Zellen und dann m\u00fcssen Sie extra bezahlen. Das gilt auch f\u00fcr das EMS von Dijkman, das wir verwenden, keine monatlichen Kosten und kann mit dem Ungleichgewichtsmarkt arbeiten.<\/p>\n<p>Vollst\u00e4ndig integriertes ESS f\u00fcr einfachen Transport und Betrieb.<\/p>\n<p>Der integrierte Akku mit EV-Ladeger\u00e4t und das modulare Design erm\u00f6glichen eine schnelle Einrichtung und einen Betrieb von maximal 3 Stunden.<\/p>\n<p>Blauhoff BLH-96kWh-Maxus, ein kommerzielles und industrielles All-in-One ESS mit Fl\u00fcssigkeitsk\u00fchlung, ist mit Energiespeicher, Batterie, BMS, EMS, W\u00e4rmemanagement, Stromverteilung, Brandschutz, Ev-Ladeger\u00e4t usw. ausgestattet.<\/p>\n<p>Das All-in-One-Design ist einfach zu installieren und zu betreiben. Es l\u00e4sst sich mit allen anderen Maxus-Produkten verbinden und wird automatisch mit dynamischen Strompreisen \u00fcber verschiedene EMS-Systeme gehandelt.<\/p>\n<p>Das Sicherheitsdesign des Systems sorgt f\u00fcr eine bessere Batterieleistung und eine l\u00e4ngere Lebensdauer der Batterie<br \/>\nLebensdauer. Mehrere Schr\u00e4nke k\u00f6nnen direkt parallel geschaltet werden (bis zu 30 Einheiten), um einen Energiespeicher zu realisieren.<br \/>\nSystemerweiterung. Es ist superleicht skalierbar und portabel.<\/p>\n<p>Fl\u00fcssigk\u00fchlung :<br \/>\nDie Temperaturdrift von Batteriezellen<br \/>\nim gesamten System liegt innerhalb von \u00b11,5\u00b0C aufgrund von<br \/>\nintelligentes Fl\u00fcssigkeitsk\u00fchlsystem. Es kann<br \/>\nverl\u00e4ngern die Lebensdauer des Systems um bis zu<br \/>\n30%, erh\u00f6hen Sie die langfristige Systemeffizienz<br \/>\nbis zu 88.5%.<\/p>\n<p>Extras m\u00f6glich<\/p>\n<p>Notstrom STS- 2 EV-Ladeger\u00e4te 20kw - Hybrid-Wechselrichter f\u00fcr Paneele Anschluss ipv AC gekoppelt<\/p>\n<p>Sicher<br \/>\nDas System hat vier Verwaltungsebenen<br \/>\nStruktur, die eine genaue<br \/>\nKurzschlussschutz, \u00dcberstromschutz<br \/>\nSchutz, \u00dcberspannungsschutz,<br \/>\nSchutz vor Unterspannung, \u00dcbertemperatur<br \/>\nSchutz, etc.<\/p>\n<p>Vorgeschriebene Sicherheits- und europ\u00e4ische Zertifikate, Wechselrichter und Batterien:<\/p>\n<p>EN 50549-1 f\u00fcr den Wechselrichter des Maxus und gilt f\u00fcr Stromerzeugungsanlagen, die an Niederspannungsnetze angeschlossen sind, und die EN 50549-2 gilt f\u00fcr Stromerzeugungsanlagen, die an Mittelspannungsnetze angeschlossen sind.<\/p>\n<p>NEN-EN-IEC 62619:2022 - Sekund\u00e4rzellen und -batterien, die alkalische oder andere nicht-saure Elektrolyte enthalten - Sicherheitsanforderungen an sekund\u00e4re Lithiumzellen und -batterien zur Verwendung in industriellen Anwendungen<\/p>\n<p>NEN-EN-IEC 61000-6-2\u3001EN IEC 61000-6-4<\/p>\n<p>UL 9540A:2019 Ausgabe 4 - Norm f\u00fcr das Pr\u00fcfverfahren zur Bewertung der Ausbreitung eines thermischen Durchgehensfeuers in Batteriespeichersystemen<\/p>\n<p>UN38.3<\/p>\n<p>VDE4100<\/p>","protected":false},"excerpt":{"rendered":"<p>ACHTUNG ! Die Montage wird von Ihrem Installateur vor Ort mit Hilfe unseres technischen Personals durchgef\u00fchrt. Blauhoff Maxus 96Kwh Energiespeicherschrank Fl\u00fcssigkeitsgek\u00fchlt 10 Jahre Garantie 8000 Zyklen mit EV [...]<\/p>","protected":false},"featured_media":82535,"template":"","meta":{"_seopress_robots_primary_cat":"none","_seopress_titles_title":"","_seopress_titles_desc":"","_seopress_robots_index":"","_kad_blocks_custom_css":"","_kad_blocks_head_custom_js":"","_kad_blocks_body_custom_js":"","_kad_blocks_footer_custom_js":""},"product_cat":[17,18,19],"product_tag":[],"class_list":{"0":"post-82540","1":"product","2":"type-product","3":"status-publish","4":"has-post-thumbnail","6":"product_cat-home-batteries","7":"product_cat-hybrid-inverters","8":"product_cat-sets-with-inverters","10":"first","11":"instock","12":"taxable","13":"shipping-taxable","14":"purchasable","15":"product-type-simple"},"taxonomy_info":{"product_cat":[{"value":17,"label":"Home batteries"},{"value":18,"label":"Hybrid inverters"},{"value":19,"label":"Sets with inverters"}]},"featured_image_src_large":["https:\/\/ownpowr.com\/wp-content\/uploads\/2024\/05\/photo-2024-02-21-15-07-10.jpg",800,800,false],"author_info":[],"comment_info":"","_links":{"self":[{"href":"https:\/\/ownpowr.com\/de\/wp-json\/wp\/v2\/product\/82540","targetHints":{"allow":["GET"]}}],"collection":[{"href":"https:\/\/ownpowr.com\/de\/wp-json\/wp\/v2\/product"}],"about":[{"href":"https:\/\/ownpowr.com\/de\/wp-json\/wp\/v2\/types\/product"}],"wp:featuredmedia":[{"embeddable":true,"href":"https:\/\/ownpowr.com\/de\/wp-json\/wp\/v2\/media\/82535"}],"wp:attachment":[{"href":"https:\/\/ownpowr.com\/de\/wp-json\/wp\/v2\/media?parent=82540"}],"wp:term":[{"taxonomy":"product_cat","embeddable":true,"href":"https:\/\/ownpowr.com\/de\/wp-json\/wp\/v2\/product_cat?post=82540"},{"taxonomy":"product_tag","embeddable":true,"href":"https:\/\/ownpowr.com\/de\/wp-json\/wp\/v2\/product_tag?post=82540"}],"curies":[{"name":"wp","href":"https:\/\/api.w.org\/{rel}","templated":true}]}}