{"id":831,"date":"2023-10-04T16:35:29","date_gmt":"2023-10-04T14:35:29","guid":{"rendered":"https:\/\/ownpowr.com\/product\/blauhoff-bess-all-in-one-10k-10kwh\/"},"modified":"2025-03-27T12:50:48","modified_gmt":"2025-03-27T10:50:48","slug":"k-star-all-in-one-10k-10kwh","status":"publish","type":"product","link":"https:\/\/ownpowr.com\/de\/product\/blauhoff-bess-all-in-one-10k-10kwh\/","title":{"rendered":"K-stars All-In-One Dreiphasen-Speicherl\u00f6sung 10K\/10kWh"},"content":{"rendered":"<div class=\"proInfos proInfos2 clearfix\">\n<div class=\"left\">\n<p>K-stars All-In-One Dreiphasen-Speicherl\u00f6sung (3 Phasen)<\/p>\n<p>Wichtigste Vorteile<\/p>\n<ul>\n<li>Verwendet den Hochleistungs-LFP-Akku von CATL, der f\u00fcr seine Qualit\u00e4t bekannt ist und zu den f\u00fchrenden Zelllieferanten geh\u00f6rt.<\/li>\n<li>Kann eine betr\u00e4chtliche PV-Einspeisung von 20KW bew\u00e4ltigen, mit 10KW f\u00fcr die Aufladung und 10KW f\u00fcr den AC-Ausgang.<\/li>\n<li>Verf\u00fcgt \u00fcber ein modulares Design, das die Erweiterung des Energiespeichersystems durch mehrere 5,12KWH Einheiten erm\u00f6glicht.<\/li>\n<li>Bietet einen robusten 10KW 3-Phasen-Backup-Ausgang mit einer Ein\/Aus-Schaltzeit von weniger als 20 ms.<\/li>\n<li>Enth\u00e4lt ein Energiemanagementsystem (EMS), das es vielseitig f\u00fcr verschiedene Anwendungen einsetzbar macht.<\/li>\n<li>Unterst\u00fctzt maximal 4 Ger\u00e4te parallel f\u00fcr die Reserveleistung im netzunabh\u00e4ngigen Modus.<\/li>\n<li>Schlankes All-in-One-Design f\u00fcr Komfort und Effizienz.<\/li>\n<li>Weist eine hohe Effizienz auf und erreicht bis zu 97,6%.<\/li>\n<li>Die Schutzart IP65 sorgt f\u00fcr Langlebigkeit und Widerstandsf\u00e4higkeit.<\/li>\n<li>Optionale String-\u00dcberwachungsfunktion.<\/li>\n<li>Vereinfacht die Installationsverfahren.<\/li>\n<li>Ausgestattet mit einem digitalen Controller.<\/li>\n<li>Mit DC\/AC-\u00dcberspannungsschutz.<\/li>\n<li>Beinhaltet einen Blindleistungsregler.<\/li>\n<\/ul>\n<p>BluE-S- E10KT<\/p>\n<p>2 x 5.1k Pack<\/p>\n<p>1x Anschlusskit f\u00fcr Blue- 2x 5.1 Pack<\/p>\n<p>Informationen zur Garantie<\/p>\n<ul>\n<li>Mit einer 10-Jahres-Garantie.<\/li>\n<li>Ausgelegt f\u00fcr beeindruckende 10.000 Zyklen.<\/li>\n<\/ul>\n<p>Sonderangebot f\u00fcr die Installation<\/p>\n<ul>\n<li>Verf\u00fcgbar f\u00fcr die Installation in den Niederlanden zu einem Sonderpreis von nur 750 Euro!<\/li>\n<\/ul>\n<p><a href=\"https:\/\/ownpowr.com\/wp-content\/uploads\/2023\/10\/datasheet-k-star-blue.pdf\" target=\"_blank\" rel=\"noopener\">Datenblatt K-Star BluE<\/a><\/p>\n<\/div>\n<\/div>\n<div class=\"hotBuy hotBuy2 clearfix\">\n<div class=\"left\">\n<div class=\"a\">\n<p>&nbsp;<\/p>\n<\/div>\n<\/div>\n<\/div>","protected":false},"excerpt":{"rendered":"<p>Blauhoff<\/p>\n<p>10Jahres-Garantie<\/p>\n<p>10000 Zyklen<\/p>\n<p>80% DOD<\/p>","protected":false},"featured_media":832,"template":"","meta":{"_seopress_robots_primary_cat":"none","_seopress_titles_title":"K-star All-In-One Three Phase Storage Solution | High Performance LFP Battery","_seopress_titles_desc":"Get the K-star All-In-One Three Phase Storage Solution with CATL high performance LFP battery. 20KW PV input, modular design, easy installation, and more.","_seopress_robots_index":"","_kad_blocks_custom_css":"","_kad_blocks_head_custom_js":"","_kad_blocks_body_custom_js":"","_kad_blocks_footer_custom_js":""},"product_cat":[17,19],"product_tag":[],"class_list":{"0":"post-831","1":"product","2":"type-product","3":"status-publish","4":"has-post-thumbnail","6":"product_cat-home-batteries","7":"product_cat-sets-with-inverters","9":"first","10":"instock","11":"sale","12":"taxable","13":"shipping-taxable","14":"purchasable","15":"product-type-simple"},"taxonomy_info":{"product_cat":[{"value":17,"label":"Home batteries"},{"value":19,"label":"Sets with inverters"}]},"featured_image_src_large":["https:\/\/ownpowr.com\/wp-content\/uploads\/2023\/04\/Ontwerp-zonder-titel-1024x1024.png",1024,1024,true],"author_info":[],"comment_info":"","_links":{"self":[{"href":"https:\/\/ownpowr.com\/de\/wp-json\/wp\/v2\/product\/831","targetHints":{"allow":["GET"]}}],"collection":[{"href":"https:\/\/ownpowr.com\/de\/wp-json\/wp\/v2\/product"}],"about":[{"href":"https:\/\/ownpowr.com\/de\/wp-json\/wp\/v2\/types\/product"}],"wp:featuredmedia":[{"embeddable":true,"href":"https:\/\/ownpowr.com\/de\/wp-json\/wp\/v2\/media\/832"}],"wp:attachment":[{"href":"https:\/\/ownpowr.com\/de\/wp-json\/wp\/v2\/media?parent=831"}],"wp:term":[{"taxonomy":"product_cat","embeddable":true,"href":"https:\/\/ownpowr.com\/de\/wp-json\/wp\/v2\/product_cat?post=831"},{"taxonomy":"product_tag","embeddable":true,"href":"https:\/\/ownpowr.com\/de\/wp-json\/wp\/v2\/product_tag?post=831"}],"curies":[{"name":"wp","href":"https:\/\/api.w.org\/{rel}","templated":true}]}}