{"id":932,"date":"2023-10-04T16:37:39","date_gmt":"2023-10-04T14:37:39","guid":{"rendered":"https:\/\/ownpowr.com\/product\/enphase-encharge-3t-battery-only-15-year-warantee\/"},"modified":"2025-04-02T14:31:50","modified_gmt":"2025-04-02T12:31:50","slug":"enphase-encharge-3t-battery","status":"publish","type":"product","link":"https:\/\/ownpowr.com\/de\/product\/enphase-encharge-3t-batterie-nur-15-jahre-garantie\/","title":{"rendered":"Enphase Encharge 3T Batterie"},"content":{"rendered":"<p>Enphase Encharge 3T mit einer 15-Jahres-Garantie<\/p>\n<p>Bitte beachten Sie: Installateur-Zertifizierung erforderlich! Besuchen Sie die Enphase University, um Ihre Zertifizierung abzuschlie\u00dfen.<\/p>\n<p>Enphase IQ Battery 3T\/10T Vorteile von Enphase IQ 3T und 10T:<\/p>\n<ul>\n<li>Vollst\u00e4ndig integriertes AC-Batteriesystem mit integrierten IQ 8X-BAT Mikro-Wechselrichtern<\/li>\n<li>Einfacher Anschluss an den Wechselstrom eines normalen Haushaltsger\u00e4tes<\/li>\n<li>Passt sich genau an die spezifischen Umst\u00e4nde des Benutzers an<\/li>\n<li>Benutzerfreundliche Steuerung und \u00dcberwachung \u00fcber eine mobile App<\/li>\n<li>Passives K\u00fchlsystem (keine beweglichen Teile oder L\u00fcfter)<\/li>\n<li>Au\u00dfergew\u00f6hnliche Haltbarkeit mit 10 Jahren Garantie<\/li>\n<li>Die Zertifizierung des Installateurs ist f\u00fcr die Installation von Batterien obligatorisch. Wenden Sie sich an Ihren Enphase-Kundenbetreuer, um Einzelheiten zur Zertifizierung zu erfahren.<\/li>\n<li>Stellen Sie sicher, dass Sie das Art. 270072 - Enphase - IQ Gateway-S Metered Ger\u00e4t.<\/li>\n<li>Der Enphase IQ 3T bietet eine Gesamtspeicherkapazit\u00e4t von 3,5 kWh und verf\u00fcgt \u00fcber vier integrierte Mikro-Wechselrichter mit einer Gesamtleistung von 1,28 kW.<\/li>\n<li>Installateure k\u00f6nnen die Systemgr\u00f6\u00dfe problemlos an die Anforderungen neuer Kunden sowie an die Anforderungen von Kunden mit bereits vorhandenen Solarmodulen anpassen.<\/li>\n<\/ul>\n<p>Encharge 3T Batteriespeichersystem mit integrierten Mikro-Wechselrichtern der Enphase IQ Serie und Batteriemanagementeinheit (BMU).<\/p>\n<p>Dieses Set enth\u00e4lt:<\/p>\n<ul>\n<li>1x Encharge 3T Basiseinheit (ENP-B03-T01-INT00-1-2)<\/li>\n<\/ul>\n<p>Genie\u00dfen Sie den Seelenfrieden, der mit dem Enphase Encharge 3T einhergeht, der durch eine gro\u00dfz\u00fcgige 15-Jahres-Garantie abgesichert ist. Bitte beachten Sie, dass f\u00fcr die ordnungsgem\u00e4\u00dfe Installation und Konfiguration eine Zertifizierung des Installateurs erforderlich ist.<\/p>\n<p><strong>Weitere Informationen:<\/strong><\/p>\n<ul>\n<li><a href=\"https:\/\/storeyourownpower.com\/wp-content\/uploads\/2022\/12\/Datenblatt-German-Encharge-3T.pdf\" target=\"_blank\" rel=\"noopener\">Datenblatt German Encharge 3T<\/a><\/li>\n<li><a href=\"https:\/\/storeyourownpower.com\/wp-content\/uploads\/2022\/12\/Datasheet-English-Encharge-3T.pdf\" target=\"_blank\" rel=\"noopener\">Datenblatt Englisch Encharge 3T<\/a><\/li>\n<li><a href=\"https:\/\/storeyourownpower.com\/wp-content\/uploads\/2022\/12\/Warranty-terms-English-Encharge-3T.pdf\" target=\"_blank\" rel=\"noopener\">Garantiebedingungen Englisch Encharge 3T<\/a><\/li>\n<li><a href=\"https:\/\/storeyourownpower.com\/wp-content\/uploads\/2022\/12\/Warranty-terms-German-Encharge-3T.pdf\" target=\"_blank\" rel=\"noopener\">Garantiebedingungen German Encharge 3T<\/a><\/li>\n<li><a href=\"https:\/\/storeyourownpower.com\/wp-content\/uploads\/2022\/12\/Mounting-instructions-English-Encharge-3T.pdf\" target=\"_blank\" rel=\"noopener\">Montageanleitung Englisch Encharge 3T<\/a><\/li>\n<\/ul>","protected":false},"excerpt":{"rendered":"<p>15 Jahre Garantie bei diesem Preis !<\/p>","protected":false},"featured_media":39969,"template":"","meta":{"_seopress_robots_primary_cat":"none","_seopress_titles_title":"Enphase Encharge 3T: 15-Year Warranty, Installer Certification Required","_seopress_titles_desc":"Discover the advantages of Enphase IQ Battery 3T\/10T, a fully integrated AC battery system that optimally adjusts to your needs. Get certified at Enphase University.","_seopress_robots_index":"","_kad_blocks_custom_css":"","_kad_blocks_head_custom_js":"","_kad_blocks_body_custom_js":"","_kad_blocks_footer_custom_js":""},"product_cat":[17],"product_tag":[],"class_list":{"0":"post-932","1":"product","2":"type-product","3":"status-publish","4":"has-post-thumbnail","6":"product_cat-home-batteries","8":"first","9":"outofstock","10":"sale","11":"taxable","12":"shipping-taxable","13":"purchasable","14":"product-type-simple"},"taxonomy_info":{"product_cat":[{"value":17,"label":"Home batteries"}]},"featured_image_src_large":["https:\/\/ownpowr.com\/wp-content\/uploads\/2023\/10\/enphase-iq-batterij-3t-achterkant-900x900-2.jpeg",658,658,false],"author_info":[],"comment_info":"","_links":{"self":[{"href":"https:\/\/ownpowr.com\/de\/wp-json\/wp\/v2\/product\/932","targetHints":{"allow":["GET"]}}],"collection":[{"href":"https:\/\/ownpowr.com\/de\/wp-json\/wp\/v2\/product"}],"about":[{"href":"https:\/\/ownpowr.com\/de\/wp-json\/wp\/v2\/types\/product"}],"wp:featuredmedia":[{"embeddable":true,"href":"https:\/\/ownpowr.com\/de\/wp-json\/wp\/v2\/media\/39969"}],"wp:attachment":[{"href":"https:\/\/ownpowr.com\/de\/wp-json\/wp\/v2\/media?parent=932"}],"wp:term":[{"taxonomy":"product_cat","embeddable":true,"href":"https:\/\/ownpowr.com\/de\/wp-json\/wp\/v2\/product_cat?post=932"},{"taxonomy":"product_tag","embeddable":true,"href":"https:\/\/ownpowr.com\/de\/wp-json\/wp\/v2\/product_tag?post=932"}],"curies":[{"name":"wp","href":"https:\/\/api.w.org\/{rel}","templated":true}]}}