{"id":1761,"date":"2023-08-31T23:36:30","date_gmt":"2023-08-31T21:36:30","guid":{"rendered":"https:\/\/ownpowr.com\/?page_id=1761"},"modified":"2023-09-11T14:41:36","modified_gmt":"2023-09-11T12:41:36","slug":"privacy-policy","status":"publish","type":"page","link":"https:\/\/ownpowr.com\/es\/politica-de-privacidad\/","title":{"rendered":"Pol\u00edtica de privacidad"},"content":{"rendered":"<p>En Ownpowr, accesible desde https:\/\/ownpowr.com, una de nuestras principales prioridades es la privacidad de nuestros visitantes. Este documento de pol\u00edtica de privacidad contiene los tipos de informaci\u00f3n que recoge y registra Ownpowr y c\u00f3mo la utilizamos.<\/p><p>Si tiene alguna pregunta adicional o necesita m\u00e1s informaci\u00f3n sobre nuestra Pol\u00edtica de Privacidad, no dude en ponerse en contacto con nosotros. Nuestra Pol\u00edtica de Privacidad fue generada con la ayuda de <a href=\"https:\/\/www.gdprprivacynotice.com\/\">Generador de pol\u00edticas de privacidad GDPR<\/a><\/p><h3 class=\"wp-block-heading\">Reglamento general de protecci\u00f3n de datos (RGPD)<\/h3><p>Somos responsables del tratamiento de sus datos.<\/p><p>La base legal de Blauhoff para recolectar y usar la informaci\u00f3n personal descrita en esta Pol\u00edtica de Privacidad depende de la Informaci\u00f3n Personal que recolectamos y el contexto espec\u00edfico en el cual recolectamos la informaci\u00f3n:<\/p><ul class=\"wp-block-list\"><li>Blauhoff necesita cumplir un contrato con usted<\/li>\n\n<li>Usted ha dado permiso a Blauhoff para hacerlo<\/li>\n\n<li>El tratamiento de sus datos personales responde a los intereses leg\u00edtimos de Blauhoff<\/li>\n\n<li>Blauhoff tiene que cumplir la ley<\/li><\/ul><p>Blauhoff retendr\u00e1 su informaci\u00f3n personal solamente por el tiempo que sea necesario para los prop\u00f3sitos establecidos en esta Pol\u00edtica de Privacidad. Conservaremos y utilizaremos su informaci\u00f3n en la medida necesaria para cumplir con nuestras obligaciones legales, resolver disputas y hacer cumplir nuestras pol\u00edticas.<\/p><p>Si usted reside en el Espacio Econ\u00f3mico Europeo (EEE), tiene ciertos derechos en materia de protecci\u00f3n de datos. Si desea que le informemos sobre los datos personales que tenemos sobre usted y si desea que los eliminemos de nuestros sistemas, p\u00f3ngase en contacto con nosotros.<\/p><p>En determinadas circunstancias, usted tiene los siguientes derechos de protecci\u00f3n de datos:<\/p><ul class=\"wp-block-list\"><li>Derecho a acceder, actualizar o eliminar la informaci\u00f3n que tenemos sobre usted.<\/li>\n\n<li>El derecho de rectificaci\u00f3n.<\/li>\n\n<li>El derecho de oposici\u00f3n.<\/li>\n\n<li>El derecho de restricci\u00f3n.<\/li>\n\n<li>El derecho a la portabilidad de los datos<\/li>\n\n<li>El derecho a retirar el consentimiento<\/li><\/ul><h3 class=\"wp-block-heading\">Archivos de registro<\/h3><p>Ownpowr sigue un procedimiento est\u00e1ndar de utilizaci\u00f3n de archivos de registro. Estos archivos registran a los visitantes cuando visitan los sitios web. Todas las empresas de alojamiento hacen esto y forma parte de los an\u00e1lisis de los servicios de alojamiento. La informaci\u00f3n recogida por los archivos de registro incluye direcciones de protocolo de Internet (IP), tipo de navegador, proveedor de servicios de Internet (ISP), sello de fecha y hora, p\u00e1ginas de referencia\/salida y, posiblemente, el n\u00famero de clics. \u00c9stos no est\u00e1n vinculados a ninguna informaci\u00f3n que sea personalmente identificable. El prop\u00f3sito de la informaci\u00f3n es analizar tendencias, administrar el sitio, rastrear el movimiento de los usuarios en el sitio web y recopilar informaci\u00f3n demogr\u00e1fica.<\/p><h3 class=\"wp-block-heading\">Cookies y balizas web<\/h3><p>Como cualquier otro sitio web, Ownpowr utiliza \"cookies\". Estas cookies se utilizan para almacenar informaci\u00f3n que incluye las preferencias de los visitantes y las p\u00e1ginas del sitio web a las que el visitante accedi\u00f3 o visit\u00f3. La informaci\u00f3n se utiliza para optimizar la experiencia de los usuarios personalizando el contenido de nuestra p\u00e1gina web en funci\u00f3n del tipo de navegador de los visitantes y\/u otra informaci\u00f3n.<\/p><h3 class=\"wp-block-heading\">Pol\u00edticas de privacidad<\/h3><p>Puede consultar esta lista para encontrar la Pol\u00edtica de Privacidad de cada uno de los socios publicitarios de Ownpowr.<\/p><p>Los servidores o redes publicitarias de terceros utilizan tecnolog\u00edas como cookies, JavaScript o balizas web que se emplean en sus respectivos anuncios y enlaces que aparecen en Ownpowr y que se env\u00edan directamente al navegador de los usuarios. Cuando esto ocurre, reciben autom\u00e1ticamente su direcci\u00f3n IP. Estas tecnolog\u00edas se utilizan para medir la eficacia de sus campa\u00f1as publicitarias y\/o para personalizar el contenido publicitario que usted ve en los sitios web que visita.<\/p><p>Tenga en cuenta que Ownpowr no tiene acceso ni control sobre estas cookies que son utilizadas por anunciantes terceros.<\/p><h3 class=\"wp-block-heading\">Pol\u00edticas de privacidad de terceros<\/h3><p>La Pol\u00edtica de Privacidad de Ownpowr no se aplica a otros anunciantes o sitios web. Por lo tanto, le aconsejamos que consulte las respectivas Pol\u00edticas de Privacidad de estos servidores de anuncios de terceros para obtener informaci\u00f3n m\u00e1s detallada. Puede incluir sus pr\u00e1cticas e instrucciones sobre c\u00f3mo optar por no participar en determinadas opciones.<\/p><p>Puede optar por desactivar las cookies a trav\u00e9s de las opciones individuales de su navegador. Para conocer informaci\u00f3n m\u00e1s detallada sobre la gesti\u00f3n de cookies con navegadores web espec\u00edficos, puede encontrarla en las respectivas p\u00e1ginas web de los navegadores.<\/p><h3 class=\"wp-block-heading\">Informaci\u00f3n infantil<\/h3><p>Otra parte de nuestra prioridad es a\u00f1adir protecci\u00f3n para los ni\u00f1os mientras utilizan Internet. Animamos a los padres y tutores a que observen, participen y\/o supervisen y gu\u00eden su actividad en l\u00ednea.<\/p><p>Ownpowr no recopila a sabiendas ning\u00fan tipo de informaci\u00f3n personal identificable de ni\u00f1os menores de 13 a\u00f1os. Si cree que su hijo ha proporcionado este tipo de informaci\u00f3n en nuestro sitio web, le recomendamos encarecidamente que se ponga en contacto con nosotros inmediatamente y haremos todo lo posible por eliminar r\u00e1pidamente dicha informaci\u00f3n de nuestros registros.<\/p><h3 class=\"wp-block-heading\">Pol\u00edtica de privacidad en l\u00ednea \u00fanicamente<\/h3><p>Nuestra pol\u00edtica de privacidad se aplica \u00fanicamente a nuestras actividades en l\u00ednea y es v\u00e1lida para los visitantes de nuestro sitio web en lo que respecta a la informaci\u00f3n que compartieron y\/o recopilaron en Ownpowr. Esta pol\u00edtica no es aplicable a ninguna informaci\u00f3n recopilada fuera de l\u00ednea o a trav\u00e9s de canales distintos de este sitio web.<\/p><h3 class=\"wp-block-heading\">Consentimiento<\/h3><p>Al utilizar nuestro sitio web, usted acepta nuestra Pol\u00edtica de Privacidad y est\u00e1 de acuerdo con sus t\u00e9rminos.<\/p>","protected":false},"excerpt":{"rendered":"<p>En Ownpowr, accesible desde https:\/\/ownpowr.com, una de nuestras principales prioridades es la privacidad de nuestros visitantes. Este documento de pol\u00edtica de privacidad contiene los tipos de informaci\u00f3n que recoge y registra [...]<\/p>","protected":false},"author":1,"featured_media":0,"parent":0,"menu_order":0,"comment_status":"closed","ping_status":"closed","template":"","meta":{"_seopress_robots_primary_cat":"","_seopress_titles_title":"","_seopress_titles_desc":"","_seopress_robots_index":"","_kad_blocks_custom_css":"","_kad_blocks_head_custom_js":"","_kad_blocks_body_custom_js":"","_kad_blocks_footer_custom_js":"","footnotes":""},"class_list":["post-1761","page","type-page","status-publish"],"taxonomy_info":[],"featured_image_src_large":false,"author_info":{"display_name":"job-39sj@s9jal019","author_link":"https:\/\/ownpowr.com\/es\/author\/job-39sjs9jal019\/"},"comment_info":0,"_links":{"self":[{"href":"https:\/\/ownpowr.com\/es\/wp-json\/wp\/v2\/pages\/1761","targetHints":{"allow":["GET"]}}],"collection":[{"href":"https:\/\/ownpowr.com\/es\/wp-json\/wp\/v2\/pages"}],"about":[{"href":"https:\/\/ownpowr.com\/es\/wp-json\/wp\/v2\/types\/page"}],"author":[{"embeddable":true,"href":"https:\/\/ownpowr.com\/es\/wp-json\/wp\/v2\/users\/1"}],"replies":[{"embeddable":true,"href":"https:\/\/ownpowr.com\/es\/wp-json\/wp\/v2\/comments?post=1761"}],"version-history":[{"count":0,"href":"https:\/\/ownpowr.com\/es\/wp-json\/wp\/v2\/pages\/1761\/revisions"}],"wp:attachment":[{"href":"https:\/\/ownpowr.com\/es\/wp-json\/wp\/v2\/media?parent=1761"}],"curies":[{"name":"wp","href":"https:\/\/api.w.org\/{rel}","templated":true}]}}