{"id":1763,"date":"2023-08-31T23:36:56","date_gmt":"2023-08-31T21:36:56","guid":{"rendered":"https:\/\/ownpowr.com\/?page_id=1763"},"modified":"2023-09-11T16:06:47","modified_gmt":"2023-09-11T14:06:47","slug":"terms-and-conditions","status":"publish","type":"page","link":"https:\/\/ownpowr.com\/es\/terminos-y-condiciones\/","title":{"rendered":"T\u00e9rminos y condiciones"},"content":{"rendered":"<p><strong>Portales: www.ownpowr.com<\/strong><\/p><h3 class=\"wp-block-heading\"><strong>Art\u00edculo 1. Aplicabilidad<\/strong><\/h3><p>1.1 Estos T\u00e9rminos y Condiciones Generales se aplican a todas las ofertas de Blauhoff, que opera bajo el nombre comercial \"Blauhoff\" y a todos los acuerdos celebrados con Blauhoff.<\/p><p>1.2 Las disposiciones de las presentes Condiciones Generales s\u00f3lo podr\u00e1n apartarse de las mismas si se acuerda expresamente por escrito, en cuyo caso las restantes disposiciones de las presentes Condiciones Generales seguir\u00e1n en pleno vigor y efecto.<\/p><p>1.3 Si el Comprador tambi\u00e9n hace referencia a sus t\u00e9rminos y condiciones generales, dichos t\u00e9rminos y condiciones no se aplicar\u00e1n a menos que Blauhoff lo acuerde expresamente por escrito.<\/p><p>1.4 \"Comprador\" significa cualquier visitante de los sitios de Internet o cualquier persona f\u00edsica o jur\u00eddica que est\u00e9 o vaya a estar en una relaci\u00f3n contractual de cualquier tipo con Blauhoff.<\/p><p>1.5 Blauhoff est\u00e1 autorizado a utilizar a terceros en la ejecuci\u00f3n de un acuerdo con el Comprador. 1.6 Blauhoff se reserva el derecho de modificar o complementar estos T\u00e9rminos de vez en cuando. <\/p><h3 class=\"wp-block-heading\"><strong>Art\u00edculo 2. Ofertas y formaci\u00f3n de acuerdos<\/strong><\/h3><p>2.1 Las ofertas o cotizaciones deben ser consideradas como una invitaci\u00f3n a los compradores potenciales a realizar una oferta. Blauhoff no est\u00e1 de ninguna manera obligado por esto, a menos que se haya registrado por escrito y sin ambig\u00fcedades. La aceptaci\u00f3n de la invitaci\u00f3n a hacer una oferta por parte del Comprador potencial constituir\u00e1 una oferta y s\u00f3lo dar\u00e1 lugar a la formaci\u00f3n de un acuerdo si se han cumplido las dem\u00e1s disposiciones de este art\u00edculo.<\/p><p>2.2 Las ofertas son v\u00e1lidas hasta agotar existencias.<\/p><p>2.3 Un presupuesto registrado ser\u00e1 v\u00e1lido durante un periodo de dos (2) semanas, a menos que se especifique otro periodo en el presupuesto.<\/p><p>2.4 La oferta del Comprador potencial mencionada en el art\u00edculo 2.1 se considerar\u00e1 realizada en cualquiera de las siguientes circunstancias:<\/p><p>- el Comprador potencial ha especificado exactamente qu\u00e9 producto y\/o servicio desea recibir;<\/p><p>- una oferta ha sido firmada por el Comprador y recibida por Blauhoff en caso de que una oferta nombrada haya sido emitida por Blauhoff;<\/p><p>- El Comprador potencial ha introducido sus datos en la pantalla de entrada correspondiente del sitio de Internet y ha enviado los datos pertinentes (\"formulario de pedido\") a Blauhoff por v\u00eda electr\u00f3nica, y estos datos han sido recibidos por Blauhoff.<\/p><p>2.5 Un acuerdo se concluye en el momento en que se entrega al Comprador una confirmaci\u00f3n de pedido o, en caso de que la oferta se realice a trav\u00e9s del sitio de Internet, se env\u00eda por correo electr\u00f3nico a la direcci\u00f3n de correo electr\u00f3nico facilitada por el Comprador. Este acuerdo puede ser revocado por Blauhoff en caso de que el Comprador no cumpla o no haya cumplido en el pasado las condiciones. En ese caso, Blauhoff notificar\u00e1 al Comprador dentro de los diez (10) d\u00edas siguientes a la recepci\u00f3n del pedido.<\/p><p>2.6 El Comprador y Blauhoff acuerdan expresamente que mediante el uso de formas electr\u00f3nicas de comunicaci\u00f3n, se concluir\u00e1 un acuerdo v\u00e1lido tan pronto como se hayan cumplido las condiciones de los art\u00edculos 2.4 y 2.5. En particular, incluso la ausencia de una firma ordinaria no afectar\u00e1 a la fuerza vinculante de la oferta y su aceptaci\u00f3n. Los archivos electr\u00f3nicos de Blauhoff servir\u00e1n aqu\u00ed, en la medida permitida por la ley, como presunci\u00f3n de prueba.<\/p><p>2.7 La informaci\u00f3n, las im\u00e1genes, los avisos dados oralmente, por tel\u00e9fono o por correo electr\u00f3nico y las declaraciones et cetera relacionadas con todas las ofertas y las caracter\u00edsticas m\u00e1s importantes de los productos se dan o se hacen con la mayor exactitud posible. Sin embargo, Blauhoff no garantiza que todas las ofertas y productos cumplan totalmente con la informaci\u00f3n dada et cetera. En principio, las desviaciones no pueden ser motivo de indemnizaci\u00f3n y\/o disoluci\u00f3n.<\/p><h3 class=\"wp-block-heading\"><strong>Art\u00edculo 3. Precios<\/strong><\/h3><p>3.1 Todos los precios se expresan, si no se acuerda otra cosa, en euros, de conformidad con la normativa legal en la materia.<\/p><p>3.2 Las ofertas especiales s\u00f3lo son v\u00e1lidas hasta agotar existencias.<\/p><p>3.3 El Comprador deber\u00e1 el precio que Blauhoff le comunique en su confirmaci\u00f3n de acuerdo con el Art\u00edculo 2.5 de estos T\u00e9rminos y Condiciones. Los errores obvios (de manipulaci\u00f3n) en la oferta de precio, tales como inexactitudes evidentes, tambi\u00e9n pueden ocurrir despu\u00e9s de la conclusi\u00f3n del acuerdo por Blauhoff son corregidos.<\/p><p>3.4 Los gastos de env\u00edo no est\u00e1n incluidos en el precio. Se aplican tarifas especiales para la entrega fuera de los Pa\u00edses Bajos. Con respecto a determinados m\u00e9todos de pago, se aplican otras condiciones relativas al m\u00e9todo de entrega y a los costes asociados. Esto se comunicar\u00e1 claramente al Comprador.<\/p><p>3.5 Si despu\u00e9s de la fecha de la oferta uno o varios factores del precio de coste sufren un aumento, aunque \u00e9ste se produzca como consecuencia de circunstancias previsibles, Blauhoff tendr\u00e1 derecho a aumentar el precio acordado en consecuencia. Si se produce un aumento de precio dentro de los tres meses siguientes a la conclusi\u00f3n del<\/p><p>acuerdo, el consumidor puede disolver el acuerdo en un plazo de 10 d\u00edas, a menos que; el aumento de precio resulte de un poder o una obligaci\u00f3n del proveedor en virtud de la ley o si se ha estipulado que la entrega tendr\u00e1 lugar m\u00e1s de tres meses despu\u00e9s de la compra.<\/p><h3 class=\"wp-block-heading\"><strong>Art\u00edculo 4. Pago<\/strong><\/h3><p>4.1 Los pedidos pueden pagarse de las siguientes formas:<\/p><p>-pago por adelantado mediante giro o transferencia bancaria e ideal, la mercanc\u00eda pedida se enviar\u00e1 tras la recepci\u00f3n del pago;<\/p><p>- Al recoger un pedido, el pago puede efectuarse mediante pin o en efectivo ;<\/p><p>- Blauhoff puede ampliar las opciones de pago en el futuro. Otras opciones de pago se dar\u00e1n a conocer a trav\u00e9s del sitio de Internet.<\/p><p>4.2 Cuando Blauhoff haya acordado un plazo de pago, el Comprador incurrir\u00e1 en mora por el mero vencimiento de dicho plazo. Los plazos de pago s\u00f3lo podr\u00e1n acordarse por escrito en las condiciones que se establezcan y acuerden en ese momento.<\/p><p>4.3 En caso de impago o demora en el pago por parte del Comprador, se devengar\u00e1n intereses legales sobre el importe pendiente desde el d\u00eda en que deber\u00eda haberse efectuado el pago como muy tarde hasta el d\u00eda del pago \u00edntegro, por lo que un mes comenzado se contar\u00e1 como un mes completo.<\/p><p>4.4 El Comprador tambi\u00e9n correr\u00e1 con todos los gastos de cobro extrajudiciales y judiciales de cualquier tipo en los que incurra Blauhoff como consecuencia del incumplimiento por parte del Comprador de sus obligaciones (de pago). Los costes de cobro extrajudiciales a cargo del Comprador ser\u00e1n como m\u00ednimo del 15% de la cantidad adeudada y nunca superiores a los costes de cobro m\u00e1ximos permitidos. La entrega de los productos y\/o servicios podr\u00e1 suspenderse hasta el pago del precio de la factura.<\/p><p>4.5 En caso de impago puntual, Blauhoff tendr\u00e1 derecho a disolver el acuerdo con efecto inmediato o a suspender (m\u00e1s) entregas hasta el momento en que el Comprador haya cumplido \u00edntegramente con las obligaciones de pago, incluido el pago de los intereses y costes adeudados.<\/p><p>4.6 Si el Comprador incumple sus obligaciones de pago o tiene dificultades de pago, Blauhoff tendr\u00e1 derecho, sin previo requerimiento y\/o notificaci\u00f3n de incumplimiento, a. Recuperar y disolver el acuerdo. El Comprador otorga a Blauhoff permiso para recuperar los productos, si es necesario retirarlos y recuperarlos, y el Comprador deber\u00e1 proporcionar a Blauhoff todas las oportunidades para hacerlo. Este consentimiento tambi\u00e9n cubre la situaci\u00f3n en la que la adhesi\u00f3n o algo similar hubiera tenido lugar. La eliminaci\u00f3n de los productos correr\u00e1 a cargo del comprador. En caso de eliminaci\u00f3n de los productos, Blauhoff no estar\u00e1 obligada a pagar al comprador por los mismos. El producto instalado tuber\u00edas, accesorios, etc, y \/ o deshacer los arreglos constructivos realizados.<\/p><h3 class=\"wp-block-heading\"><strong>Art\u00edculo 5. Entrega y plazo de entrega<\/strong><\/h3><p>5.1 Los pedidos se entregar\u00e1n lo antes posible. En principio, Blauhoff tiene como objetivo enviar los pedidos en un plazo de cinco d\u00edas laborables. El plazo m\u00e1ximo de entrega es de 60 d\u00edas tras la recepci\u00f3n del pedido, excepto para los pagos por adelantado, en los que el plazo m\u00e1ximo de entrega es de 40 d\u00edas tras la recepci\u00f3n del pago. El plazo de entrega mencionado es s\u00f3lo una indicaci\u00f3n y nunca un plazo. Sin embargo, para algunos productos, en particular los sistemas de paneles solares, los plazos de entrega y los precios de mercado var\u00edan enormemente en funci\u00f3n de la oferta y la demanda mundiales actuales. Blauhoff anunciar\u00e1 los plazos de entrega modificados lo antes posible. Blauhoff puede proporcionar m\u00e1s informaci\u00f3n sobre los plazos de entrega en el sitio de Internet o de otra manera por escrito. Dicha informaci\u00f3n es meramente indicativa.<\/p><p>5.2 Si un producto que est\u00e1 temporalmente fuera de stock es pedido por un Comprador, se le avisar\u00e1 cuando el producto estar\u00e1 disponible de nuevo. Blauhoff se esforzar\u00e1 por notificar al Comprador de retrasos dentro de tres d\u00edas h\u00e1biles por correo electr\u00f3nico o por tel\u00e9fono.<\/p><p>5.3 Las entregas de los pedidos enviados se realizar\u00e1n en la direcci\u00f3n facilitada por el Comprador durante la formaci\u00f3n del acuerdo.<\/p><p>5.4 Una vez que los productos a entregar hayan sido entregados en la direcci\u00f3n de entrega especificada, el riesgo, en lo que a estos productos se refiere, se transfiere al Comprador. Para las entregas que sean recogidas por el Comprador, el riesgo, en lo que a estos productos se refiere, se transfiere al Comprador en el momento de la transferencia pero, en cualquier caso, antes de la carga.<\/p><p>5.5 Las entregas podr\u00e1n realizarse por partes por razones pr\u00e1cticas. 5.6 Podr\u00e1n aplicarse condiciones diferentes a las entregas en el extranjero. <\/p><h3 class=\"wp-block-heading\"><strong>Art\u00edculo 6. Intercambios<\/strong><\/h3><p>6.1 El Comprador est\u00e1 obligado a inspeccionar cuidadosamente los productos (o hacer que se inspeccionen) inmediatamente despu\u00e9s de su recepci\u00f3n y a informar inmediatamente de cualquier defecto o da\u00f1o. Los da\u00f1os ocasionados por el transporte tambi\u00e9n deben comunicarse inmediatamente al transportista correspondiente. Los programas inform\u00e1ticos o productos similares s\u00f3lo podr\u00e1n cambiarse en un plazo de 3 d\u00edas y en el embalaje original, del que no se haya roto el precinto. El cambio s\u00f3lo es posible previa presentaci\u00f3n de la factura original.<\/p><h3 class=\"wp-block-heading\"><strong>Art\u00edculo 7. Garant\u00eda de satisfacci\u00f3n y derecho de desistimiento<\/strong><\/h3><p>7.1 El consumidor-comprador tiene derecho a ejercer un derecho de desistimiento sin penalizaci\u00f3n ni explicaci\u00f3n en un plazo de 14 d\u00edas laborables a partir de la recepci\u00f3n. Quedan excluidos de este derecho de desistimiento los productos especialmente encargados y montados (casi siempre con sistemas de paneles solares) y los programas inform\u00e1ticos u otros productos cuyo precinto est\u00e9 roto. El consumidor-comprador es responsable de los da\u00f1os sufridos por los productos devueltos, incluso si han sido causados por el transporte de devoluci\u00f3n.<\/p><p>7.2 Si el consumidor-comprador ha ejercido el derecho de desistimiento como se indica en el p\u00e1rrafo anterior, Blauhoff garantizar\u00e1 el reembolso del importe pagado por el consumidor-comprador a Blauhoff en un plazo de 14 d\u00edas.<\/p><p>7.3 Los gastos de devoluci\u00f3n del producto correr\u00e1n a cargo del consumidor-comprador.<\/p><h3 class=\"wp-block-heading\"><strong>Art\u00edculo 8. Conservaci\u00f3n del t\u00edtulo<\/strong><\/h3><p>8.1 La propiedad de los productos, a pesar de la entrega real, no pasar\u00e1 al Comprador hasta que el Comprador haya pagado en su totalidad todo lo que el Comprador deba en relaci\u00f3n con cualquier acuerdo con Blauhoff, incluyendo el pago de intereses y costes, incluyendo los de entregas anteriores o posteriores y cualquier trabajo realizado o por realizar en relaci\u00f3n con los productos.<\/p><p>8.2 El Comprador no podr\u00e1 gravar, vender, revender, enajenar o gravar de otro modo los productos antes de que se haya transmitido la propiedad.<\/p><h3 class=\"wp-block-heading\"><strong>Art\u00edculo 9. Instalaci\u00f3n y montaje<\/strong><\/h3><p>9.1 El producto ser\u00e1 instalado y conectado por el propio Comprador, a menos que se acuerde que la instalaci\u00f3n del producto sea realizada por Blauhoff.<\/p><p>9.2 El Comprador es responsable ante Blauhoff de la correcta y oportuna realizaci\u00f3n de todas las instalaciones, disposiciones o condiciones necesarias para la disposici\u00f3n del producto a ensamblar y\/o el correcto funcionamiento del producto en su estado ensamblado.<\/p><p>9.3 Sin perjuicio de las disposiciones anteriores, en el caso de la prestaci\u00f3n de servicios por parte de Blauhoff, el Comprador deber\u00e1 garantizar en todo caso por su cuenta y riesgo que:<\/p><p>a) el personal de Blauhoff o de la tercera parte contratada por ella, tan pronto como llegue al lugar del montaje, obtenga acceso y pueda comenzar y continuar realizando el trabajo durante las horas normales de trabajo y, adem\u00e1s, si Blauhoff lo considera necesario, fuera de las horas normales de trabajo, siempre que lo haya notificado oportunamente al Comprador.<\/p><p>(b) las carreteras de acceso al lugar de instalaci\u00f3n son adecuadas para el transporte necesario. (c) el lugar de instalaci\u00f3n designado es adecuado para el almacenamiento y el montaje.<\/p><p>(d) se han tomado y se mantienen todas las medidas de seguridad y precauci\u00f3n necesarias, as\u00ed como que se han tomado y se mantienen todas las medidas para cumplir la normativa gubernamental aplicable en el contexto del montaje\/instalaci\u00f3n.<\/p><p>(e) no hay amianto presente en el lugar de colocaci\u00f3n del producto.<\/p><p>f) En la medida en que sea aplicable, el Comprador se asegurar\u00e1 de que Blauhoff tenga acceso oportuno a las aprobaciones y permisos necesarios para los Servicios, as\u00ed como a los datos que deba proporcionar el Comprador en relaci\u00f3n con la prestaci\u00f3n de los Servicios.<\/p><p>9.4 El comprador debe asegurarse de que los trabajos y\/o entregas que deban ser realizados por terceros, que no formen parte de los trabajos de montaje\/instalaci\u00f3n de Blauhoff o del tercero que haya contratado, se lleven a cabo de tal forma y en el momento oportuno que no se retrase la realizaci\u00f3n de los trabajos por parte de Blauhoff o en su nombre. Si, a pesar de ello, se produce un retraso en el sentido de este p\u00e1rrafo, el comprador deber\u00e1 notificarlo oportunamente a Blauhoff.<\/p><p>9.5 Los da\u00f1os y costes que se produzcan porque las condiciones estipuladas en este art\u00edculo no se han cumplido o no se han cumplido a tiempo, correr\u00e1n a cargo del comprador.<\/p><p>9.6 El Comprador asume el riesgo por da\u00f1os causados por: inexactitudes en la informaci\u00f3n facilitada y\/o en el trabajo asignado; inexactitudes en las construcciones y m\u00e9todos de trabajo requeridos por el Comprador; defectos en los materiales o recursos puestos a disposici\u00f3n por el Comprador; defectos en los bienes muebles o inmuebles en los que se est\u00e1 realizando el trabajo.<\/p><p>9.7 Blauhoff hace todo lo posible para realizar los servicios de manera oportuna. Blauhoff no es responsable de los da\u00f1os directos e indirectos si no realiza los servicios de manera oportuna.<\/p><p>9.8 Blauhoff se esforzar\u00e1 por realizar los servicios que debe prestar como un buen contratista.<\/p><p>9.9 Si hay trabajo adicional, Blauhoff tendr\u00e1 derecho a cobrarlo al Comprador. El trabajo adicional ser\u00e1 - en la medida de lo posible - comunicado por Blauhoff al Comprador tan pronto como sea posible. Se considerar\u00e1 que el Comprador est\u00e1 de acuerdo con la ejecuci\u00f3n del trabajo adicional, los costes asociados y, si es necesario, el plazo de entrega ajustado, a menos que el Comprador se oponga antes del comienzo de la ejecuci\u00f3n del trabajo adicional y en cualquier caso dentro de los cinco d\u00edas siguientes a la mencionada notificaci\u00f3n por parte de Blauhoff.<\/p><h3 class=\"wp-block-heading\"><strong>Art\u00edculo 10. Garant\u00eda y responsabilidad<\/strong><\/h3><p>10.1 La garant\u00eda de los productos suministrados por Blauhoff est\u00e1 determinada por el fabricante del producto en cuesti\u00f3n. Si esta regulaci\u00f3n es desventajosa para el consumidor-Comprador en comparaci\u00f3n con los derechos que el consumidor-Comprador puede hacer valer contra Blauhoff de acuerdo con la ley y el acuerdo a distancia, entonces se aplicar\u00e1n al menos los derechos de acuerdo con la ley y el acuerdo a distancia. En t\u00e9rminos pr\u00e1cticos, esto significa que el consumidor-Comprador tiene derecho a la reparaci\u00f3n o sustituci\u00f3n gratuita de la compra durante un periodo de al menos 2 a\u00f1os en caso de defecto por causas ajenas a su voluntad.<\/p><p>10.2 Blauhoff nunca estar\u00e1 obligado a pagar ninguna compensaci\u00f3n al Comprador o a otros a menos que exista dolo o negligencia grave por parte de Blauhoff. Blauhoff nunca ser\u00e1 responsable de p\u00e9rdidas consecuentes o comerciales, p\u00e9rdidas indirectas y p\u00e9rdida de beneficios o facturaci\u00f3n.<\/p><p>10.3 La responsabilidad de Blauhoff por da\u00f1os nunca exceder\u00e1 una cantidad igual al valor de la factura con respecto al producto o servicio causante del da\u00f1o.<\/p><p>10.4 No obstante lo dispuesto en el presente art\u00edculo, no podr\u00e1 haber garant\u00eda si el desgaste puede considerarse normal y adem\u00e1s en los siguientes casos:<\/p><p>-si se ha realizado alg\u00fan cambio en o sobre el producto, incluyendo reparaciones no realizadas con el consentimiento de Blauhoff o del fabricante;<\/p><p>-si la factura original no puede presentarse, ha sido alterada o se ha vuelto ilegible; -si los defectos son consecuencia de un uso incorrecto o inapropiado;<\/p><p>-si se han producido da\u00f1os por causas o influencias externas;<\/p><p>-si el da\u00f1o fue causado por dolo, negligencia grave o mantenimiento negligente.<\/p><p>10.5 El Comprador est\u00e1 obligado a indemnizar a Blauhoff por cualquier reclamaci\u00f3n que terceros puedan hacer valer contra Blauhoff en relaci\u00f3n con la ejecuci\u00f3n del contrato, en la medida en que la ley no impida que los da\u00f1os y costes correspondientes corran a cargo del Comprador.<\/p><p>10.6 Blauhoff puede incluir en su sitio de Internet enlaces a otros sitios de Internet que puedan ser de inter\u00e9s o informativos para el visitante. Dichos enlaces son meramente informativos. Blauhoff no se hace responsable del contenido del sitio de Internet al que se hace referencia ni del uso que pueda hacerse de \u00e9l.<\/p><h3 class=\"wp-block-heading\"><strong>Art\u00edculo 11. Fuerza mayor<\/strong><\/h3><p>11.1 En caso de fuerza mayor, Blauhoff no est\u00e1 obligada a cumplir sus obligaciones con el Comprador, o la obligaci\u00f3n queda suspendida mientras dure la fuerza mayor.<\/p><p>11.2 Se entiende por fuerza mayor cualquier circunstancia, independiente de su voluntad, que impida el cumplimiento total o parcial de sus obligaciones para con el Comprador. Dichas circunstancias incluyen huelgas, incendios, perturbaciones comerciales, fallos energ\u00e9ticos, falta de entrega o retraso en la entrega por parte de los proveedores u otros terceros contratados y la ausencia de cualquier permiso gubernamental. La fuerza mayor tambi\u00e9n incluye fallos en una red o conexi\u00f3n (de telecomunicaciones) o en los sistemas de comunicaci\u00f3n utilizados y\/o la indisponibilidad del sitio de Internet en cualquier momento.<\/p><h3 class=\"wp-block-heading\"><strong>Art\u00edculo 12. Propiedad intelectual<\/strong><\/h3><p>12.1 El Comprador reconoce expresamente que todos los derechos de propiedad intelectual de la informaci\u00f3n mostrada, comunicaciones u otras expresiones relacionadas con los productos y\/o relacionadas con el sitio de Internet pertenecen a Blauhoff, sus proveedores u otros demandantes.<\/p><p>12.2 Por derechos de propiedad intelectual se entiende los derechos de patente, de autor, de marca, de dise\u00f1o y de modelo y\/u otros derechos (de propiedad intelectual), incluidos los patentables<\/p><p>Conocimientos t\u00e9cnicos y\/o comerciales, m\u00e9todos y conceptos.<\/p><p>12.3 El Comprador tiene prohibido hacer cualquier uso, incluyendo la realizaci\u00f3n de cambios, de los derechos de propiedad intelectual descritos en este art\u00edculo, tales como la reproducci\u00f3n, sin el permiso expreso previo por escrito de Blauhoff, sus proveedores u otras partes autorizadas, a menos que sea puramente para uso privado en relaci\u00f3n con el producto en s\u00ed.<\/p><h3 class=\"wp-block-heading\"><strong>Art\u00edculo 13. Datos personales<\/strong><\/h3><p>13.1 Blauhoff s\u00f3lo procesar\u00e1 los datos del Comprador de acuerdo con su pol\u00edtica de privacidad. 13.2 Blauhoff cumplir\u00e1 con la normativa y legislaci\u00f3n aplicable en materia de privacidad. <\/p><h3 class=\"wp-block-heading\"><strong>Art\u00edculo 14. Legislaci\u00f3n aplicable y competente <\/strong>tribunal<\/h3><p>14.1 Todas las ofertas y acuerdos se rigen exclusivamente por la legislaci\u00f3n holandesa.<br>14.2 Queda expresamente excluida la aplicabilidad de la Convenci\u00f3n de Viena sobre Compraventa.<\/p><p>14.3 Todas las disputas relacionadas con o derivadas de ofertas de Blauhoff o acuerdos celebrados con Blauhoff se someter\u00e1n al tribunal competente en Zwolle, Pa\u00edses Bajos, a menos que la ley designe expresamente otro tribunal como competente.<\/p><h3 class=\"wp-block-heading\"><strong>Art\u00edculo 15. Varios<\/strong><\/h3><p>15.1 Blauhoff BV tiene su sede en Heemstraweg 123, 6651 KH, Druten y est\u00e1 registrada en la C\u00e1mara de Comercio con el n\u00ba. 83845577. Por favor, env\u00ede toda la correspondencia relativa a un acuerdo o a estos t\u00e9rminos y condiciones a Blauhoff a la direcci\u00f3n arriba indicada o a la direcci\u00f3n de correo electr\u00f3nico indicada en el sitio de Internet.<\/p><p>15.2 Blauhoff se esfuerza por responder a los correos electr\u00f3nicos que recibe a m\u00e1s tardar en cinco d\u00edas h\u00e1biles.<\/p><h3 class=\"wp-block-heading\"><strong>Art\u00edculo 16. Comprar sin IVA en los Pa\u00edses Bajos y Alemania<\/strong><\/h3><p>16.1 En los Pa\u00edses Bajos y Alemania, algunos productos se ofrecen con la tarifa cero. Esta denominada tarifa cero s\u00f3lo se aplica si los paneles solares (inversor y bater\u00edas) se instalan en viviendas (particulares) o en dependencias de una vivienda, como un granero.<\/p><p>T\u00e9rminos y condiciones Blauhoff 11-09-2023<\/p>","protected":false},"excerpt":{"rendered":"<p>Portales: www.ownpowr.com Art\u00edculo 1. Aplicabilidad 1.1 Las presentes Condiciones Generales se aplican a todas las ofertas de Blauhoff, que opera bajo el nombre comercial \"Blauhoff\", y a todos los contratos celebrados con [...].<\/p>","protected":false},"author":1,"featured_media":0,"parent":0,"menu_order":0,"comment_status":"closed","ping_status":"closed","template":"","meta":{"_seopress_robots_primary_cat":"","_seopress_titles_title":"","_seopress_titles_desc":"","_seopress_robots_index":"","_kad_blocks_custom_css":"","_kad_blocks_head_custom_js":"","_kad_blocks_body_custom_js":"","_kad_blocks_footer_custom_js":"","footnotes":""},"class_list":["post-1763","page","type-page","status-publish"],"taxonomy_info":[],"featured_image_src_large":false,"author_info":{"display_name":"job-39sj@s9jal019","author_link":"https:\/\/ownpowr.com\/es\/author\/job-39sjs9jal019\/"},"comment_info":0,"_links":{"self":[{"href":"https:\/\/ownpowr.com\/es\/wp-json\/wp\/v2\/pages\/1763","targetHints":{"allow":["GET"]}}],"collection":[{"href":"https:\/\/ownpowr.com\/es\/wp-json\/wp\/v2\/pages"}],"about":[{"href":"https:\/\/ownpowr.com\/es\/wp-json\/wp\/v2\/types\/page"}],"author":[{"embeddable":true,"href":"https:\/\/ownpowr.com\/es\/wp-json\/wp\/v2\/users\/1"}],"replies":[{"embeddable":true,"href":"https:\/\/ownpowr.com\/es\/wp-json\/wp\/v2\/comments?post=1763"}],"version-history":[{"count":0,"href":"https:\/\/ownpowr.com\/es\/wp-json\/wp\/v2\/pages\/1763\/revisions"}],"wp:attachment":[{"href":"https:\/\/ownpowr.com\/es\/wp-json\/wp\/v2\/media?parent=1763"}],"curies":[{"name":"wp","href":"https:\/\/api.w.org\/{rel}","templated":true}]}}