{"id":10084,"date":"2024-04-04T12:26:29","date_gmt":"2024-04-04T10:26:29","guid":{"rendered":"https:\/\/ownpowr.com\/?post_type=product&#038;p=10084"},"modified":"2025-02-27T11:41:37","modified_gmt":"2025-02-27T09:41:37","slug":"deye-ai-w25-5-battery-module","status":"publish","type":"product","link":"https:\/\/ownpowr.com\/es\/product\/modulo-de-bateria-deye-ai-w25-5\/","title":{"rendered":"Deye AI-W5.1-B 25,6 kWh Almacenamiento de energ\u00eda LiFePO 4"},"content":{"rendered":"<p class=\"product_title entry-title\">Deye AI-W25.5(LV)<\/p>\n<p>El juego contiene:<\/p>\n<p>5 x AI-W5.1<\/p>\n<p>1x AI-W5.1-PDU.1<\/p>\n<p>1x AI-W5.1-Base<\/p>\n<p>&nbsp;<\/p>\n<p class=\"price\">Deye presenta una soluci\u00f3n m\u00e1s segura, fiable y flexible de bater\u00edas de fosfato de hierro y litio (LFP) alimentadas por energ\u00eda solar que ofrece una soluci\u00f3n de almacenamiento de energ\u00eda segura y fiable optimizada para aplicaciones residenciales y comerciales que requieren energ\u00eda en espacios reducidos o con restricciones de carga.<\/p>\n<p class=\"price\">El pack de bater\u00edas de litio hierro fosfato alimentadas por energ\u00eda solar Deye proporciona una soluci\u00f3n de almacenamiento de energ\u00eda segura y fiable para aplicaciones residenciales y comerciales que requieren energ\u00eda en espacios reducidos o con restricciones de carga. Compacta y ligera, se adapta bien a los equipos de alta potencia que funcionan en espacios reducidos, ofreciendo un rendimiento duradero gracias a un ciclo de vida ampliado.<\/p>\n<p class=\"price\">La qu\u00edmica LFP sin cobalto de la bater\u00eda ofrece una alta densidad de potencia sin comprometer la seguridad. Un sistema inteligente de gesti\u00f3n de la bater\u00eda (BMS) supervisa los puntos de datos cr\u00edticos de la c\u00e9lula como el voltaje, la corriente y la temperatura, equilibrando la carga y la descarga para maximizar la vida \u00fatil de la bater\u00eda.<\/p>\n<p class=\"price\">La capacidad y la salida pueden escalarse mediante conexiones en paralelo de varias bater\u00edas en funci\u00f3n de las necesidades. Las configuraciones de bancos m\u00e1s grandes proporcionan una mayor capacidad energ\u00e9tica y tiempos de funcionamiento m\u00e1s prolongados. Construida para ser fiable, la bater\u00eda soporta altas capacidades de descarga, manteniendo el funcionamiento de -20\u00b0C a 55\u00b0C con una clasificaci\u00f3n IP55 y refrigeraci\u00f3n natural.<\/p>\n<p class=\"price\">Modulares y flexibles, las bater\u00edas ampl\u00edan f\u00e1cilmente su capacidad hasta 184 kWh combinando grupos de 36 unidades.<\/p>\n<p class=\"price\">Este pack de bater\u00edas alimentado por energ\u00eda solar es un dise\u00f1o ecol\u00f3gico que emplea materiales no t\u00f3xicos y libres de contaminaci\u00f3n.La instalaci\u00f3n se simplifica gracias a un dise\u00f1o apilable y montado en el suelo sin cableado ni fijaciones adicionales. La instalaci\u00f3n y el despliegue son r\u00e1pidos y sin esfuerzo.<\/p>\n<p class=\"price\">La comodidad se consigue mediante la conexi\u00f3n en red autom\u00e1tica de los m\u00f3dulos para la supervisi\u00f3n, el mantenimiento y las actualizaciones de firmware a distancia.<\/p>\n<p><a href=\"https:\/\/ownpowr.com\/wp-content\/uploads\/2023\/12\/ai-w5.1-v1.7.pdf\" target=\"_blank\" rel=\"noopener\">Ficha t\u00e9cnica Deye AI-W5.1<\/a><\/p>","protected":false},"excerpt":{"rendered":"<p>Deye AI-W25.5(LV) El juego contiene: 5 x AI-W5.1 1x AI-W5.1-PDU.1 1x AI-W5.1-Base Deye presenta una soluci\u00f3n de bater\u00eda solar de fosfato de hierro y litio (LFP) m\u00e1s segura, fiable y flexible que [...]<\/p>","protected":false},"featured_media":10105,"template":"","meta":{"_seopress_robots_primary_cat":"none","_seopress_titles_title":"Deye AI-W25.5(LV): High Power, Eco-Friendly Solar Battery Pack","_seopress_titles_desc":"Introducing Deye AI-W25.5(LV) Set, an innovative LFP solar battery pack. Compact, efficient and reliable for residential and commercial usage. A safer energy solution!","_seopress_robots_index":"","_kad_blocks_custom_css":"","_kad_blocks_head_custom_js":"","_kad_blocks_body_custom_js":"","_kad_blocks_footer_custom_js":""},"product_cat":[17],"product_tag":[],"class_list":{"0":"post-10084","1":"product","2":"type-product","3":"status-publish","4":"has-post-thumbnail","6":"product_cat-home-batteries","8":"first","9":"instock","10":"taxable","11":"shipping-taxable","12":"purchasable","13":"product-type-simple"},"taxonomy_info":{"product_cat":[{"value":17,"label":"Home batteries"}]},"featured_image_src_large":["https:\/\/ownpowr.com\/wp-content\/uploads\/2023\/12\/image-4.png",1000,1000,false],"author_info":[],"comment_info":"","_links":{"self":[{"href":"https:\/\/ownpowr.com\/es\/wp-json\/wp\/v2\/product\/10084","targetHints":{"allow":["GET"]}}],"collection":[{"href":"https:\/\/ownpowr.com\/es\/wp-json\/wp\/v2\/product"}],"about":[{"href":"https:\/\/ownpowr.com\/es\/wp-json\/wp\/v2\/types\/product"}],"wp:featuredmedia":[{"embeddable":true,"href":"https:\/\/ownpowr.com\/es\/wp-json\/wp\/v2\/media\/10105"}],"wp:attachment":[{"href":"https:\/\/ownpowr.com\/es\/wp-json\/wp\/v2\/media?parent=10084"}],"wp:term":[{"taxonomy":"product_cat","embeddable":true,"href":"https:\/\/ownpowr.com\/es\/wp-json\/wp\/v2\/product_cat?post=10084"},{"taxonomy":"product_tag","embeddable":true,"href":"https:\/\/ownpowr.com\/es\/wp-json\/wp\/v2\/product_tag?post=10084"}],"curies":[{"name":"wp","href":"https:\/\/api.w.org\/{rel}","templated":true}]}}