{"id":1090,"date":"2023-10-04T16:42:23","date_gmt":"2023-10-04T14:42:23","guid":{"rendered":"https:\/\/ownpowr.com\/product\/lg-chem-resu-6-5-prime\/"},"modified":"2025-02-27T12:49:47","modified_gmt":"2025-02-27T10:49:47","slug":"lg-chem-resu-6-5-prime","status":"publish","type":"product","link":"https:\/\/ownpowr.com\/es\/product\/lg-chem-resu-6-5-prime\/","title":{"rendered":"LG Chem Resu 6.5 PRIME"},"content":{"rendered":"<p>&nbsp;<\/p>\n<p>LG CHEM RESU 6,5 LI-IO Bater\u00eda de almacenamiento de 6,5 kWh<\/p>\n<p>Sistema de almacenamiento de energ\u00eda residencial LG Chem ESS Compatible con Sunny Island 3.0M, Sunny Island 4.4M, Sunny Island 6.0 H, SolaX, Sungrow, Schneider, Ingeteam, GoodWe, Redback, Victron Energy.<\/p>\n<p>El RESU representa una soluci\u00f3n energ\u00e9tica inteligente para los hogares, que reduce eficazmente sus gastos de electricidad mediante la gesti\u00f3n de picos. Cuando se combina con sistemas fotovoltaicos, la RESU optimiza la utilizaci\u00f3n de la electricidad autogenerada, contribuyendo a\u00fan m\u00e1s al ahorro de costes. Adem\u00e1s, la RESU sirve como fuente de energ\u00eda fiable durante los cortes de electricidad inesperados.<\/p>\n<p>Especificaciones t\u00e9cnicas del almacenamiento RESU 6.5 ESS:<\/p>\n<ul>\n<li>Ahorro en la factura el\u00e9ctrica: Gesti\u00f3n eficaz de los picos<\/li>\n<li>Aprovechamiento de la energ\u00eda limpia de los sistemas fotovoltaicos<\/li>\n<li>Fuente de alimentaci\u00f3n fiable<\/li>\n<li>Materiales respetuosos con el medio ambiente<\/li>\n<li>Bajo mantenimiento<\/li>\n<\/ul>\n<p>Detalles t\u00e9cnicos clave:<\/p>\n<ul>\n<li>Modelo: RESU 6.5<\/li>\n<li>Capacidad energ\u00e9tica (kWh): 6.5<\/li>\n<li>Tensi\u00f3n (V): 48<\/li>\n<li>Capacidad (Ah): 126<\/li>\n<li>Sistema de gesti\u00f3n de bater\u00edas (BMS): Integrado<\/li>\n<li>Peso (kg): 52<\/li>\n<li>Dimensiones (mm): Anchura 452, Altura 654, Profundidad 120<\/li>\n<\/ul>","protected":false},"excerpt":{"rendered":"<p>&nbsp; Bater\u00eda de almacenamiento LG CHEM RESU 6,5 LI-IO 6,5 kWh Sistema de almacenamiento de energ\u00eda residencial LG Chem ESS Compatible con Sunny Island 3.0M, Sunny Island 4.4M, Sunny Island 6.0 H, SolaX, [...]<\/p>","protected":false},"featured_media":1091,"template":"","meta":{"_seopress_robots_primary_cat":"none","_seopress_titles_title":"LG CHEM RESU 6.5 LI-IO: Smart Energy Solution for Homes","_seopress_titles_desc":"Lower your electricity bill with peak management, enhance self-consumption of self-generated electricity, and enjoy a reliable power source with LG Chem RESU 6.5 ESS storage battery.","_seopress_robots_index":"","_kad_blocks_custom_css":"","_kad_blocks_head_custom_js":"","_kad_blocks_body_custom_js":"","_kad_blocks_footer_custom_js":""},"product_cat":[17],"product_tag":[],"class_list":{"0":"post-1090","1":"product","2":"type-product","3":"status-publish","4":"has-post-thumbnail","6":"product_cat-home-batteries","8":"first","9":"instock","10":"sale","11":"taxable","12":"shipping-taxable","13":"purchasable","14":"product-type-simple"},"taxonomy_info":{"product_cat":[{"value":17,"label":"Home batteries"}]},"featured_image_src_large":["https:\/\/ownpowr.com\/wp-content\/uploads\/2023\/07\/Resu6.5.jpeg",600,540,false],"author_info":[],"comment_info":"","_links":{"self":[{"href":"https:\/\/ownpowr.com\/es\/wp-json\/wp\/v2\/product\/1090","targetHints":{"allow":["GET"]}}],"collection":[{"href":"https:\/\/ownpowr.com\/es\/wp-json\/wp\/v2\/product"}],"about":[{"href":"https:\/\/ownpowr.com\/es\/wp-json\/wp\/v2\/types\/product"}],"wp:featuredmedia":[{"embeddable":true,"href":"https:\/\/ownpowr.com\/es\/wp-json\/wp\/v2\/media\/1091"}],"wp:attachment":[{"href":"https:\/\/ownpowr.com\/es\/wp-json\/wp\/v2\/media?parent=1090"}],"wp:term":[{"taxonomy":"product_cat","embeddable":true,"href":"https:\/\/ownpowr.com\/es\/wp-json\/wp\/v2\/product_cat?post=1090"},{"taxonomy":"product_tag","embeddable":true,"href":"https:\/\/ownpowr.com\/es\/wp-json\/wp\/v2\/product_tag?post=1090"}],"curies":[{"name":"wp","href":"https:\/\/api.w.org\/{rel}","templated":true}]}}