{"id":11224,"date":"2024-04-04T12:26:31","date_gmt":"2024-04-04T10:26:31","guid":{"rendered":"https:\/\/ownpowr.com\/?post_type=product&#038;p=11224"},"modified":"2025-02-27T11:42:24","modified_gmt":"2025-02-27T09:42:24","slug":"deye-ai-w5-1-only-battery","status":"publish","type":"product","link":"https:\/\/ownpowr.com\/es\/product\/deye-ai-w5-1-solo-bateria\/","title":{"rendered":"Deye AI-W5.1-B 5,1 kWh Almacenamiento de energ\u00eda BT LiFePO4"},"content":{"rendered":"<p>Deye AI-W5.1(LV)<\/p>\n<div class=\"woocommerce-product-details__short-description\">Deye presenta una soluci\u00f3n m\u00e1s segura, fiable y flexible de bater\u00edas de fosfato de hierro y litio (LFP) alimentadas por energ\u00eda solar que ofrece una soluci\u00f3n de almacenamiento de energ\u00eda segura y fiable optimizada para aplicaciones residenciales y comerciales que requieren energ\u00eda en espacios reducidos o con restricciones de carga.<\/div>\n<div><\/div>\n<div>\n<p>Descripci\u00f3n<\/p>\n<p>El pack de bater\u00edas de litio hierro fosfato alimentadas por energ\u00eda solar Deye proporciona una soluci\u00f3n de almacenamiento de energ\u00eda segura y fiable para aplicaciones residenciales y comerciales que requieren energ\u00eda en espacios reducidos o con restricciones de carga. Compacta y ligera, se adapta bien a los equipos de alta potencia que funcionan en espacios reducidos, ofreciendo un rendimiento duradero gracias a un ciclo de vida ampliado.<\/p>\n<p>La qu\u00edmica LFP sin cobalto de la bater\u00eda ofrece una alta densidad de potencia sin comprometer la seguridad. Un sistema inteligente de gesti\u00f3n de la bater\u00eda (BMS) supervisa los puntos de datos cr\u00edticos de la c\u00e9lula como el voltaje, la corriente y la temperatura, equilibrando la carga y la descarga para maximizar la vida \u00fatil de la bater\u00eda.<\/p>\n<p>La capacidad y la salida pueden escalarse mediante conexiones en paralelo de varias bater\u00edas en funci\u00f3n de las necesidades. Las configuraciones de bancos m\u00e1s grandes proporcionan una mayor capacidad energ\u00e9tica y tiempos de funcionamiento m\u00e1s prolongados. Construida para ser fiable, la bater\u00eda soporta altas capacidades de descarga, manteniendo el funcionamiento de -20\u00b0C a 55\u00b0C con una clasificaci\u00f3n IP55 y refrigeraci\u00f3n natural.<\/p>\n<p>Modulares y flexibles, las bater\u00edas ampl\u00edan f\u00e1cilmente su capacidad hasta 184 kWh combinando grupos de 36 unidades.<\/p>\n<p>Este pack de pilas alimentado por energ\u00eda solar es un dise\u00f1o ecol\u00f3gico que emplea materiales no t\u00f3xicos y libres de contaminaci\u00f3n.<\/p>\n<p>La instalaci\u00f3n se simplifica gracias a un dise\u00f1o apilable y montado en el suelo, sin cableado ni fijaciones adicionales. La instalaci\u00f3n y el despliegue son r\u00e1pidos y sin esfuerzo.<\/p>\n<p>La comodidad se consigue mediante la conexi\u00f3n en red autom\u00e1tica de los m\u00f3dulos para la supervisi\u00f3n, el mantenimiento y las actualizaciones de firmware a distancia.<\/p>\n<p><a href=\"https:\/\/ownpowr.com\/wp-content\/uploads\/2023\/12\/deye-ai-w5.1-datasheet.pdf\" target=\"_blank\" rel=\"noopener\">Ficha t\u00e9cnica Deye AI-W5.1<\/a><\/p>\n<\/div>","protected":false},"excerpt":{"rendered":"<p>Deye AI-W5.1(LV) Deye presenta una soluci\u00f3n m\u00e1s segura, fiable y flexible de bater\u00edas de fosfato de hierro y litio (LFP) alimentadas por energ\u00eda solar que ofrece una soluci\u00f3n de almacenamiento de energ\u00eda segura y fiable optimizada para [...].<\/p>","protected":false},"featured_media":138814,"template":"","meta":{"_seopress_robots_primary_cat":"none","_seopress_titles_title":"Reliable and Compact Deye AI-W5.1(LV) Battery Solution","_seopress_titles_desc":"Experience the Deye AI-W5.1(LV): A safe, reliable and flexible solar powered lithium iron phosphate battery pack. Perfect for small spaces and load restrictions.","_seopress_robots_index":"","_kad_blocks_custom_css":"","_kad_blocks_head_custom_js":"","_kad_blocks_body_custom_js":"","_kad_blocks_footer_custom_js":""},"product_cat":[17],"product_tag":[],"class_list":{"0":"post-11224","1":"product","2":"type-product","3":"status-publish","4":"has-post-thumbnail","6":"product_cat-home-batteries","8":"first","9":"instock","10":"sale","11":"taxable","12":"shipping-taxable","13":"purchasable","14":"product-type-simple"},"taxonomy_info":{"product_cat":[{"value":17,"label":"Home batteries"}]},"featured_image_src_large":["https:\/\/ownpowr.com\/wp-content\/uploads\/2024\/04\/ai-b-version.png",673,341,false],"author_info":[],"comment_info":"","_links":{"self":[{"href":"https:\/\/ownpowr.com\/es\/wp-json\/wp\/v2\/product\/11224","targetHints":{"allow":["GET"]}}],"collection":[{"href":"https:\/\/ownpowr.com\/es\/wp-json\/wp\/v2\/product"}],"about":[{"href":"https:\/\/ownpowr.com\/es\/wp-json\/wp\/v2\/types\/product"}],"wp:featuredmedia":[{"embeddable":true,"href":"https:\/\/ownpowr.com\/es\/wp-json\/wp\/v2\/media\/138814"}],"wp:attachment":[{"href":"https:\/\/ownpowr.com\/es\/wp-json\/wp\/v2\/media?parent=11224"}],"wp:term":[{"taxonomy":"product_cat","embeddable":true,"href":"https:\/\/ownpowr.com\/es\/wp-json\/wp\/v2\/product_cat?post=11224"},{"taxonomy":"product_tag","embeddable":true,"href":"https:\/\/ownpowr.com\/es\/wp-json\/wp\/v2\/product_tag?post=11224"}],"curies":[{"name":"wp","href":"https:\/\/api.w.org\/{rel}","templated":true}]}}