{"id":119,"date":"2022-11-11T09:25:43","date_gmt":"2022-11-11T07:25:43","guid":{"rendered":"https:\/\/ownpowr.com\/product\/sungrow-sbr096-battery-blue\/"},"modified":"2025-03-27T13:29:55","modified_gmt":"2025-03-27T11:29:55","slug":"sungrow-sbr096-battery-blue","status":"publish","type":"product","link":"https:\/\/ownpowr.com\/es\/product\/sungrow-sbr096-bateria-azul\/","title":{"rendered":"Sungrow SBR 9,6kWh SBR096"},"content":{"rendered":"<p>Sungrow SBR 9,6kWh SBR096 V2 bater\u00eda LFP azul + accesorio<\/p>\n<p>Este juego de pilas dom\u00e9sticas de Sungrow incluye lo siguiente:<br \/>\n3x Sungrow SBR m\u00f3dulo de bater\u00eda premium 3,2 kWh<br \/>\n1x Sungrow sistema de gesti\u00f3n de bater\u00edas premium + accesorios<\/p>\n<p>- Tipo de bater\u00eda: C\u00e9lula prism\u00e1tica LiFePO4<br \/>\n- Potencia nominal: 9,6 kWh<br \/>\n- Energ\u00eda (utilizable): 9,6 kWh<br \/>\n- Tensi\u00f3n nominal: 192 V<br \/>\n- Tensi\u00f3n de funcionamiento: 150 - 219 V<br \/>\n- Potencia nominal de CC: 5,76 kW<br \/>\n- Potencia m\u00e1xima de carga\/descarga: 6,57 kW<br \/>\n- Corriente m\u00e1x. de carga\/descarga (continua) 30 A<br \/>\n- Corriente m\u00e1x. de carga\/descarga (pulso de 10 s) 42 A<br \/>\n- Profundidad de descarga: 100%<br \/>\n- Corriente de cortocircuito: 1700 A<br \/>\n- Indicador: Indicador SOC, indicador de estado<br \/>\n- Interfaz de comunicaci\u00f3n: CAN<br \/>\n- Lugar de instalaci\u00f3n: Interior \/ Exterior<br \/>\n- M\u00e9todo de montaje: Soporte de suelo<br \/>\n- Rango de temperatura de funcionamiento: Carga: 0 a 50\u2103 \/ Descarga: -30 a 50\u2103<br \/>\n- Grado de protecci\u00f3n: IP55<br \/>\n- Humedad relativa admisible: 0% a 95% (sin condensaci\u00f3n)<br \/>\n- Altura m\u00e1xima en uso 2000 m<br \/>\n- M\u00e9todo de refrigeraci\u00f3n: convecci\u00f3n natural<br \/>\n- Certificaciones: CE, CEC, IEC 62619, IEC 62040, UN38.3, VDE 2510-50<br \/>\n- Adaptaci\u00f3n para ampliaci\u00f3n: Hasta 4 unidades en paralelo (se necesita una caja de conexiones adicional, pero actualmente no est\u00e1 disponible)<\/p>\n<p><a href=\"https:\/\/storeyourownpower.com\/wp-content\/uploads\/2022\/08\/Datasheet-German-2.pdf\" target=\"_blank\" rel=\"noopener\">Hoja de datos en alem\u00e1n<\/a><br \/>\n<a href=\"https:\/\/storeyourownpower.com\/wp-content\/uploads\/2022\/08\/Datasheets-English.pdf\" target=\"_blank\" rel=\"noopener\">Datasheets Espa\u00f1ol<\/a><br \/>\n<a href=\"https:\/\/storeyourownpower.com\/wp-content\/uploads\/2022\/08\/Mounting-instructions-English-2.pdf\" target=\"_blank\" rel=\"noopener\">Instrucciones de montaje Espa\u00f1ol<\/a><br \/>\n<a href=\"https:\/\/storeyourownpower.com\/wp-content\/uploads\/2022\/08\/Mounting-instructions-German-2.pdf\" target=\"_blank\" rel=\"noopener\">Instrucciones de montaje Alem\u00e1n<\/a><br \/>\n<a href=\"https:\/\/storeyourownpower.com\/wp-content\/uploads\/2022\/08\/Warranty-terms-English-2.pdf\" target=\"_blank\" rel=\"noopener\">Condiciones de la garant\u00eda Espa\u00f1ol<\/a><br \/>\n<a href=\"https:\/\/storeyourownpower.com\/wp-content\/uploads\/2022\/08\/Warranty-terms-German-1.pdf\" target=\"_blank\" rel=\"noopener\">Condiciones de garant\u00eda Alem\u00e1n<\/a><\/p>","protected":false},"excerpt":{"rendered":"<p>Bater\u00eda Sungrow SBR 9,6kWh SBR096 V2 azul LFP + accesorio Este juego de bater\u00edas dom\u00e9sticas de Sungrow incluye lo siguiente: 3x Sungrow SBR m\u00f3dulo de bater\u00eda premium 3,2 kWh 1x Sungrow premium [...]<\/p>","protected":false},"featured_media":120,"template":"","meta":{"_seopress_robots_primary_cat":"none","_seopress_titles_title":"","_seopress_titles_desc":"","_seopress_robots_index":"","_kad_blocks_custom_css":"","_kad_blocks_head_custom_js":"","_kad_blocks_body_custom_js":"","_kad_blocks_footer_custom_js":""},"product_cat":[17],"product_tag":[],"class_list":{"0":"post-119","1":"product","2":"type-product","3":"status-publish","4":"has-post-thumbnail","6":"product_cat-home-batteries","8":"first","9":"instock","10":"sale","11":"taxable","12":"shipping-taxable","13":"purchasable","14":"product-type-simple"},"taxonomy_info":{"product_cat":[{"value":17,"label":"Home batteries"}]},"featured_image_src_large":["https:\/\/ownpowr.com\/wp-content\/uploads\/2022\/11\/Screenshot-2022-06-22-at-16.19.50.jpg",982,810,false],"author_info":[],"comment_info":"","_links":{"self":[{"href":"https:\/\/ownpowr.com\/es\/wp-json\/wp\/v2\/product\/119","targetHints":{"allow":["GET"]}}],"collection":[{"href":"https:\/\/ownpowr.com\/es\/wp-json\/wp\/v2\/product"}],"about":[{"href":"https:\/\/ownpowr.com\/es\/wp-json\/wp\/v2\/types\/product"}],"wp:featuredmedia":[{"embeddable":true,"href":"https:\/\/ownpowr.com\/es\/wp-json\/wp\/v2\/media\/120"}],"wp:attachment":[{"href":"https:\/\/ownpowr.com\/es\/wp-json\/wp\/v2\/media?parent=119"}],"wp:term":[{"taxonomy":"product_cat","embeddable":true,"href":"https:\/\/ownpowr.com\/es\/wp-json\/wp\/v2\/product_cat?post=119"},{"taxonomy":"product_tag","embeddable":true,"href":"https:\/\/ownpowr.com\/es\/wp-json\/wp\/v2\/product_tag?post=119"}],"curies":[{"name":"wp","href":"https:\/\/api.w.org\/{rel}","templated":true}]}}