{"id":133,"date":"2023-10-04T16:35:56","date_gmt":"2023-10-04T14:35:56","guid":{"rendered":"https:\/\/ownpowr.com\/product\/byd-b-box-premium-lvs-20-0\/"},"modified":"2025-10-15T14:03:08","modified_gmt":"2025-10-15T12:03:08","slug":"byd-b-box-premium-lvs-20-0","status":"publish","type":"product","link":"https:\/\/ownpowr.com\/es\/product\/byd-b-caja-premium-lvs-20-0\/","title":{"rendered":"BYD Battery-Box premium LVS 20,0 kWh Entrega mitad\/final de diciembre"},"content":{"rendered":"<p>BYD B-Box premium LVS 20.0<\/p>\n<p>PRECAUCI\u00d3N:<br \/>\nSustancia peligrosa seg\u00fan UN 3480 \/ Clase de riesgo para el transporte 9 \/ Grupo de embalaje II<\/p>\n<p>Informaci\u00f3n<\/p>\n<p>- capacidad utilizable: 20,00 kWh<br \/>\n- tensi\u00f3n nominal: 51,2 V<br \/>\n- M\u00e1x. Corriente de salida: 250A<br \/>\n- Corriente de salida m\u00e1xima: 360A, 5s<br \/>\n- Rango de tensi\u00f3n de funcionamiento: 40-57.6 V<br \/>\n- temperatura ambiente: de -10 \u00b0C a +50 \u00b0C<br \/>\n- interfaces: CAN\/RS485<br \/>\n- eficiencia energ\u00e9tica de ida y vuelta &gt;= 95%<br \/>\n- certificaci\u00f3n: VDE2510-50 \/ IEC62619\/ CE \/ CEC \/ UN38.3<br \/>\n- Clase de protecci\u00f3n IP: IP55<br \/>\n- Aplicaciones: Red ON \/ Red ON + Respaldo \/ Red OFFEl juego incluye:<br \/>\n5x M\u00f3dulo de bater\u00eda BYD B-BOX PREMIUM LVS<br \/>\n1x BYD PDU BT + Base<br \/>\n1x BYD Unidad de gesti\u00f3n de la bater\u00eda BT NUEVO)<\/p>\n<p><strong>M\u00e1s informaci\u00f3n:<\/strong><\/p>\n<div class=\"product--description\">\n<ul>\n<li><a href=\"https:\/\/storeyourownpower.com\/wp-content\/uploads\/2023\/01\/Datasheet-English-LVS.pdf\" target=\"_blank\" rel=\"noopener\">Datasheet Espa\u00f1ol LVS<\/a><\/li>\n<li><a href=\"https:\/\/storeyourownpower.com\/wp-content\/uploads\/2023\/01\/Datenblatt-German-LVS.pdf\" target=\"_blank\" rel=\"noopener\">Datenblatt alem\u00e1n LVS<\/a><\/li>\n<li><a href=\"https:\/\/storeyourownpower.com\/wp-content\/uploads\/2023\/01\/Mounting-instructions-English-LVS.pdf\" target=\"_blank\" rel=\"noopener\">Instrucciones de montaje Espa\u00f1ol LVS<\/a><\/li>\n<li><a href=\"https:\/\/storeyourownpower.com\/wp-content\/uploads\/2023\/01\/Mounting-instructions-German-LVS.pdf\" target=\"_blank\" rel=\"noopener\">Instrucciones de montaje LVS alem\u00e1n<\/a><\/li>\n<li><a href=\"https:\/\/storeyourownpower.com\/wp-content\/uploads\/2023\/01\/Warranty-terms-English.pdf\" target=\"_blank\" rel=\"noopener\">Condiciones de la garant\u00eda Espa\u00f1ol<\/a><\/li>\n<li><a href=\"https:\/\/storeyourownpower.com\/wp-content\/uploads\/2023\/01\/Warranty-terms-German-LVS.pdf\" target=\"_blank\" rel=\"noopener\">Condiciones de garant\u00eda LVS alem\u00e1n<\/a><\/li>\n<\/ul>\n<\/div>","protected":false},"excerpt":{"rendered":"<p>BYD B-Box premium LVS 20.0 PRECAUCI\u00d3N: Sustancia peligrosa seg\u00fan UN 3480 \/ Clase de riesgo para el transporte 9 \/ Grupo de embalaje II Informaci\u00f3n - capacidad \u00fatil: 20,00 kWh - tensi\u00f3n nominal: [...]<\/p>","protected":false},"featured_media":134,"template":"","meta":{"_seopress_robots_primary_cat":"none","_seopress_titles_title":"BYD B-Box premium LVS 20.0| 20.00 kWh Capacity | UN3480","_seopress_titles_desc":"Discover the BYD B-Box Premium LVS 20.0, a powerful and reliable energy storage solution that meets international safety standards. Suitable for on-grid, off-grid, and backup applications. Get detailed product specifications and warranty terms.","_seopress_robots_index":"","_kad_blocks_custom_css":"","_kad_blocks_head_custom_js":"","_kad_blocks_body_custom_js":"","_kad_blocks_footer_custom_js":""},"product_cat":[17],"product_tag":[],"class_list":{"0":"post-133","1":"product","2":"type-product","3":"status-publish","4":"has-post-thumbnail","6":"product_cat-home-batteries","8":"first","9":"onbackorder","10":"sale","11":"taxable","12":"shipping-taxable","13":"purchasable","14":"product-type-simple"},"taxonomy_info":{"product_cat":[{"value":17,"label":"Home batteries"}]},"featured_image_src_large":["https:\/\/ownpowr.com\/wp-content\/uploads\/2022\/11\/d-252F2-252F0-252Fa-252Fd20a2cfaad23d109f3a7d952df7502cd73ef3be0_det_sb_byd_b_box_lvs_20-0.jpeg",640,540,false],"author_info":[],"comment_info":"","_links":{"self":[{"href":"https:\/\/ownpowr.com\/es\/wp-json\/wp\/v2\/product\/133","targetHints":{"allow":["GET"]}}],"collection":[{"href":"https:\/\/ownpowr.com\/es\/wp-json\/wp\/v2\/product"}],"about":[{"href":"https:\/\/ownpowr.com\/es\/wp-json\/wp\/v2\/types\/product"}],"wp:featuredmedia":[{"embeddable":true,"href":"https:\/\/ownpowr.com\/es\/wp-json\/wp\/v2\/media\/134"}],"wp:attachment":[{"href":"https:\/\/ownpowr.com\/es\/wp-json\/wp\/v2\/media?parent=133"}],"wp:term":[{"taxonomy":"product_cat","embeddable":true,"href":"https:\/\/ownpowr.com\/es\/wp-json\/wp\/v2\/product_cat?post=133"},{"taxonomy":"product_tag","embeddable":true,"href":"https:\/\/ownpowr.com\/es\/wp-json\/wp\/v2\/product_tag?post=133"}],"curies":[{"name":"wp","href":"https:\/\/api.w.org\/{rel}","templated":true}]}}