{"id":144,"date":"2023-10-04T16:36:02","date_gmt":"2023-10-04T14:36:02","guid":{"rendered":"https:\/\/ownpowr.com\/product\/byd-b-box-premium-lvs-8-0\/"},"modified":"2025-10-15T14:02:38","modified_gmt":"2025-10-15T12:02:38","slug":"byd-b-box-premium-lvs-8-0","status":"publish","type":"product","link":"https:\/\/ownpowr.com\/es\/product\/byd-b-caja-premium-lvs-8-0\/","title":{"rendered":"BYD Battery-Box premium LVS 8,0 kWh Entrega mitad\/final de diciembre"},"content":{"rendered":"<p><strong>BYD<\/strong> Battery-Box Premium LVS 8.0 consta de;<\/p>\n<p>a\u00a0<strong>BYD<\/strong>\u00a0BMU Unidad de gesti\u00f3n de la bater\u00eda, una\u00a0<strong>BYD<\/strong>\u00a0Unidad de distribuci\u00f3n de energ\u00eda PDU y 2 m\u00f3dulos de bater\u00eda LVS de 4,0 kWh en paralelo. Posibilidad de escalar a\u00f1adiendo posteriormente hasta 4 m\u00f3dulos LVS adicionales en paralelo a esta pila para alcanzar una capacidad \u00fatil de hasta 24 kWh.<\/p>\n<p>Adem\u00e1s, se puede alcanzar una capacidad m\u00e1xima de 256 kWh mediante la conexi\u00f3n directa en paralelo de hasta 16 pilas id\u00e9nticas de Battery-Box Premium LVS de 16 kWh.<\/p>\n<p>PRECAUCI\u00d3N:<br \/>\nSustancia peligrosa seg\u00fan UN 3480 \/ Clase de riesgo para el transporte 9 \/ Grupo de embalaje II<\/p>\n<p>&nbsp;<\/p>\n<p><strong>\u2714 Capaz de realizar copias de seguridad de emergencia de alta potencia y de funcionar sin conexi\u00f3n a la red el\u00e9ctrica<\/strong><\/p>\n<p><strong>\u2714 M\u00e1xima eficacia gracias a una conexi\u00f3n en paralelo de baja tensi\u00f3n real<\/strong><\/p>\n<p><strong>\u2714 Dise\u00f1o de enchufe modular patentado - Sin cableado interno - M\u00e1xima flexibilidad y facilidad de uso<\/strong><\/p>\n<p><strong>\u2714 Bater\u00eda de litio fosfato de hierro (LFP) sin cobalto: m\u00e1xima seguridad, ciclo de vida y potencia<\/strong><\/p>\n<p><strong>\u2714 Compatible con los principales inversores de bater\u00eda de baja tensi\u00f3n monof\u00e1sicos o trif\u00e1sicos<\/strong><\/p>\n<p>&nbsp;<\/p>\n<p>- capacidad utilizable: 8,00 kWh<br \/>\n- tensi\u00f3n nominal: 51,2 V<br \/>\n- M\u00e1x. Corriente de salida: 130A<br \/>\n- Corriente de salida m\u00e1xima: 180A, 5s<br \/>\n- Rango de tensi\u00f3n de funcionamiento: 40-57.6 V<br \/>\n- temperatura ambiente: de -10 \u00b0C a +50 \u00b0C<br \/>\n- interfaces: CAN\/RS485<br \/>\n- eficiencia energ\u00e9tica ida y vuelta &gt;= 95%<br \/>\n- certificaci\u00f3n: VDE2510-50 \/ IEC62619\/ CE \/ CEC \/ UN38.3<br \/>\n- Clase de protecci\u00f3n IP: IP55<br \/>\n- Aplicaciones: Red ON \/ Red ON + Respaldo \/ Red OFF<br \/>\n- Siempre ampliable \/ hasta 16 LVS 16.0 en paralelo \/ 256 kWh utilizablesEl juego incluye:<br \/>\n2x 12910053-00 (m\u00f3dulo de bater\u00eda BYD B-BOX PREMIUM LVS)<br \/>\n1x 12940054-00 (BYD LV PDU + Base)<br \/>\n1x 13172499-00 (BYD Unidad de gesti\u00f3n de la bater\u00eda BT NUEVO)<\/p>\n<div><\/div>\n<div class=\"product--description\">\n<p><strong>M\u00e1s informaci\u00f3n:<\/strong><\/p>\n<ul>\n<li><a href=\"https:\/\/storeyourownpower.com\/wp-content\/uploads\/2023\/01\/Datasheet-English-LVS.pdf\" target=\"_blank\" rel=\"noopener\">Datasheet Espa\u00f1ol LVS<\/a><\/li>\n<li><a href=\"https:\/\/storeyourownpower.com\/wp-content\/uploads\/2023\/01\/Datenblatt-German-LVS.pdf\" target=\"_blank\" rel=\"noopener\">Datenblatt alem\u00e1n LVS<\/a><\/li>\n<li><a href=\"https:\/\/storeyourownpower.com\/wp-content\/uploads\/2023\/01\/Mounting-instructions-English-LVS.pdf\" target=\"_blank\" rel=\"noopener\">Instrucciones de montaje Espa\u00f1ol LVS<\/a><\/li>\n<li><a href=\"https:\/\/storeyourownpower.com\/wp-content\/uploads\/2023\/01\/Mounting-instructions-German-LVS.pdf\" target=\"_blank\" rel=\"noopener\">Instrucciones de montaje LVS alem\u00e1n<\/a><\/li>\n<li><a href=\"https:\/\/storeyourownpower.com\/wp-content\/uploads\/2023\/01\/Warranty-terms-English.pdf\" target=\"_blank\" rel=\"noopener\">Condiciones de la garant\u00eda Espa\u00f1ol<\/a><\/li>\n<li><a href=\"https:\/\/storeyourownpower.com\/wp-content\/uploads\/2023\/01\/Warranty-terms-German-LVS.pdf\" target=\"_blank\" rel=\"noopener\">Condiciones de garant\u00eda LVS alem\u00e1n<\/a><\/li>\n<\/ul>\n<\/div>","protected":false},"excerpt":{"rendered":"<p>BYD Battery-Box Premium LVS 8.0 consta de; una unidad de gesti\u00f3n de bater\u00edas BYD BMU, una unidad de distribuci\u00f3n de energ\u00eda BYD PDU y 2 m\u00f3dulos de bater\u00edas LVS de 4,0 kWh en paralelo. Posibilidad de ampliaci\u00f3n a\u00f1adiendo hasta [...]<\/p>","protected":false},"featured_media":145,"template":"","meta":{"_seopress_robots_primary_cat":"none","_seopress_titles_title":"BYD Battery-Box Premium LVS 8.0: High-Powered Emergency-Backup and Off-Grid functionality, Maximum Safety, and Expandable Capacity","_seopress_titles_desc":"Discover the scalable BYD Battery-Box Premium LVS 8.0 with efficient Low-Voltage parallel connection and maximum safety. Compatible with leading battery inverters.","_seopress_robots_index":"","_kad_blocks_custom_css":"","_kad_blocks_head_custom_js":"","_kad_blocks_body_custom_js":"","_kad_blocks_footer_custom_js":""},"product_cat":[17],"product_tag":[],"class_list":{"0":"post-144","1":"product","2":"type-product","3":"status-publish","4":"has-post-thumbnail","6":"product_cat-home-batteries","8":"first","9":"onbackorder","10":"sale","11":"taxable","12":"shipping-taxable","13":"purchasable","14":"product-type-simple"},"taxonomy_info":{"product_cat":[{"value":17,"label":"Home batteries"}]},"featured_image_src_large":["https:\/\/ownpowr.com\/wp-content\/uploads\/2022\/11\/c-252F5-252F6-252Fe-252Fc56e658a81cc0b440f8fe33cc4f1ab6a9dd62f03_det_sb_byd_b_box_lvs_8-0.jpeg",640,540,false],"author_info":[],"comment_info":"","_links":{"self":[{"href":"https:\/\/ownpowr.com\/es\/wp-json\/wp\/v2\/product\/144","targetHints":{"allow":["GET"]}}],"collection":[{"href":"https:\/\/ownpowr.com\/es\/wp-json\/wp\/v2\/product"}],"about":[{"href":"https:\/\/ownpowr.com\/es\/wp-json\/wp\/v2\/types\/product"}],"wp:featuredmedia":[{"embeddable":true,"href":"https:\/\/ownpowr.com\/es\/wp-json\/wp\/v2\/media\/145"}],"wp:attachment":[{"href":"https:\/\/ownpowr.com\/es\/wp-json\/wp\/v2\/media?parent=144"}],"wp:term":[{"taxonomy":"product_cat","embeddable":true,"href":"https:\/\/ownpowr.com\/es\/wp-json\/wp\/v2\/product_cat?post=144"},{"taxonomy":"product_tag","embeddable":true,"href":"https:\/\/ownpowr.com\/es\/wp-json\/wp\/v2\/product_tag?post=144"}],"curies":[{"name":"wp","href":"https:\/\/api.w.org\/{rel}","templated":true}]}}