{"id":185455,"date":"2025-01-30T09:44:03","date_gmt":"2025-01-30T07:44:03","guid":{"rendered":"https:\/\/ownpowr.com\/?post_type=product&#038;p=185455"},"modified":"2025-01-30T09:44:03","modified_gmt":"2025-01-30T07:44:03","slug":"blauhoff-maxus-storage-only-385kwh-liquid-cooled-energy-storage-cabinet-10y-warantee-8000-cycles","status":"publish","type":"product","link":"https:\/\/ownpowr.com\/es\/product\/blauhoff-maxus-storage-solo-385kwh-armario-de-almacenamiento-de-energia-refrigerado-por-liquido-10y-garantia-8000-ciclos\/","title":{"rendered":"Blauhoff Maxus S\u00f3lo almacenamiento 385kWh Armario de almacenamiento de energ\u00eda refrigerado por l\u00edquido 10Y garant\u00eda 8000 ciclos"},"content":{"rendered":"<p>\u00a1ATENCI\u00d3N !<\/p>\n<p>Debido a la integraci\u00f3n y complejidad, este precio es precio de instalador comercial sin IVA y sin montaje.<\/p>\n<p>El montaje lo realiza su instalador local con ayuda de nuestro empleado t\u00e9cnico<\/p>\n<p>Blauhoff Maxus S\u00f3lo almacenamiento Armario de almacenamiento de energ\u00eda de 385Kwh Refrigerado por l\u00edquido 10Y garant\u00eda 8000 ciclos<\/p>\n<p>Subvenci\u00f3n posible https:\/\/blauhoff.nl\/subsidies-thuisbatterij-voor-bedrijven\/<\/p>\n<p>C\u00e9lulas prism\u00e1ticas para una mayor calidad y duraci\u00f3n , 8000 ciclos y 10 a\u00f1os de garant\u00eda en las c\u00e9lulas sin coste adicional y 5 a\u00f1os en el conjunto.<\/p>\n<p>\u00a1La mayor\u00eda de los otros proveedores tienen de 3 a 5 a\u00f1os en enteros y c\u00e9lulas y despu\u00e9s hay que pagar extra !<\/p>\n<p>ESS totalmente integrado para facilitar el transporte y la operaci\u00f3n y mantenimiento. Puede adaptarse con muchas de las principales marcas de inversores (somotec) y utilizarse como acumulador compacto.<\/p>\n<p>Su dise\u00f1o integrado y modular hace que sea r\u00e1pida de montar y utilizar, con un m\u00e1ximo de 3 horas de trabajo.<\/p>\n<p>Blauhoff BLH-385kWh-Maxus, es un armario industrial de almacenamiento ESS con refrigeraci\u00f3n l\u00edquida, est\u00e1 integrado con , bater\u00eda, BMS, gesti\u00f3n t\u00e9rmica, distribuci\u00f3n de energ\u00eda, protecci\u00f3n contra incendios, etc.<\/p>\n<p>Su dise\u00f1o de seguridad garantiza un mejor rendimiento de la bater\u00eda y una mayor vida \u00fatil<br \/>\nvida \u00fatil. Se pueden poner en paralelo directamente varios conjuntos de armarios de hasta 30 unidades para conseguir el almacenamiento de energ\u00eda<br \/>\nampliaci\u00f3n del sistema. Es superf\u00e1cilmente escalable y port\u00e1til.<\/p>\n<p>Refrigeraci\u00f3n l\u00edquida :<br \/>\nLa deriva t\u00e9rmica de las pilas<br \/>\nen todo el sistema est\u00e1 dentro de \u00b11,5\u00b0C debido a<br \/>\nsistema inteligente de refrigeraci\u00f3n l\u00edquida. Puede<br \/>\nprolongar la vida \u00fatil del sistema hasta<br \/>\n30%, aumentar la eficiencia del sistema a largo plazo<br \/>\nhasta 88,5%.<\/p>\n<p>Seguro<br \/>\nEl sistema tiene cuatro niveles de gesti\u00f3n<br \/>\nestructura que puede proporcionar<br \/>\nprotecci\u00f3n contra cortocircuitos, sobrecorriente<br \/>\nprotecci\u00f3n, protecci\u00f3n contra sobretensi\u00f3n<br \/>\nprotecci\u00f3n contra baja tensi\u00f3n, sobretemperatura<br \/>\nprotecci\u00f3n, etc.<\/p>\n<p><strong>NEN-EN-IEC 62619:2022 - Pilas y bater\u00edas secundarias que contienen electrolitos alcalinos u otros electrolitos no \u00e1cidos - Requisitos de seguridad para pilas y bater\u00edas secundarias de litio, para uso en aplicaciones industriales<\/strong><\/p>\n<p><strong>NEN-EN-IEC 61000-6-2\u3001EN IEC 61000-6-4<\/strong><\/p>\n<p><strong>UL 9540A:2019 edici\u00f3n 4 - Norma de m\u00e9todo de ensayo para evaluar la propagaci\u00f3n del incendio por fuga t\u00e9rmica en sistemas de almacenamiento de energ\u00eda en bater\u00edas<\/strong><\/p>\n<p><strong>UN38.3<\/strong><strong>s<\/strong><\/p>","protected":false},"excerpt":{"rendered":"<p>\u00a1ATENCI\u00d3N ! Debido a la integraci\u00f3n y complejidad, este precio es de instalador comercial sin IVA y sin montaje El montaje lo realiza su instalador local con la ayuda de nuestro [...]<\/p>","protected":false},"featured_media":185452,"template":"","meta":{"_seopress_robots_primary_cat":"none","_seopress_titles_title":"","_seopress_titles_desc":"","_seopress_robots_index":"","_kad_blocks_custom_css":"","_kad_blocks_head_custom_js":"","_kad_blocks_body_custom_js":"","_kad_blocks_footer_custom_js":""},"product_cat":[17],"product_tag":[],"class_list":{"0":"post-185455","1":"product","2":"type-product","3":"status-publish","4":"has-post-thumbnail","6":"product_cat-home-batteries","8":"first","9":"instock","10":"sale","11":"taxable","12":"shipping-taxable","13":"purchasable","14":"product-type-simple"},"taxonomy_info":{"product_cat":[{"value":17,"label":"Home batteries"}]},"featured_image_src_large":["https:\/\/ownpowr.com\/wp-content\/uploads\/2024\/10\/maxus-.png",300,300,false],"author_info":[],"comment_info":"","_links":{"self":[{"href":"https:\/\/ownpowr.com\/es\/wp-json\/wp\/v2\/product\/185455","targetHints":{"allow":["GET"]}}],"collection":[{"href":"https:\/\/ownpowr.com\/es\/wp-json\/wp\/v2\/product"}],"about":[{"href":"https:\/\/ownpowr.com\/es\/wp-json\/wp\/v2\/types\/product"}],"wp:featuredmedia":[{"embeddable":true,"href":"https:\/\/ownpowr.com\/es\/wp-json\/wp\/v2\/media\/185452"}],"wp:attachment":[{"href":"https:\/\/ownpowr.com\/es\/wp-json\/wp\/v2\/media?parent=185455"}],"wp:term":[{"taxonomy":"product_cat","embeddable":true,"href":"https:\/\/ownpowr.com\/es\/wp-json\/wp\/v2\/product_cat?post=185455"},{"taxonomy":"product_tag","embeddable":true,"href":"https:\/\/ownpowr.com\/es\/wp-json\/wp\/v2\/product_tag?post=185455"}],"curies":[{"name":"wp","href":"https:\/\/api.w.org\/{rel}","templated":true}]}}