{"id":187742,"date":"2024-10-25T09:11:12","date_gmt":"2024-10-25T07:11:12","guid":{"rendered":"https:\/\/ownpowr.com\/?post_type=product&#038;p=187742"},"modified":"2025-01-30T09:53:51","modified_gmt":"2025-01-30T07:53:51","slug":"blauhoff-25k-80kwh-hv-3-phase-system-powerpack-ip55-100ah-1c-charge-discharge","status":"publish","type":"product","link":"https:\/\/ownpowr.com\/es\/product\/blauhoff-25k-80kwh-hv-sistema-trifasico-powerpack-ip55-100ah-1c-carga-descarga\/","title":{"rendered":"Blauhoff Fuente de alimentaci\u00f3n trif\u00e1sica de AT 25K\/80kWh IP55 100aH 1C Carga\/Descarga"},"content":{"rendered":"<h2>Blauhoff Home 25K\/80 kWh HV 3 Fase systeem Cobalt vrij Powerpack IP55 Outdoor\/Indoor\/Cobalt vrij 100aH 1C<\/h2>\n<p>El sistema Blauhoff Home BLH-25k\/80 kWh de 3 fases, robusto y f\u00e1cil de usar, de la prestigiosa marca Blauhoff, proporciona un ahorro de energ\u00eda eficiente en viviendas de gran consumo. Con este sofisticado sistema podr\u00e1 optimizar la eficiencia energ\u00e9tica de su vivienda, reducir su consumo el\u00e9ctrico y beneficiarse de una mayor eficiencia energ\u00e9tica en la calefacci\u00f3n. Adem\u00e1s, este sistema incluye montaje gratuito, lo que permite una instalaci\u00f3n sencilla. Comun\u00edquese con la sala de orde\u00f1o din\u00e1mica sin necesidad de suscribirse y con una gran cantidad de energ\u00eda disponible.<\/p>\n<p>El omvormer tiene una longitud de 780 mm y un peso de 33,6 kg. Con un cable adicional de 300 mm entre el omnidireccional y la bater\u00eda puede optimizar la colocaci\u00f3n de su sistema, lo que le permitir\u00e1 ahorrar energ\u00eda y reducir al m\u00ednimo los consumos.<\/p>\n<p>El sistema de bater\u00edas Blauhoff es robusto, cobalto, compacto y ligero, con unas dimensiones de 734 mm x 400 mm por m\u00f3dulo y un peso de 906 kg. La bater\u00eda tiene una capacidad de 80 kWh, por lo que puede almacenar energ\u00eda sobrante generada por sus paneles solares u otras fuentes de energ\u00eda. Op momenten dat er geen energieproductie is, kunt u gebruikmaken van de opgeslagen energie om uw energieverbruik te dekken, waardoor u minder afhankelijk bent van het elektriciteitsnet en uw energiekosten verder kunt verlagen. Dit gaat allemaal automatisch in combinatie met dynamisch energiecontract als aanwezig. U kunt dan in de winter profiteren van goedkope stroom in de nacht en die de hele dag gebruiken en in de zomer gratis laden in de middag en s'avonds gebruiken en in de morgen of in de nacht de auto ermee opladen.<\/p>\n<p><strong>Especialmente dise\u00f1ado para carga\/descarga de 1C (100aH), para que pueda cargarlo y cargarlo r\u00e1pidamente. 8000 ciclos de 10 a\u00f1os de garant\u00eda y certificado UL9540A, \u00a1la mejor y m\u00e1s segura categor\u00eda!<\/strong><\/p>\n<p><strong>Con el Blauhoff Smartlanhub gratuito, que incluye la aplicaci\u00f3n y el hardware, podr\u00e1 gestionar y controlar usted mismo su cuenta de energ\u00eda de forma autom\u00e1tica y din\u00e1mica, sin necesidad de suscripciones.  U kunt dagelijks kan wisselen naar de voordeligste leverancier. Tevens compatible met Homeautomation and Homey Pro domotica.<\/strong><\/p>\n<p>El Sistema Home BLH-25k\/80 kWh 3 Fases est\u00e1 destinado a hogares con un consumo anual medio de m\u00e1s de 29.200 kWh. Con un consumo de 25 kW, puede disfrutar de una cantidad ilimitada de su energ\u00eda gracias a la energ\u00eda de la red y a la energ\u00eda disponible en la bater\u00eda. Bovendien biedt dit systeem noodstroomvoorziening, zodat belangrijke apparaten blijven werken tijdens stroomuitval en uw dagelijkse routines ongestoord kunnen doorgaan. Tevens is het systeem uit te bouwen to max 600kWh<\/p>\n<p>El Blauhoff Home BLH-25k\/80 kWh 3 Fase Systeem Powerpack est\u00e1 dise\u00f1ado para ofrecer flexibilidad. Est\u00e1 equipada con un generador de energ\u00eda e\u00f3lica, que le permite ahorrar m\u00e1s energ\u00eda y aumentar su capacidad energ\u00e9tica. Con una alimentaci\u00f3n m\u00ednima de 3x25A y apto para configuraciones trif\u00e1sicas, este sistema es compatible con la mayor\u00eda de redes el\u00e9ctricas de alta tensi\u00f3n.<\/p>\n<p>Gracias al montaje gratuito, podr\u00e1 realizar una instalaci\u00f3n profesional para que su sistema funcione a la perfecci\u00f3n desde el primer momento y disfrutar de un servicio excelente.<\/p>\n<p>Con el sistema Blauhoff Home BLH-25k\/80kWh 3 fases, consiga una mayor eficiencia energ\u00e9tica y una mayor durabilidad. Gracias a su alta eficiencia energ\u00e9tica, su bajo consumo y su flexibilidad en el consumo de energ\u00eda, podr\u00e1 disfrutar de una mayor eficiencia energ\u00e9tica, ahorrar costes y mejorar su rendimiento ecol\u00f3gico. Pida el Blauhoff y haga que su victoria est\u00e9 a la altura de las expectativas energ\u00e9ticas de su empresa.<\/p>\n<p><a href=\"https:\/\/blauhoff.nl\/wp-content\/uploads\/2024\/10\/Blauhoff-Power-Pack-HV-V1.4-1.pdf\" target=\"_blank\" rel=\"noopener\">Blauhoff Unidad de alimentaci\u00f3n HV V1.4 (1)<\/a><\/p>","protected":false},"excerpt":{"rendered":"<p>Blauhoff Home 25K\/80 kWh HV 3 Fase systeem Cobalt vrij Powerpack IP55 Outdoor\/Indoor\/Cobalt vrij 100aH 1C Het super robust en makkelijk uitbreidbare Blauhoff Home BLH-25k\/80 kWh 3 Fase Systeem, van [...]<\/p>","protected":false},"featured_media":187745,"template":"","meta":{"_seopress_robots_primary_cat":"none","_seopress_titles_title":"","_seopress_titles_desc":"","_seopress_robots_index":"","_kad_blocks_custom_css":"","_kad_blocks_head_custom_js":"","_kad_blocks_body_custom_js":"","_kad_blocks_footer_custom_js":""},"product_cat":[17,19],"product_tag":[],"class_list":{"0":"post-187742","1":"product","2":"type-product","3":"status-publish","4":"has-post-thumbnail","6":"product_cat-home-batteries","7":"product_cat-sets-with-inverters","9":"first","10":"instock","11":"taxable","12":"shipping-taxable","13":"purchasable","14":"product-type-simple"},"taxonomy_info":{"product_cat":[{"value":17,"label":"Home batteries"},{"value":19,"label":"Sets with inverters"}]},"featured_image_src_large":["https:\/\/ownpowr.com\/wp-content\/uploads\/2024\/10\/bh3-25k-80kwh-300x300-1.png",300,300,false],"author_info":[],"comment_info":"","_links":{"self":[{"href":"https:\/\/ownpowr.com\/es\/wp-json\/wp\/v2\/product\/187742","targetHints":{"allow":["GET"]}}],"collection":[{"href":"https:\/\/ownpowr.com\/es\/wp-json\/wp\/v2\/product"}],"about":[{"href":"https:\/\/ownpowr.com\/es\/wp-json\/wp\/v2\/types\/product"}],"wp:featuredmedia":[{"embeddable":true,"href":"https:\/\/ownpowr.com\/es\/wp-json\/wp\/v2\/media\/187745"}],"wp:attachment":[{"href":"https:\/\/ownpowr.com\/es\/wp-json\/wp\/v2\/media?parent=187742"}],"wp:term":[{"taxonomy":"product_cat","embeddable":true,"href":"https:\/\/ownpowr.com\/es\/wp-json\/wp\/v2\/product_cat?post=187742"},{"taxonomy":"product_tag","embeddable":true,"href":"https:\/\/ownpowr.com\/es\/wp-json\/wp\/v2\/product_tag?post=187742"}],"curies":[{"name":"wp","href":"https:\/\/api.w.org\/{rel}","templated":true}]}}