{"id":194636,"date":"2025-01-30T10:14:36","date_gmt":"2025-01-30T08:14:36","guid":{"rendered":"https:\/\/ownpowr.com\/?post_type=product&#038;p=194636"},"modified":"2025-01-30T10:14:37","modified_gmt":"2025-01-30T08:14:37","slug":"blauhoff-20k-40kwh-hv-3-phase-system-powerpack-ip55-100ah-1c-charge-discharge","status":"publish","type":"product","link":"https:\/\/ownpowr.com\/es\/product\/blauhoff-20kwh-40kwh-hv-sistema-trifasico-powerpack-ip55-100ah-1c-carga-descarga\/","title":{"rendered":"Blauhoff 20K\/40kWh HV Sistema trif\u00e1sico Powerpack IP55 100aH 1C Carga\/Descarga"},"content":{"rendered":"<p>Blauhoff Home 20K\/40 kWh HV Sistema trif\u00e1sico Sin cobalto Powerpack IP65 Exterior\/Interior\/Sin cobalto 100aH 1C<\/p>\n<p>El sistema trif\u00e1sico superresistente y f\u00e1cilmente ampliable Blauhoff Home BLH-20k\/40 kWh, de la conocida marca Blauhoff, ofrece una soluci\u00f3n fiable y eficaz para el almacenamiento de energ\u00eda en los hogares con mayor consumo. Con este potente sistema, podr\u00e1 optimizar la eficiencia energ\u00e9tica de su hogar, reducir su dependencia de la red y beneficiarse de un suministro el\u00e9ctrico de emergencia en caso de apagones. Adem\u00e1s, este sistema viene con montaje gratuito, lo que garantiza una instalaci\u00f3n sin complicaciones. Se comunica con la alimentaci\u00f3n din\u00e1mica seg\u00fan sus necesidades sin abono y \u00a1siempre con libre elecci\u00f3n del proveedor de energ\u00eda!<\/p>\n<p>El inversor tiene una longitud de 780 mm y un peso de 33,6 kg. Un cable adicional de 300 mm entre el inversor y la bater\u00eda le permite determinar la colocaci\u00f3n \u00f3ptima para su sistema, garantizando una transferencia de energ\u00eda eficaz y unas p\u00e9rdidas de energ\u00eda m\u00ednimas.<\/p>\n<p>El sistema de bater\u00edas Blauhoff es duradero, no contiene cobalto y es compacto y plano, con unas dimensiones de 734 mm x 400 mm por m\u00f3dulo y un peso de 454 kg. La bater\u00eda tiene una capacidad de 40 kWh, lo que le permite almacenar el exceso de energ\u00eda generada por sus paneles solares u otras fuentes de energ\u00eda. En los momentos en los que no hay producci\u00f3n de energ\u00eda, puede utilizar la energ\u00eda almacenada para cubrir su consumo energ\u00e9tico, reduciendo su dependencia de la red y reduciendo a\u00fan m\u00e1s sus costes energ\u00e9ticos. Todo ello de forma autom\u00e1tica en combinaci\u00f3n con un contrato de energ\u00eda din\u00e1mica como el actual. As\u00ed podr\u00e1 aprovechar la energ\u00eda barata por la noche en invierno y utilizarla todo el d\u00eda y en verano cargarla gratis por la tarde y utilizarla por la noche y cargar el coche con ella por la ma\u00f1ana o por la noche.<\/p>\n<p>Especialmente fabricada para carga\/descarga 1C (100aH), para que pueda cargar y descargar incre\u00edblemente r\u00e1pido. 8000 ciclos 10 a\u00f1os de garant\u00eda y certificaci\u00f3n UL9540A, \u00a1la categor\u00eda m\u00e1s alta alcanzable y m\u00e1s segura contra incendios!<\/p>\n<p>Siempre con Smartlanhub Blauhoff gratuito que incluye la aplicaci\u00f3n y el hardware, para que pueda operar din\u00e1micamente de forma autom\u00e1tica y sin cuotas de suscripci\u00f3n y estar al mando de su proveedor de energ\u00eda. Puede cambiar diariamente al proveedor m\u00e1s ventajoso. Tambi\u00e9n compatible con la dom\u00f3tica Homeautomation y Homey Pro.<\/p>\n<p>El sistema trif\u00e1sico Home BLH-20k\/40 kWh est\u00e1 recomendado para hogares con un consumo medio anual de aproximadamente 14600 kWh. Con una capacidad de 20 kW, puede cubrir una parte importante de sus necesidades energ\u00e9ticas utilizando la energ\u00eda solar generada y la energ\u00eda almacenada en la bater\u00eda. Adem\u00e1s, este sistema proporciona energ\u00eda de emergencia, para que los dispositivos importantes sigan funcionando durante los apagones y sus rutinas diarias puedan continuar sin interrupciones. El sistema tambi\u00e9n es ampliable hasta 600 kWh.<\/p>\n<p>La fuente de alimentaci\u00f3n trif\u00e1sica Blauhoff Home BLH-20k\/40 kWh est\u00e1 dise\u00f1ada pensando en la flexibilidad. Cuenta con un puerto para generador\/molinera, que le ofrece la posibilidad de a\u00f1adir fuentes de energ\u00eda adicionales y aumentar a\u00fan m\u00e1s su independencia energ\u00e9tica. Con una conexi\u00f3n m\u00ednima de 3x25A y apto para configuraciones trif\u00e1sicas, este sistema es compatible con la mayor\u00eda de las redes el\u00e9ctricas dom\u00e9sticas.<\/p>\n<p>Con el montaje gratuito, puede confiar en una instalaci\u00f3n profesional, que garantizar\u00e1 que su sistema funcione de forma \u00f3ptima desde el primer momento y podr\u00e1 disfrutar de una experiencia sin preocupaciones.<\/p>\n<p>Cambie a un suministro energ\u00e9tico m\u00e1s eficiente y sostenible con el sistema trif\u00e1sico Blauhoff Home BLH-20k\/40kWh. Con un potente almacenamiento de energ\u00eda, energ\u00eda de reserva y flexibilidad en las fuentes de energ\u00eda, podr\u00e1 contar con un suministro fiable, ahorrar costes y reducir su huella de carbono. Elija Blauhoff y prepare su hogar para las necesidades energ\u00e9ticas del futuro.<\/p>\n<p><a href=\"https:\/\/blauhoff.nl\/wp-content\/uploads\/2024\/10\/Blauhoff-Power-Pack-HV-V1.4-1.pdf\" target=\"_blank\" rel=\"noopener\">Blauhoff Unidad de alimentaci\u00f3n HV V1.4 (1)<\/a><\/p>","protected":false},"excerpt":{"rendered":"<p>Blauhoff Home 20K\/40 kWh Sistema trif\u00e1sico de alta tensi\u00f3n Sin cobalto Powerpack IP65 Exterior\/Interior\/Sin cobalto 100aH 1C El sistema trif\u00e1sico Blauhoff Home BLH-20k\/40 kWh, s\u00faper robusto y f\u00e1cilmente ampliable, de [...]<\/p>","protected":false},"featured_media":194639,"template":"","meta":{"_seopress_robots_primary_cat":"none","_seopress_titles_title":"","_seopress_titles_desc":"","_seopress_robots_index":"","_kad_blocks_custom_css":"","_kad_blocks_head_custom_js":"","_kad_blocks_body_custom_js":"","_kad_blocks_footer_custom_js":""},"product_cat":[17,19],"product_tag":[],"class_list":{"0":"post-194636","1":"product","2":"type-product","3":"status-publish","4":"has-post-thumbnail","6":"product_cat-home-batteries","7":"product_cat-sets-with-inverters","9":"first","10":"instock","11":"taxable","12":"shipping-taxable","13":"purchasable","14":"product-type-simple"},"taxonomy_info":{"product_cat":[{"value":17,"label":"Home batteries"},{"value":19,"label":"Sets with inverters"}]},"featured_image_src_large":["https:\/\/ownpowr.com\/wp-content\/uploads\/2024\/11\/bh3_20k_40kwh-480x480-1.png",480,480,false],"author_info":[],"comment_info":"","_links":{"self":[{"href":"https:\/\/ownpowr.com\/es\/wp-json\/wp\/v2\/product\/194636","targetHints":{"allow":["GET"]}}],"collection":[{"href":"https:\/\/ownpowr.com\/es\/wp-json\/wp\/v2\/product"}],"about":[{"href":"https:\/\/ownpowr.com\/es\/wp-json\/wp\/v2\/types\/product"}],"wp:featuredmedia":[{"embeddable":true,"href":"https:\/\/ownpowr.com\/es\/wp-json\/wp\/v2\/media\/194639"}],"wp:attachment":[{"href":"https:\/\/ownpowr.com\/es\/wp-json\/wp\/v2\/media?parent=194636"}],"wp:term":[{"taxonomy":"product_cat","embeddable":true,"href":"https:\/\/ownpowr.com\/es\/wp-json\/wp\/v2\/product_cat?post=194636"},{"taxonomy":"product_tag","embeddable":true,"href":"https:\/\/ownpowr.com\/es\/wp-json\/wp\/v2\/product_tag?post=194636"}],"curies":[{"name":"wp","href":"https:\/\/api.w.org\/{rel}","templated":true}]}}