{"id":197485,"date":"2024-12-13T11:46:01","date_gmt":"2024-12-13T09:46:01","guid":{"rendered":"https:\/\/ownpowr.com\/?post_type=product&#038;p=197485"},"modified":"2025-01-30T09:45:04","modified_gmt":"2025-01-30T07:45:04","slug":"blh-electric-generator-on-trailer-with-various-connections-50k-100kwh-and-solar-panels","status":"publish","type":"product","link":"https:\/\/ownpowr.com\/es\/product\/blh-generador-electrico-sobre-remolque-con-varias-conexiones-50k-100kwh-y-paneles-solares\/","title":{"rendered":"BLH Generador el\u00e9ctrico sobre remolque con varias conexiones 50K\/100kWh y paneles solares"},"content":{"rendered":"<p>Generador el\u00e9ctrico o generador h\u00edbrido sobre doble eje con paneles solares extensibles.<br \/>\nBater\u00eda m\u00f3vil con bater\u00edas LFP \u00a110 a\u00f1os de garant\u00eda y 6000 ciclos!<\/p>\n<p>Capacidad de entrada 400V\/32A\/63A<br \/>\nTiempo de carga 2-5 horas<br \/>\nSalida 230V\/16A<br \/>\nSalida 400V\/32A<br \/>\nSalida 400V\/63A<\/p>\n<p>Mobile ess para cada uso flexible, funciona con tarifas din\u00e1micas y puede conectar paneles solares directamente.<br \/>\nAdecuado para la construcci\u00f3n, eventos, energ\u00eda de emergencia, etc.<\/p>\n<div dir=\"ltr\"><a href=\"https:\/\/blauhoff.nl\/wp-content\/uploads\/2024\/02\/Blauhoff-Elektrische-Generator-Datasheet.pdf\">Hoja de datos<\/a><\/div>","protected":false},"excerpt":{"rendered":"<p>Generador el\u00e9ctrico o generador h\u00edbrido sobre doble eje con paneles solares extensibles. Bater\u00eda m\u00f3vil con bater\u00edas LFP \u00a1Garant\u00eda de 10 a\u00f1os y 6000 ciclos! Capacidad de entrada 400V\/32A\/63A Tiempo de carga 2-5 horas [...]<\/p>","protected":false},"featured_media":197490,"template":"","meta":{"_seopress_robots_primary_cat":"none","_seopress_titles_title":"","_seopress_titles_desc":"","_seopress_robots_index":"","_kad_blocks_custom_css":"","_kad_blocks_head_custom_js":"","_kad_blocks_body_custom_js":"","_kad_blocks_footer_custom_js":""},"product_cat":[17],"product_tag":[],"class_list":{"0":"post-197485","1":"product","2":"type-product","3":"status-publish","4":"has-post-thumbnail","6":"product_cat-home-batteries","8":"first","9":"instock","10":"taxable","11":"shipping-taxable","12":"purchasable","13":"product-type-simple"},"taxonomy_info":{"product_cat":[{"value":17,"label":"Home batteries"}]},"featured_image_src_large":["https:\/\/ownpowr.com\/wp-content\/uploads\/2024\/12\/electrische-generator-300x300-1.jpg",300,300,false],"author_info":[],"comment_info":"","_links":{"self":[{"href":"https:\/\/ownpowr.com\/es\/wp-json\/wp\/v2\/product\/197485","targetHints":{"allow":["GET"]}}],"collection":[{"href":"https:\/\/ownpowr.com\/es\/wp-json\/wp\/v2\/product"}],"about":[{"href":"https:\/\/ownpowr.com\/es\/wp-json\/wp\/v2\/types\/product"}],"wp:featuredmedia":[{"embeddable":true,"href":"https:\/\/ownpowr.com\/es\/wp-json\/wp\/v2\/media\/197490"}],"wp:attachment":[{"href":"https:\/\/ownpowr.com\/es\/wp-json\/wp\/v2\/media?parent=197485"}],"wp:term":[{"taxonomy":"product_cat","embeddable":true,"href":"https:\/\/ownpowr.com\/es\/wp-json\/wp\/v2\/product_cat?post=197485"},{"taxonomy":"product_tag","embeddable":true,"href":"https:\/\/ownpowr.com\/es\/wp-json\/wp\/v2\/product_tag?post=197485"}],"curies":[{"name":"wp","href":"https:\/\/api.w.org\/{rel}","templated":true}]}}