{"id":203500,"date":"2025-01-17T11:19:28","date_gmt":"2025-01-17T09:19:28","guid":{"rendered":"https:\/\/ownpowr.com\/?post_type=product&#038;p=203500"},"modified":"2025-01-30T10:19:51","modified_gmt":"2025-01-30T08:19:51","slug":"blauhoff-25k-38-0-kwh-slim-line-hv","status":"publish","type":"product","link":"https:\/\/ownpowr.com\/es\/product\/blauhoff-25k-38-0-kwh-slim-line-hv\/","title":{"rendered":"Blauhoff 25k\/38,0 kWh Slim Line HV"},"content":{"rendered":"<p>Blauhoff Sistema trif\u00e1sico dom\u00e9stico 25K\/38,0kWh Slim Line IP65 17 cm de grosor \u00a1Exterior\/Interior!<\/p>\n<p>El sistema trif\u00e1sico superfino Blauhoff Home 25K\/38,0kWh, de la conocida marca Blauhoff, ofrece una soluci\u00f3n fiable y eficaz para el almacenamiento de energ\u00eda en hogares con un consumo medio. Con este potente sistema podr\u00e1 optimizar la eficiencia energ\u00e9tica de su hogar, reducir su dependencia de la red el\u00e9ctrica y beneficiarse de un suministro el\u00e9ctrico de emergencia en caso de apag\u00f3n. Adem\u00e1s, este sistema viene con instalaci\u00f3n gratuita, lo que garantiza una instalaci\u00f3n sin preocupaciones. Se comunica con la energ\u00eda din\u00e1mica seg\u00fan sus necesidades, sin necesidad de abono y \u00a1siempre con libre elecci\u00f3n del proveedor de energ\u00eda!<\/p>\n<p>El inversor tiene una longitud de 780 mm y un peso de 33,6 kg. Con un cable adicional de 300 mm entre el inversor y la bater\u00eda puede determinar la colocaci\u00f3n \u00f3ptima para su sistema, lo que garantiza una transferencia de energ\u00eda eficaz y unas p\u00e9rdidas de energ\u00eda m\u00ednimas.<\/p>\n<p>El sistema de bater\u00edas Blauhoff es duradero y ultracompacto y plano, mide 670 mm x 900 mm x 170 mm y pesa 150 kg. La bater\u00eda tiene una capacidad de 38,0 kWh, lo que le permite almacenar el exceso de energ\u00eda generada por sus paneles solares u otras fuentes de energ\u00eda. Cuando no hay producci\u00f3n de energ\u00eda, puede utilizar la energ\u00eda almacenada para cubrir su consumo energ\u00e9tico, haci\u00e9ndole menos dependiente de la red y reduciendo a\u00fan m\u00e1s sus costes energ\u00e9ticos. Todo esto ocurre de forma autom\u00e1tica en combinaci\u00f3n con un contrato de energ\u00eda din\u00e1mica si est\u00e1 disponible. As\u00ed podr\u00e1 beneficiarse de electricidad barata por la noche en invierno y utilizarla durante todo el d\u00eda, y en verano podr\u00e1 cargarla gratis por la tarde y por la noche y utilizarla para cargar su coche por la ma\u00f1ana o por la noche.<\/p>\n<p>El sistema trif\u00e1sico Home 25K\/38,0kWh est\u00e1 recomendado para hogares con un consumo medio anual de aproximadamente 13870 kWh. Con una capacidad de 25 kW, puede cubrir una parte importante de sus necesidades energ\u00e9ticas utilizando la energ\u00eda solar generada y almacenada en la bater\u00eda. Adem\u00e1s, este sistema proporciona energ\u00eda de emergencia, para que los aparatos importantes sigan funcionando durante los cortes de electricidad y sus rutinas diarias puedan continuar sin interrupciones.<\/p>\n<p>El sistema trif\u00e1sico Blauhoff Home 25K\/38,0kWh Slim Line est\u00e1 dise\u00f1ado pensando en la flexibilidad. Incorpora un puerto para generador\/turbina e\u00f3lica, lo que le da la opci\u00f3n de a\u00f1adir fuentes de energ\u00eda adicionales y aumentar a\u00fan m\u00e1s su independencia energ\u00e9tica. Con una conexi\u00f3n m\u00ednima de 3x50A y apto para configuraciones trif\u00e1sicas, este sistema es compatible con la mayor\u00eda de las redes el\u00e9ctricas dom\u00e9sticas.<\/p>\n<p>Gracias a la instalaci\u00f3n gratuita, puede confiar en una instalaci\u00f3n profesional, que garantizar\u00e1 que su sistema funcione de forma \u00f3ptima desde el primer momento y podr\u00e1 disfrutar de una experiencia sin preocupaciones.<\/p>\n<p>Haga el cambio a un suministro energ\u00e9tico m\u00e1s eficiente y sostenible con el sistema trif\u00e1sico Blauhoff Home 25K\/38,0kWh. Con un potente almacenamiento de energ\u00eda, suministro el\u00e9ctrico de emergencia y flexibilidad en las fuentes de energ\u00eda, podr\u00e1 contar con un suministro fiable, ahorrar costes y reducir su huella ecol\u00f3gica. Elija Blauhoff y prepare su hogar para las necesidades energ\u00e9ticas del futuro.<\/p>\n<p><a href=\"https:\/\/blauhoff.nl\/wp-content\/uploads\/2024\/02\/Datasheet-Blauhoff-RESS-HV-Slim-Line.pdf\" target=\"_blank\" rel=\"noopener\">Ficha de datos Blauhoff RESS HV Slim Line<\/a><\/p>","protected":false},"excerpt":{"rendered":"<p>Blauhoff Home 25K\/38.0kWh Sistema Trif\u00e1sico Slim Line IP65 17 cm delgado \u00a1Exterior\/Interior! El sistema trif\u00e1sico superfino Blauhoff Home 25K\/38.0kWh, de la renombrada marca [...]<\/p>","protected":false},"featured_media":203504,"template":"","meta":{"_seopress_robots_primary_cat":"none","_seopress_titles_title":"","_seopress_titles_desc":"","_seopress_robots_index":"","_kad_blocks_custom_css":"","_kad_blocks_head_custom_js":"","_kad_blocks_body_custom_js":"","_kad_blocks_footer_custom_js":""},"product_cat":[17,19],"product_tag":[],"class_list":{"0":"post-203500","1":"product","2":"type-product","3":"status-publish","4":"has-post-thumbnail","6":"product_cat-home-batteries","7":"product_cat-sets-with-inverters","9":"first","10":"instock","11":"taxable","12":"shipping-taxable","13":"purchasable","14":"product-type-simple"},"taxonomy_info":{"product_cat":[{"value":17,"label":"Home batteries"},{"value":19,"label":"Sets with inverters"}]},"featured_image_src_large":["https:\/\/ownpowr.com\/wp-content\/uploads\/2025\/01\/slimline-25k-38.0-1024x1024.png",1024,1024,true],"author_info":[],"comment_info":"","_links":{"self":[{"href":"https:\/\/ownpowr.com\/es\/wp-json\/wp\/v2\/product\/203500","targetHints":{"allow":["GET"]}}],"collection":[{"href":"https:\/\/ownpowr.com\/es\/wp-json\/wp\/v2\/product"}],"about":[{"href":"https:\/\/ownpowr.com\/es\/wp-json\/wp\/v2\/types\/product"}],"wp:featuredmedia":[{"embeddable":true,"href":"https:\/\/ownpowr.com\/es\/wp-json\/wp\/v2\/media\/203504"}],"wp:attachment":[{"href":"https:\/\/ownpowr.com\/es\/wp-json\/wp\/v2\/media?parent=203500"}],"wp:term":[{"taxonomy":"product_cat","embeddable":true,"href":"https:\/\/ownpowr.com\/es\/wp-json\/wp\/v2\/product_cat?post=203500"},{"taxonomy":"product_tag","embeddable":true,"href":"https:\/\/ownpowr.com\/es\/wp-json\/wp\/v2\/product_tag?post=203500"}],"curies":[{"name":"wp","href":"https:\/\/api.w.org\/{rel}","templated":true}]}}