{"id":203516,"date":"2025-01-17T12:00:55","date_gmt":"2025-01-17T10:00:55","guid":{"rendered":"https:\/\/ownpowr.com\/?post_type=product&#038;p=203516"},"modified":"2025-01-31T09:16:16","modified_gmt":"2025-01-31T07:16:16","slug":"blauhoff-15k-25kwh-hv-3-phase-system-powerpack-ip55-100ah-1c-charge-discharge","status":"publish","type":"product","link":"https:\/\/ownpowr.com\/es\/product\/blauhoff-15k-25kwh-hv-sistema-trifasico-powerpack-ip55-100ah-1c-carga-descarga\/","title":{"rendered":"Blauhoff 15K\/25kWh HV Sistema trif\u00e1sico Powerpack IP55 100aH 1C Carga\/Descarga"},"content":{"rendered":"<p>Blauhoff Hogar 15K\/25 kWh HV Sistema trif\u00e1sico Sin cobalto Powerpack IP65 Exterior\/Interior\/Sin cobalto 100aH 1C<\/p>\n<p>El sistema trif\u00e1sico superresistente y f\u00e1cilmente ampliable Blauhoff Home BLH-15k\/25 kWh, de la conocida marca Blauhoff, ofrece una soluci\u00f3n fiable y eficaz para el almacenamiento de energ\u00eda en hogares con un consumo elevado. Con este potente sistema podr\u00e1 optimizar la eficiencia energ\u00e9tica de su hogar, reducir su dependencia de la red el\u00e9ctrica y beneficiarse de un suministro el\u00e9ctrico de emergencia en caso de apag\u00f3n. Adem\u00e1s, este sistema se suministra con instalaci\u00f3n gratuita, lo que garantiza una instalaci\u00f3n sin preocupaciones. Se comunica con la corriente din\u00e1mica seg\u00fan sus necesidades, sin abono y siempre con libre elecci\u00f3n del proveedor de energ\u00eda.<\/p>\n<p>El inversor tiene una longitud de 780 mm y un peso de 33,6 kg. Con un cable adicional de 300 mm entre el inversor y la bater\u00eda, puede determinar la colocaci\u00f3n \u00f3ptima para su sistema, garantizando una transferencia de energ\u00eda eficaz y unas p\u00e9rdidas de energ\u00eda m\u00ednimas.<\/p>\n<p>El sistema de bater\u00edas Blauhoff es sostenible, no contiene cobalto y es compacto y plano, con unas dimensiones de 734 mm x 400 mm por m\u00f3dulo y un peso de 283 kg. La bater\u00eda tiene una capacidad de 25 kWh, lo que le permite almacenar el exceso de energ\u00eda generada por sus paneles solares u otras fuentes de energ\u00eda. En los momentos en los que no haya producci\u00f3n de energ\u00eda, podr\u00e1 utilizar la energ\u00eda almacenada para cubrir su consumo energ\u00e9tico, lo que le har\u00e1 menos dependiente de la red el\u00e9ctrica y reducir\u00e1 a\u00fan m\u00e1s sus costes energ\u00e9ticos. Todo esto ocurre de forma autom\u00e1tica en combinaci\u00f3n con un contrato de energ\u00eda din\u00e1mica, si est\u00e1 disponible. As\u00ed podr\u00e1 beneficiarse de electricidad barata por la noche en invierno y utilizarla durante todo el d\u00eda y en verano cargarla gratis por la tarde y por la noche y utilizarla para cargar el coche por la ma\u00f1ana o por la noche.<\/p>\n<p>Especialmente fabricada Carga\/Descarga 1C (100aH), para que pueda cargar y descargar muy r\u00e1pidamente. 8000 ciclos 10 a\u00f1os de garant\u00eda y certificaci\u00f3n UL9540A, \u00a1la categor\u00eda m\u00e1s alta alcanzable y segura contra incendios!<\/p>\n<p>Siempre con Smartlanhub Blauhoff gratuito que incluye la aplicaci\u00f3n y el hardware, para que pueda actuar autom\u00e1ticamente y sin costes de suscripci\u00f3n de forma din\u00e1mica y tenga usted mismo el control de su proveedor de energ\u00eda. Puede cambiar diariamente al proveedor m\u00e1s ventajoso. Tambi\u00e9n es compatible con la dom\u00f3tica Homeautomation y Homey Pro.<\/p>\n<p>El sistema trif\u00e1sico Home BLH-15k\/25 kWh est\u00e1 recomendado para hogares con un consumo medio anual de aproximadamente 9125 kWh. Con una capacidad de 15 kW puede cubrir una parte importante de sus necesidades energ\u00e9ticas utilizando la energ\u00eda solar generada y la energ\u00eda almacenada en la bater\u00eda. Adem\u00e1s, este sistema ofrece suministro el\u00e9ctrico de emergencia, para que los dispositivos importantes sigan funcionando durante los cortes de electricidad y sus rutinas diarias puedan continuar sin interrupciones. El sistema tambi\u00e9n puede ampliarse hasta un m\u00e1ximo de 600 kWh.<\/p>\n<p>La fuente de alimentaci\u00f3n trif\u00e1sica Blauhoff Home BLH-15k\/25 kWh est\u00e1 dise\u00f1ada pensando en la flexibilidad. Incorpora un puerto para generador\/molinera, lo que le da la opci\u00f3n de a\u00f1adir fuentes de energ\u00eda adicionales y aumentar a\u00fan m\u00e1s su independencia energ\u00e9tica. Con una conexi\u00f3n m\u00ednima de 3x25A y apto para configuraciones trif\u00e1sicas, este sistema es compatible con la mayor\u00eda de las redes el\u00e9ctricas dom\u00e9sticas.<\/p>\n<p>Gracias a la instalaci\u00f3n gratuita, puede confiar en una instalaci\u00f3n profesional, que garantizar\u00e1 que su sistema funcione de forma \u00f3ptima desde el primer momento y podr\u00e1 disfrutar de una experiencia sin preocupaciones.<\/p>\n<p>Cambie a un suministro energ\u00e9tico m\u00e1s eficiente y sostenible con el sistema trif\u00e1sico Blauhoff Home BLH-15k\/40kWh. Con un potente almacenamiento de energ\u00eda, suministro el\u00e9ctrico de emergencia y flexibilidad en las fuentes de energ\u00eda, podr\u00e1 contar con un suministro fiable, ahorrar costes y reducir su huella de carbono. Elija Blauhoff y prepare su hogar para las necesidades energ\u00e9ticas del futuro.<\/p>\n<p>Tambi\u00e9n disponible con calefacci\u00f3n para su montaje en c\u00e1maras frigor\u00edficas o al aire libre, \u00a1como opci\u00f3n adicional!<\/p>\n<p><a href=\"https:\/\/blauhoff.nl\/wp-content\/uploads\/2024\/10\/Blauhoff-Power-Pack-HV-V1.4-1.pdf\" target=\"_blank\" rel=\"noopener\">Blauhoff Unidad de alimentaci\u00f3n HV V1.4 (1)<\/a><\/p>\n<div style=\"width: 640px;\" class=\"wp-video\"><video class=\"wp-video-shortcode\" id=\"video-203516-1\" width=\"640\" height=\"360\" preload=\"metadata\" controls=\"controls\"><source type=\"video\/mp4\" src=\"https:\/\/blauhoff.nl\/wp-content\/uploads\/2024\/12\/Blauhoff-PowerPack-Series.mp4?_=1\" \/><a href=\"https:\/\/blauhoff.nl\/wp-content\/uploads\/2024\/12\/Blauhoff-PowerPack-Series.mp4\">https:\/\/blauhoff.nl\/wp-content\/uploads\/2024\/12\/Blauhoff-PowerPack-Series.mp4<\/a><\/video><\/div>","protected":false},"excerpt":{"rendered":"<p>Blauhoff Home 15K\/25 kWh Sistema trif\u00e1sico HV Sin cobalto Powerpack IP65 Exterior\/Interior\/Sin cobalto 100aH 1C El sistema trif\u00e1sico Blauhoff Home BLH-15k\/25 kWh, s\u00faper robusto y f\u00e1cilmente ampliable, de [...]<\/p>","protected":false},"featured_media":203519,"template":"","meta":{"_seopress_robots_primary_cat":"none","_seopress_titles_title":"","_seopress_titles_desc":"","_seopress_robots_index":"","_kad_blocks_custom_css":"","_kad_blocks_head_custom_js":"","_kad_blocks_body_custom_js":"","_kad_blocks_footer_custom_js":""},"product_cat":[17,19],"product_tag":[],"class_list":{"0":"post-203516","1":"product","2":"type-product","3":"status-publish","4":"has-post-thumbnail","6":"product_cat-home-batteries","7":"product_cat-sets-with-inverters","9":"first","10":"instock","11":"taxable","12":"shipping-taxable","13":"purchasable","14":"product-type-simple"},"taxonomy_info":{"product_cat":[{"value":17,"label":"Home batteries"},{"value":19,"label":"Sets with inverters"}]},"featured_image_src_large":["https:\/\/ownpowr.com\/wp-content\/uploads\/2025\/01\/bh3_15k_25kwh-1024x1024.png",1024,1024,true],"author_info":[],"comment_info":"","_links":{"self":[{"href":"https:\/\/ownpowr.com\/es\/wp-json\/wp\/v2\/product\/203516","targetHints":{"allow":["GET"]}}],"collection":[{"href":"https:\/\/ownpowr.com\/es\/wp-json\/wp\/v2\/product"}],"about":[{"href":"https:\/\/ownpowr.com\/es\/wp-json\/wp\/v2\/types\/product"}],"wp:featuredmedia":[{"embeddable":true,"href":"https:\/\/ownpowr.com\/es\/wp-json\/wp\/v2\/media\/203519"}],"wp:attachment":[{"href":"https:\/\/ownpowr.com\/es\/wp-json\/wp\/v2\/media?parent=203516"}],"wp:term":[{"taxonomy":"product_cat","embeddable":true,"href":"https:\/\/ownpowr.com\/es\/wp-json\/wp\/v2\/product_cat?post=203516"},{"taxonomy":"product_tag","embeddable":true,"href":"https:\/\/ownpowr.com\/es\/wp-json\/wp\/v2\/product_tag?post=203516"}],"curies":[{"name":"wp","href":"https:\/\/api.w.org\/{rel}","templated":true}]}}