{"id":205857,"date":"2025-01-30T13:37:19","date_gmt":"2025-01-30T11:37:19","guid":{"rendered":"https:\/\/ownpowr.com\/?post_type=product&#038;p=205857"},"modified":"2025-01-31T10:08:34","modified_gmt":"2025-01-31T08:08:34","slug":"blauhoff-25k-50kwh-hv-3-phase-system-powerpack-ip55-100ah-1c-charge-discharge","status":"publish","type":"product","link":"https:\/\/ownpowr.com\/es\/product\/blauhoff-25k-50kwh-hv-sistema-trifasico-powerpack-ip55-100ah-1c-carga-descarga\/","title":{"rendered":"Blauhoff Fuente de alimentaci\u00f3n trif\u00e1sica de AT 25K\/50kWh IP55 100aH 1C Carga\/Descarga"},"content":{"rendered":"<p>Blauhoff Home 25K\/50 kWh HV Sistema trif\u00e1sico Sin cobalto Powerpack IP55 Exterior\/Interior\/Sin cobalto 100aH 1C<\/p>\n<p>El sistema trif\u00e1sico superresistente y f\u00e1cilmente ampliable Blauhoff Home BLH-25k\/50 kWh, de la conocida marca Blauhoff, ofrece una soluci\u00f3n de almacenamiento de energ\u00eda fiable y eficaz para los hogares de mayor consumo. Con este potente sistema, podr\u00e1 optimizar la eficiencia energ\u00e9tica de su hogar, reducir su dependencia de la red y beneficiarse de un suministro el\u00e9ctrico de emergencia en caso de cortes de electricidad. Adem\u00e1s, este sistema viene con montaje gratuito, lo que garantiza una instalaci\u00f3n sin complicaciones. Se comunica seg\u00fan sus necesidades con la alimentaci\u00f3n din\u00e1mica sin abono y \u00a1siempre con libre elecci\u00f3n del proveedor de energ\u00eda!<\/p>\n<p>El inversor tiene una longitud de 780 mm y un peso de 33,6 kg. Con un cable adicional de 300 mm entre el inversor y la bater\u00eda, puede determinar la colocaci\u00f3n \u00f3ptima para su sistema, garantizando una transferencia de energ\u00eda eficaz y una p\u00e9rdida de energ\u00eda m\u00ednima.<\/p>\n<p>El sistema trif\u00e1sico Home BLH-25k\/50 kWh est\u00e1 recomendado para hogares con un consumo medio anual de unos 18250 kWh. Con una potencia de 25 kW, puede cubrir una parte importante de sus necesidades energ\u00e9ticas utilizando la energ\u00eda solar generada y la energ\u00eda almacenada en la bater\u00eda. Adem\u00e1s, este sistema proporciona energ\u00eda de emergencia, para que los dispositivos importantes sigan funcionando durante los cortes de electricidad y sus rutinas diarias puedan continuar sin interrupciones. El sistema tambi\u00e9n es ampliable hasta 600 kWh.<\/p>\n<p>La fuente de alimentaci\u00f3n trif\u00e1sica Blauhoff Home BLH-25k\/50 kWh est\u00e1 dise\u00f1ada pensando en la flexibilidad. Incorpora un puerto para generador\/molinera, lo que le permite a\u00f1adir fuentes de energ\u00eda adicionales y aumentar a\u00fan m\u00e1s su independencia energ\u00e9tica. Con una conexi\u00f3n m\u00ednima de 3x25A y apto para configuraciones trif\u00e1sicas, este sistema es compatible con la mayor\u00eda de las redes el\u00e9ctricas dom\u00e9sticas.<\/p>\n<p>Con el montaje gratuito, puede confiar en una instalaci\u00f3n profesional, lo que garantiza que su sistema funcionar\u00e1 de forma \u00f3ptima desde el primer momento y podr\u00e1 disfrutar de una experiencia sin preocupaciones.<\/p>\n<p>Cambie a un suministro energ\u00e9tico m\u00e1s eficiente y sostenible con el sistema trif\u00e1sico Blauhoff Home BLH-25k\/50 kWh. Con un potente almacenamiento de energ\u00eda, alimentaci\u00f3n de reserva y flexibilidad en las fuentes de energ\u00eda, podr\u00e1 contar con un suministro fiable, ahorrar costes y reducir su huella de carbono. Elija Blauhoff y prepare su hogar para las necesidades energ\u00e9ticas del futuro.<\/p>\n<p>Tambi\u00e9n disponible con calefacci\u00f3n para su montaje en c\u00e1maras frigor\u00edficas o al aire libre, \u00a1como opci\u00f3n adicional!<\/p>\n<p><a href=\"https:\/\/blauhoff.nl\/wp-content\/uploads\/2024\/10\/Blauhoff-Power-Pack-HV-V1.4-1.pdf\" target=\"_blank\" rel=\"noopener\">Blauhoff Unidad de alimentaci\u00f3n HV V1.4 (1)<\/a><\/p>\n<div style=\"width: 640px;\" class=\"wp-video\"><video class=\"wp-video-shortcode\" id=\"video-205857-1\" width=\"640\" height=\"360\" preload=\"metadata\" controls=\"controls\"><source type=\"video\/mp4\" src=\"https:\/\/blauhoff.nl\/wp-content\/uploads\/2024\/12\/Blauhoff-PowerPack-Series.mp4?_=1\" \/><a href=\"https:\/\/blauhoff.nl\/wp-content\/uploads\/2024\/12\/Blauhoff-PowerPack-Series.mp4\">https:\/\/blauhoff.nl\/wp-content\/uploads\/2024\/12\/Blauhoff-PowerPack-Series.mp4<\/a><\/video><\/div>","protected":false},"excerpt":{"rendered":"<p>Blauhoff Home 25K\/50 kWh Sistema trif\u00e1sico de alta tensi\u00f3n Sin cobalto Powerpack IP55 Exterior\/Interior\/Sin cobalto 100aH 1C El sistema trif\u00e1sico Blauhoff Home BLH-25k\/50 kWh, s\u00faper robusto y f\u00e1cilmente ampliable, de la renombrada [...]<\/p>","protected":false},"featured_media":205860,"template":"","meta":{"_seopress_robots_primary_cat":"none","_seopress_titles_title":"","_seopress_titles_desc":"","_seopress_robots_index":"","_kad_blocks_custom_css":"","_kad_blocks_head_custom_js":"","_kad_blocks_body_custom_js":"","_kad_blocks_footer_custom_js":""},"product_cat":[17,19],"product_tag":[],"class_list":{"0":"post-205857","1":"product","2":"type-product","3":"status-publish","4":"has-post-thumbnail","6":"product_cat-home-batteries","7":"product_cat-sets-with-inverters","9":"first","10":"instock","11":"taxable","12":"shipping-taxable","13":"purchasable","14":"product-type-simple"},"taxonomy_info":{"product_cat":[{"value":17,"label":"Home batteries"},{"value":19,"label":"Sets with inverters"}]},"featured_image_src_large":["https:\/\/ownpowr.com\/wp-content\/uploads\/2025\/01\/bh3_12k_50kwh-480x480-2.png",480,480,false],"author_info":[],"comment_info":"","_links":{"self":[{"href":"https:\/\/ownpowr.com\/es\/wp-json\/wp\/v2\/product\/205857","targetHints":{"allow":["GET"]}}],"collection":[{"href":"https:\/\/ownpowr.com\/es\/wp-json\/wp\/v2\/product"}],"about":[{"href":"https:\/\/ownpowr.com\/es\/wp-json\/wp\/v2\/types\/product"}],"wp:featuredmedia":[{"embeddable":true,"href":"https:\/\/ownpowr.com\/es\/wp-json\/wp\/v2\/media\/205860"}],"wp:attachment":[{"href":"https:\/\/ownpowr.com\/es\/wp-json\/wp\/v2\/media?parent=205857"}],"wp:term":[{"taxonomy":"product_cat","embeddable":true,"href":"https:\/\/ownpowr.com\/es\/wp-json\/wp\/v2\/product_cat?post=205857"},{"taxonomy":"product_tag","embeddable":true,"href":"https:\/\/ownpowr.com\/es\/wp-json\/wp\/v2\/product_tag?post=205857"}],"curies":[{"name":"wp","href":"https:\/\/api.w.org\/{rel}","templated":true}]}}