{"id":206755,"date":"2025-02-07T13:01:55","date_gmt":"2025-02-07T11:01:55","guid":{"rendered":"https:\/\/ownpowr.com\/?post_type=product&#038;p=206755"},"modified":"2025-02-07T14:06:42","modified_gmt":"2025-02-07T12:06:42","slug":"blauhoff-5k-10-kwh-lv-3-phase-system-powerpack-ip55-100ah-1c-charge-discharge","status":"publish","type":"product","link":"https:\/\/ownpowr.com\/es\/product\/blauhoff-5k-10-kwh-lv-sistema-trifasico-powerpack-ip55-100ah-1c-carga-descarga\/","title":{"rendered":"Blauhoff 5K\/10 kWh Fuente de alimentaci\u00f3n monof\u00e1sica BT IP55 100aH 1C Carga\/Descarga"},"content":{"rendered":"<h2>Blauhoff Dom\u00e9stico 5K\/10 kWh BT Sistema monof\u00e1sico Sin cobalto Powerpack IP65 Exterior\/Interior\/Sin cobalto 100aH 1C<\/h2>\n<p>El sistema Blauhoff Home BLH-5k\/10 kWh monof\u00e1sico, superresistente y f\u00e1cilmente ampliable, de la conocida marca Blauhoff, ofrece una soluci\u00f3n de almacenamiento de energ\u00eda fiable y eficaz para los hogares con mayor consumo. Con este potente sistema, podr\u00e1 optimizar la eficiencia energ\u00e9tica de su hogar, reducir su dependencia de la red y beneficiarse de un suministro el\u00e9ctrico de emergencia en caso de cortes de electricidad. Adem\u00e1s, este sistema viene con montaje gratuito, lo que garantiza una instalaci\u00f3n sin complicaciones. Se comunica con la alimentaci\u00f3n din\u00e1mica seg\u00fan sus necesidades sin abono y \u00a1siempre con libre elecci\u00f3n del proveedor de energ\u00eda!<\/p>\n<p>El inversor tiene una longitud de 780 mm y un peso de 33,6 kg. Un cable adicional de 300 mm entre el inversor y la bater\u00eda le permite determinar la colocaci\u00f3n \u00f3ptima para su sistema, garantizando una transferencia de energ\u00eda eficaz y unas p\u00e9rdidas de energ\u00eda m\u00ednimas.<\/p>\n<p>El sistema de bater\u00edas Blauhoff es duradero, no contiene cobalto y es compacto y plano, con unas dimensiones de 734 mm x 400 mm por m\u00f3dulo y un peso de 120 kg. La bater\u00eda tiene una capacidad de 10 kWh, lo que le permite almacenar el exceso de energ\u00eda generada por sus paneles solares u otras fuentes de energ\u00eda. En los momentos en los que no hay producci\u00f3n de energ\u00eda, puede utilizar la energ\u00eda almacenada para cubrir su consumo energ\u00e9tico, reduciendo su dependencia de la red y reduciendo a\u00fan m\u00e1s sus costes energ\u00e9ticos. Todo esto se hace autom\u00e1ticamente en combinaci\u00f3n con el contrato din\u00e1mico de energ\u00eda actual. As\u00ed podr\u00e1 aprovechar la energ\u00eda barata por la noche en invierno y utilizarla durante todo el d\u00eda y, en verano, cargarla gratis por la tarde y utilizarla por la noche y cargar el coche con ella por la ma\u00f1ana o por la noche.<\/p>\n<p><strong>Especialmente fabricada para carga\/descarga 1C (100aH), para que pueda cargar y descargar a la velocidad del rayo. 8000 ciclos de 10 a\u00f1os de garant\u00eda y certificaci\u00f3n UL9540A, \u00a1la categor\u00eda m\u00e1s alta alcanzable y segura contra incendios!<\/strong><\/p>\n<p><strong>Siempre con Smartlanhub Blauhoff gratuito que incluye la aplicaci\u00f3n y el hardware, para que pueda operar din\u00e1micamente de forma autom\u00e1tica y sin cuotas de suscripci\u00f3n y estar a cargo de su propio proveedor de energ\u00eda. Puede cambiar diariamente al proveedor m\u00e1s ventajoso. Tambi\u00e9n es compatible con la dom\u00f3tica Homeautomation y Homey Pro.<\/strong><\/p>\n<p>El sistema Home BLH-5k\/10 kWh 1 fase est\u00e1 recomendado para hogares con un consumo medio anual de unos 3650 kWh. Con una potencia de 5 kW, puede cubrir una parte importante de sus necesidades energ\u00e9ticas utilizando la energ\u00eda solar generada y la energ\u00eda almacenada en la bater\u00eda. Adem\u00e1s, este sistema proporciona suministro el\u00e9ctrico de emergencia, para que los dispositivos importantes sigan funcionando durante los cortes de electricidad y sus rutinas diarias puedan continuar sin interrupciones. El sistema tambi\u00e9n es ampliable hasta 600 kWh.<\/p>\n<p>La fuente de alimentaci\u00f3n Blauhoff Home BLH-5k\/10 kWh de sistema monof\u00e1sico est\u00e1 dise\u00f1ada pensando en la flexibilidad. Incorpora un puerto para generador\/molinera, lo que le permite a\u00f1adir fuentes de energ\u00eda adicionales y aumentar a\u00fan m\u00e1s su independencia energ\u00e9tica. Con una conexi\u00f3n m\u00ednima de 3x25A y apto para configuraciones monof\u00e1sicas, este sistema es compatible con la mayor\u00eda de las redes el\u00e9ctricas dom\u00e9sticas.<\/p>\n<p>Gracias al montaje gratuito, puede confiar en una instalaci\u00f3n profesional, lo que le garantiza que su sistema funcionar\u00e1 de forma \u00f3ptima desde el primer momento y podr\u00e1 disfrutar de una experiencia sin preocupaciones.<\/p>\n<p>Cambie a un suministro energ\u00e9tico m\u00e1s eficiente y sostenible con el sistema Blauhoff Home BLH-5k\/10 kWh 1 fase. Con un potente almacenamiento de energ\u00eda, alimentaci\u00f3n de emergencia y flexibilidad en las fuentes de energ\u00eda, podr\u00e1 contar con un suministro fiable, ahorrar costes y reducir su huella de carbono. Elija Blauhoff y prepare su hogar para las necesidades energ\u00e9ticas del futuro.<\/p>\n<p><strong>Tambi\u00e9n disponible con calefacci\u00f3n para su montaje en c\u00e1maras frigor\u00edficas o al aire libre, \u00a1como opci\u00f3n adicional!<\/strong><\/p>\n<div style=\"width: 640px;\" class=\"wp-video\"><video class=\"wp-video-shortcode\" id=\"video-206755-1\" width=\"640\" height=\"360\" preload=\"metadata\" controls=\"controls\"><source type=\"video\/mp4\" src=\"https:\/\/blauhoff.nl\/wp-content\/uploads\/2024\/12\/Blauhoff-PowerPack-Series.mp4?_=1\" \/><a href=\"https:\/\/blauhoff.nl\/wp-content\/uploads\/2024\/12\/Blauhoff-PowerPack-Series.mp4\">https:\/\/blauhoff.nl\/wp-content\/uploads\/2024\/12\/Blauhoff-PowerPack-Series.mp4<\/a><\/video><\/div>\n<p><a href=\"https:\/\/blauhoff.nl\/wp-content\/uploads\/2024\/10\/Blauhoff-Power-Pack-HV-V1.4-1.pdf\" target=\"_blank\" rel=\"noopener\">Blauhoff Unidad de alimentaci\u00f3n HV V1.4 (1)<\/a><\/p>","protected":false},"excerpt":{"rendered":"<p>Blauhoff Home 5K\/10 kWh Sistema monof\u00e1sico BLH sin cobalto Powerpack IP65 Exterior\/Interior\/Sin cobalto 100aH 1C El sistema monof\u00e1sico Blauhoff Home BLH-5k\/10 kWh, s\u00faper robusto y f\u00e1cilmente ampliable, de [...]<\/p>","protected":false},"featured_media":206780,"template":"","meta":{"_seopress_robots_primary_cat":"none","_seopress_titles_title":"","_seopress_titles_desc":"","_seopress_robots_index":"","_kad_blocks_custom_css":"","_kad_blocks_head_custom_js":"","_kad_blocks_body_custom_js":"","_kad_blocks_footer_custom_js":""},"product_cat":[17,19],"product_tag":[],"class_list":{"0":"post-206755","1":"product","2":"type-product","3":"status-publish","4":"has-post-thumbnail","6":"product_cat-home-batteries","7":"product_cat-sets-with-inverters","9":"first","10":"instock","11":"taxable","12":"shipping-taxable","13":"purchasable","14":"product-type-simple"},"taxonomy_info":{"product_cat":[{"value":17,"label":"Home batteries"},{"value":19,"label":"Sets with inverters"}]},"featured_image_src_large":["https:\/\/ownpowr.com\/wp-content\/uploads\/2025\/02\/bh3_5k_10kwh-1-1.png",480,480,false],"author_info":[],"comment_info":"","_links":{"self":[{"href":"https:\/\/ownpowr.com\/es\/wp-json\/wp\/v2\/product\/206755","targetHints":{"allow":["GET"]}}],"collection":[{"href":"https:\/\/ownpowr.com\/es\/wp-json\/wp\/v2\/product"}],"about":[{"href":"https:\/\/ownpowr.com\/es\/wp-json\/wp\/v2\/types\/product"}],"wp:featuredmedia":[{"embeddable":true,"href":"https:\/\/ownpowr.com\/es\/wp-json\/wp\/v2\/media\/206780"}],"wp:attachment":[{"href":"https:\/\/ownpowr.com\/es\/wp-json\/wp\/v2\/media?parent=206755"}],"wp:term":[{"taxonomy":"product_cat","embeddable":true,"href":"https:\/\/ownpowr.com\/es\/wp-json\/wp\/v2\/product_cat?post=206755"},{"taxonomy":"product_tag","embeddable":true,"href":"https:\/\/ownpowr.com\/es\/wp-json\/wp\/v2\/product_tag?post=206755"}],"curies":[{"name":"wp","href":"https:\/\/api.w.org\/{rel}","templated":true}]}}