{"id":206803,"date":"2025-02-07T15:58:34","date_gmt":"2025-02-07T13:58:34","guid":{"rendered":"https:\/\/ownpowr.com\/?post_type=product&#038;p=206803"},"modified":"2025-02-14T16:28:57","modified_gmt":"2025-02-14T14:28:57","slug":"blauhoff-home-8k-20kwh-3-phase-system","status":"publish","type":"product","link":"https:\/\/ownpowr.com\/es\/product\/blauhoff-home-8k-20kwh-sistema-trifasico\/","title":{"rendered":"Blauhoff Sistema dom\u00e9stico 8K\/20kWh monof\u00e1sico o trif\u00e1sico"},"content":{"rendered":"<p>Blauhoff Sistema de fase dom\u00e9stica 8K\/20kWh<\/p>\n<p>El sistema de fase Blauhoff Home 8K\/20kWh, de la marca de confianza Blauhoff, ofrece una soluci\u00f3n avanzada para el almacenamiento de energ\u00eda en el hogar. Este sistema est\u00e1 dise\u00f1ado espec\u00edficamente para satisfacer las necesidades energ\u00e9ticas de los hogares con un consumo importante. Con este potente sistema, podr\u00e1 optimizar la eficiencia de su consumo energ\u00e9tico, reducir su dependencia de la red e incluso beneficiarse de energ\u00eda de emergencia en caso de apag\u00f3n. Y lo que es m\u00e1s, este sistema viene con instalaci\u00f3n gratuita, lo que hace que la instalaci\u00f3n sea sencilla y sin complicaciones.<\/p>\n<p>El inversor tiene una longitud de 580 mm y pesa 33,6 kg. Con un cable adicional de 300 mm entre el inversor y la bater\u00eda, puede determinar la colocaci\u00f3n \u00f3ptima para su sistema, garantizando una transferencia de energ\u00eda eficaz y unas p\u00e9rdidas de energ\u00eda m\u00ednimas.<\/p>\n<p>El sistema de bater\u00edas Blauhoff es robusto y duradero, mide 580 mm x 387 mm x 1300 mm y pesa 180 kg. La bater\u00eda tiene una impresionante capacidad de 20 kWh, lo que le permite almacenar el exceso de energ\u00eda generada por sus paneles solares. Cuando no haya luz solar disponible, podr\u00e1 utilizar esta energ\u00eda almacenada para cubrir su consumo energ\u00e9tico, reduciendo su dependencia de la red y reduciendo a\u00fan m\u00e1s sus costes energ\u00e9ticos.<\/p>\n<p>El sistema de fase Blauhoff Home 8K\/20kWh est\u00e1 recomendado para hogares con un consumo medio anual de unos 7000 kWh. Con una capacidad de 8 kW, puede cubrir una parte importante de sus necesidades energ\u00e9ticas utilizando la energ\u00eda solar generada y la energ\u00eda almacenada en la bater\u00eda. Adem\u00e1s, este sistema ofrece energ\u00eda de emergencia, lo que le permite seguir utilizando electrodom\u00e9sticos importantes durante los cortes de electricidad, garantizando su comodidad y tranquilidad.<\/p>\n<p>El sistema de fase Blauhoff Home 8K\/20kWh est\u00e1 dise\u00f1ado pensando en la flexibilidad. Incorpora un puerto para generador\/molinera, lo que le da la opci\u00f3n de a\u00f1adir fuentes de energ\u00eda adicionales y aumentar a\u00fan m\u00e1s su independencia energ\u00e9tica. Con una conexi\u00f3n m\u00ednima de 1x40A y adecuado para configuraciones monof\u00e1sicas, este sistema es compatible con la mayor\u00eda de las redes el\u00e9ctricas dom\u00e9sticas.<\/p>\n<p>Gracias a la instalaci\u00f3n gratuita, puede confiar en una instalaci\u00f3n profesional, que le ahorrar\u00e1 tiempo y esfuerzo y le garantizar\u00e1 un funcionamiento \u00f3ptimo de su sistema desde el primer momento.<\/p>\n<p>Haga el cambio a un suministro energ\u00e9tico m\u00e1s eficiente y sostenible con el sistema de fase Blauhoff Home 8K\/20kWh. Con un potente almacenamiento de energ\u00eda, suministro el\u00e9ctrico de emergencia y flexibilidad en las fuentes de energ\u00eda, podr\u00e1 disfrutar de una gesti\u00f3n energ\u00e9tica fiable y rentable en su hogar. Elija Blauhoff y prepare su hogar para las necesidades energ\u00e9ticas del futuro.<\/p>\n<p><strong>\u00a1El sistema Blauhoff Home 8K\/20 kWh monof\u00e1sico tambi\u00e9n est\u00e1 disponible bajo pedido!<\/strong><\/p>","protected":false},"excerpt":{"rendered":"<p>Sistema de fase Blauhoff Home 8K\/20kWh El sistema de fase Blauhoff Home 8K\/20kWh, de la marca de confianza Blauhoff, ofrece una soluci\u00f3n avanzada para el almacenamiento de energ\u00eda en el hogar. Este sistema est\u00e1 espec\u00edficamente dise\u00f1ado para [...]<\/p>","protected":false},"featured_media":206806,"template":"","meta":{"_seopress_robots_primary_cat":"none","_seopress_titles_title":"","_seopress_titles_desc":"","_seopress_robots_index":"","_kad_blocks_custom_css":"","_kad_blocks_head_custom_js":"","_kad_blocks_body_custom_js":"","_kad_blocks_footer_custom_js":""},"product_cat":[17,19],"product_tag":[],"class_list":{"0":"post-206803","1":"product","2":"type-product","3":"status-publish","4":"has-post-thumbnail","6":"product_cat-home-batteries","7":"product_cat-sets-with-inverters","9":"first","10":"instock","11":"taxable","12":"shipping-taxable","13":"purchasable","14":"product-type-simple"},"taxonomy_info":{"product_cat":[{"value":17,"label":"Home batteries"},{"value":19,"label":"Sets with inverters"}]},"featured_image_src_large":["https:\/\/ownpowr.com\/wp-content\/uploads\/2025\/02\/blh_8k_20kwh.jpg",480,480,false],"author_info":[],"comment_info":"","_links":{"self":[{"href":"https:\/\/ownpowr.com\/es\/wp-json\/wp\/v2\/product\/206803","targetHints":{"allow":["GET"]}}],"collection":[{"href":"https:\/\/ownpowr.com\/es\/wp-json\/wp\/v2\/product"}],"about":[{"href":"https:\/\/ownpowr.com\/es\/wp-json\/wp\/v2\/types\/product"}],"wp:featuredmedia":[{"embeddable":true,"href":"https:\/\/ownpowr.com\/es\/wp-json\/wp\/v2\/media\/206806"}],"wp:attachment":[{"href":"https:\/\/ownpowr.com\/es\/wp-json\/wp\/v2\/media?parent=206803"}],"wp:term":[{"taxonomy":"product_cat","embeddable":true,"href":"https:\/\/ownpowr.com\/es\/wp-json\/wp\/v2\/product_cat?post=206803"},{"taxonomy":"product_tag","embeddable":true,"href":"https:\/\/ownpowr.com\/es\/wp-json\/wp\/v2\/product_tag?post=206803"}],"curies":[{"name":"wp","href":"https:\/\/api.w.org\/{rel}","templated":true}]}}