{"id":207770,"date":"2025-02-14T12:09:30","date_gmt":"2025-02-14T10:09:30","guid":{"rendered":"https:\/\/ownpowr.com\/?post_type=product&#038;p=207770"},"modified":"2025-02-14T12:10:25","modified_gmt":"2025-02-14T10:10:25","slug":"blauhoff-home-3-6k-10kwh-1-phase-system","status":"publish","type":"product","link":"https:\/\/ownpowr.com\/es\/product\/sistema-blauhoff-home-3-6k-10kwh-1-fase\/","title":{"rendered":"Blauhoff Sistema dom\u00e9stico monof\u00e1sico 3,6K\/10kWh"},"content":{"rendered":"<p>Blauhoff Sistema dom\u00e9stico monof\u00e1sico 3,6K\/10kWh<\/p>\n<p>El sistema Blauhoff Home 3,6K\/10kWh 1 fase es un revolucionario sistema de almacenamiento de energ\u00eda dise\u00f1ado para satisfacer las necesidades de los hogares modernos. Con tecnolog\u00edas avanzadas y una capacidad impresionante, este sistema ofrece una soluci\u00f3n fiable y eficaz para gestionar su consumo de energ\u00eda.<\/p>\n<p>Este sistema est\u00e1 espec\u00edficamente recomendado para un consumo medio anual de 3650 kWh, lo que lo hace perfecto para la mayor\u00eda de los hogares. Si desea alimentar sus electrodom\u00e9sticos, alimentar su hogar con energ\u00eda solar u optimizar su consumo energ\u00e9tico, el sistema Blauhoff Home est\u00e1 dise\u00f1ado para satisfacer sus necesidades.<\/p>\n<p>Con una generosa capacidad de 10 kWh, este sistema proporciona un amplio almacenamiento para el exceso de energ\u00eda generada por paneles solares u otras fuentes renovables. Esto significa que podr\u00e1 almacenar y utilizar la energ\u00eda siempre que la necesite, incluso durante las horas punta o cuando no disponga de suministro el\u00e9ctrico externo. Adem\u00e1s, el sistema cuenta con una funci\u00f3n de alimentaci\u00f3n de emergencia, por lo que siempre dispondr\u00e1 de energ\u00eda, incluso durante los cortes de suministro.<\/p>\n<p>Una de las caracter\u00edsticas destacables del sistema Blauhoff Home es su compatibilidad con generadores y puertos de aerogeneradores. Esto le permite integrar distintas fuentes de energ\u00eda renovable y reducir a\u00fan m\u00e1s su huella de carbono. Puede beneficiarse de la generaci\u00f3n de energ\u00eda verde y hacer que su consumo de electricidad sea m\u00e1s sostenible.<\/p>\n<p>Con una potencia de 3,6 kW, el sistema Blauhoff Home proporciona energ\u00eda suficiente para sus necesidades diarias. Tanto si desea conectar las luces, el frigor\u00edfico, el aire acondicionado u otros aparatos el\u00e9ctricos, este sistema ofrece un rendimiento fiable y le garantiza que nunca se quedar\u00e1 sin energ\u00eda.<\/p>\n<p>La instalaci\u00f3n del sistema Blauhoff Home 3,6K\/10 kWh monof\u00e1sico es sencilla y s\u00f3lo requiere una conexi\u00f3n m\u00ednima de 1x25A. Adem\u00e1s, el sistema se entrega con instalaci\u00f3n gratuita, por lo que podr\u00e1 empezar a disfrutar de las ventajas de su nueva soluci\u00f3n energ\u00e9tica de inmediato.<\/p>\n<p>Elija el sistema dom\u00e9stico Blauhoff 3,6K\/10 kWh monof\u00e1sico y descubra una forma avanzada y fiable de gestionar su consumo de energ\u00eda. Disfrute de la libertad de generar, almacenar y utilizar su propia energ\u00eda, al tiempo que ahorra en sus costes energ\u00e9ticos y contribuye a un futuro m\u00e1s sostenible. Con Blauhoff Home, usted tiene el control de su energ\u00eda.<\/p>","protected":false},"excerpt":{"rendered":"<p>Sistema Blauhoff Home 3,6K\/10kWh 1 Fase El sistema Blauhoff Home 3,6K\/10kWh 1 Fase es un revolucionario sistema de almacenamiento de energ\u00eda dise\u00f1ado para satisfacer las necesidades de los hogares modernos. Con tecnolog\u00edas avanzadas [...]<\/p>","protected":false},"featured_media":207773,"template":"","meta":{"_seopress_robots_primary_cat":"none","_seopress_titles_title":"","_seopress_titles_desc":"","_seopress_robots_index":"","_kad_blocks_custom_css":"","_kad_blocks_head_custom_js":"","_kad_blocks_body_custom_js":"","_kad_blocks_footer_custom_js":""},"product_cat":[17,19],"product_tag":[],"class_list":{"0":"post-207770","1":"product","2":"type-product","3":"status-publish","4":"has-post-thumbnail","6":"product_cat-home-batteries","7":"product_cat-sets-with-inverters","9":"first","10":"instock","11":"taxable","12":"shipping-taxable","13":"purchasable","14":"product-type-simple"},"taxonomy_info":{"product_cat":[{"value":17,"label":"Home batteries"},{"value":19,"label":"Sets with inverters"}]},"featured_image_src_large":["https:\/\/ownpowr.com\/wp-content\/uploads\/2025\/02\/blh_1_phase_36_10.jpg",600,600,false],"author_info":[],"comment_info":"","_links":{"self":[{"href":"https:\/\/ownpowr.com\/es\/wp-json\/wp\/v2\/product\/207770","targetHints":{"allow":["GET"]}}],"collection":[{"href":"https:\/\/ownpowr.com\/es\/wp-json\/wp\/v2\/product"}],"about":[{"href":"https:\/\/ownpowr.com\/es\/wp-json\/wp\/v2\/types\/product"}],"wp:featuredmedia":[{"embeddable":true,"href":"https:\/\/ownpowr.com\/es\/wp-json\/wp\/v2\/media\/207773"}],"wp:attachment":[{"href":"https:\/\/ownpowr.com\/es\/wp-json\/wp\/v2\/media?parent=207770"}],"wp:term":[{"taxonomy":"product_cat","embeddable":true,"href":"https:\/\/ownpowr.com\/es\/wp-json\/wp\/v2\/product_cat?post=207770"},{"taxonomy":"product_tag","embeddable":true,"href":"https:\/\/ownpowr.com\/es\/wp-json\/wp\/v2\/product_tag?post=207770"}],"curies":[{"name":"wp","href":"https:\/\/api.w.org\/{rel}","templated":true}]}}