{"id":207863,"date":"2025-02-14T16:12:44","date_gmt":"2025-02-14T14:12:44","guid":{"rendered":"https:\/\/ownpowr.com\/?post_type=product&#038;p=207863"},"modified":"2025-02-14T16:12:45","modified_gmt":"2025-02-14T14:12:45","slug":"blauhoff-home-10k-20kwh-3-phase-system-hv-lv","status":"publish","type":"product","link":"https:\/\/ownpowr.com\/es\/product\/blauhoff-home-10k-20kwh-sistema-trifasico-hv-lv\/","title":{"rendered":"Blauhoff Sistema trif\u00e1sico dom\u00e9stico 10K\/20kWh AT\/BT"},"content":{"rendered":"<p>Blauhoff Sistema de fase dom\u00e9stica 10K\/20kWh<\/p>\n<p>El sistema de fase Blauhoff Home 10K\/20kWh, de la conocida marca Blauhoff, ofrece una soluci\u00f3n potente y fiable para el almacenamiento de energ\u00eda en hogares con un consumo importante. Con este avanzado sistema, podr\u00e1 optimizar su gesti\u00f3n energ\u00e9tica, reducir su dependencia de la red y beneficiarse de energ\u00eda de emergencia en caso de apag\u00f3n. Adem\u00e1s, este sistema viene con instalaci\u00f3n gratuita, por lo que su instalaci\u00f3n es f\u00e1cil y sin complicaciones.<\/p>\n<p>El inversor tiene una longitud de 699,3 mm y pesa 33,6 kg. Con un cable adicional de 300 mm entre el inversor y la bater\u00eda, puede determinar la colocaci\u00f3n \u00f3ptima para su sistema, garantizando una transferencia de energ\u00eda eficaz y unas p\u00e9rdidas de energ\u00eda m\u00ednimas.<\/p>\n<p>El sistema de bater\u00edas Blauhoff es duradero y robusto, con unas dimensiones de 586 mm x 387 mm x 1300 mm y un peso de 180 kg. La bater\u00eda tiene una impresionante capacidad de 20 kWh, lo que le permite almacenar el exceso de energ\u00eda generada por sus paneles solares u otras fuentes de energ\u00eda. Cuando no haya producci\u00f3n de energ\u00eda, podr\u00e1 utilizar la energ\u00eda almacenada para cubrir su consumo energ\u00e9tico, lo que le har\u00e1 menos dependiente de la red el\u00e9ctrica y reducir\u00e1 a\u00fan m\u00e1s sus costes energ\u00e9ticos.<\/p>\n<p>El sistema de fase Blauhoff Home 10K\/20kWh est\u00e1 recomendado para hogares con un consumo medio anual de unos 7300 kWh. Con una capacidad de 10 kW, puede cubrir gran parte de sus necesidades energ\u00e9ticas utilizando la energ\u00eda solar generada y la energ\u00eda almacenada en la bater\u00eda. Adem\u00e1s, este sistema proporciona energ\u00eda de emergencia, para que los aparatos importantes sigan funcionando durante los cortes de electricidad y sus rutinas diarias puedan continuar sin interrupciones.<\/p>\n<p>El sistema de fase Blauhoff Home 10K\/20kWh est\u00e1 dise\u00f1ado pensando en la flexibilidad. Incorpora un puerto para generador\/turbina e\u00f3lica, lo que le da la opci\u00f3n de a\u00f1adir fuentes de energ\u00eda adicionales y aumentar a\u00fan m\u00e1s su independencia energ\u00e9tica. Con una conexi\u00f3n m\u00ednima de 3x25A y apto para configuraciones de fase, este sistema es compatible con la mayor\u00eda de las redes el\u00e9ctricas dom\u00e9sticas.<\/p>\n<p>Gracias a la instalaci\u00f3n gratuita, puede confiar en una instalaci\u00f3n profesional, que garantizar\u00e1 que su sistema funcione de forma \u00f3ptima desde el primer momento y podr\u00e1 disfrutar de una experiencia sin preocupaciones.<\/p>\n<p>Haga el cambio a un suministro energ\u00e9tico m\u00e1s eficiente y sostenible con el sistema de fase Blauhoff Home 10K\/20kWh. Con un potente almacenamiento de energ\u00eda, suministro el\u00e9ctrico de emergencia y flexibilidad en las fuentes de energ\u00eda, podr\u00e1 contar con un suministro fiable, ahorrar costes y reducir su huella de carbono. Elija el Blauhoff y prepare su hogar para las necesidades energ\u00e9ticas del futuro.<\/p>\n<p><strong>\u00a1El precio difiere entre HV y LV!<\/strong><\/p>","protected":false},"excerpt":{"rendered":"<p>Sistema de fase Blauhoff Home 10K\/20kWh El sistema de fase Blauhoff Home 10K\/20kWh, de la prestigiosa marca Blauhoff, ofrece una soluci\u00f3n potente y fiable para el almacenamiento de energ\u00eda en hogares con un consumo importante. [...]<\/p>","protected":false},"featured_media":207866,"template":"","meta":{"_seopress_robots_primary_cat":"","_seopress_titles_title":"","_seopress_titles_desc":"","_seopress_robots_index":"","_kad_blocks_custom_css":"","_kad_blocks_head_custom_js":"","_kad_blocks_body_custom_js":"","_kad_blocks_footer_custom_js":""},"product_cat":[17,19],"product_tag":[],"class_list":{"0":"post-207863","1":"product","2":"type-product","3":"status-publish","4":"has-post-thumbnail","6":"product_cat-home-batteries","7":"product_cat-sets-with-inverters","9":"first","10":"instock","11":"taxable","12":"shipping-taxable","13":"purchasable","14":"product-type-simple"},"taxonomy_info":{"product_cat":[{"value":17,"label":"Home batteries"},{"value":19,"label":"Sets with inverters"}]},"featured_image_src_large":["https:\/\/ownpowr.com\/wp-content\/uploads\/2025\/02\/blh_5100_10k_20kwh-600x600-1.jpg",600,600,false],"author_info":[],"comment_info":"","_links":{"self":[{"href":"https:\/\/ownpowr.com\/es\/wp-json\/wp\/v2\/product\/207863","targetHints":{"allow":["GET"]}}],"collection":[{"href":"https:\/\/ownpowr.com\/es\/wp-json\/wp\/v2\/product"}],"about":[{"href":"https:\/\/ownpowr.com\/es\/wp-json\/wp\/v2\/types\/product"}],"wp:featuredmedia":[{"embeddable":true,"href":"https:\/\/ownpowr.com\/es\/wp-json\/wp\/v2\/media\/207866"}],"wp:attachment":[{"href":"https:\/\/ownpowr.com\/es\/wp-json\/wp\/v2\/media?parent=207863"}],"wp:term":[{"taxonomy":"product_cat","embeddable":true,"href":"https:\/\/ownpowr.com\/es\/wp-json\/wp\/v2\/product_cat?post=207863"},{"taxonomy":"product_tag","embeddable":true,"href":"https:\/\/ownpowr.com\/es\/wp-json\/wp\/v2\/product_tag?post=207863"}],"curies":[{"name":"wp","href":"https:\/\/api.w.org\/{rel}","templated":true}]}}