{"id":207867,"date":"2025-02-14T16:18:18","date_gmt":"2025-02-14T14:18:18","guid":{"rendered":"https:\/\/ownpowr.com\/?post_type=product&#038;p=207867"},"modified":"2025-02-14T16:18:19","modified_gmt":"2025-02-14T14:18:19","slug":"blauhoff-home-5k-20-kwh-1-phase-system-lv","status":"publish","type":"product","link":"https:\/\/ownpowr.com\/es\/product\/blauhoff-home-5k-20-kwh-1-fase-sistema-lv\/","title":{"rendered":"Blauhoff Hogar 5K\/20 kWh Sistema monof\u00e1sico BT"},"content":{"rendered":"<p>Blauhoff Sistema monof\u00e1sico dom\u00e9stico 5K\/20 kWh<\/p>\n<p>El sistema Blauhoff Home 5K\/20 kWh monof\u00e1sico es un sistema de almacenamiento de energ\u00eda compacto y eficiente dise\u00f1ado para satisfacer las necesidades energ\u00e9ticas de hogares y peque\u00f1as empresas. Con un consumo medio anual recomendado de 7300 kWh, este sistema ofrece una soluci\u00f3n sostenible y fiable para generar, almacenar y utilizar su propia energ\u00eda.<\/p>\n<p>Con una capacidad de 20 kWh, este sistema ofrece suficiente espacio de almacenamiento para guardar la energ\u00eda solar generada durante el d\u00eda y utilizarla por la tarde y por la noche. Esto le permite reducir su dependencia de la red el\u00e9ctrica y reducir sus costes energ\u00e9ticos. Adem\u00e1s, el sistema est\u00e1 equipado con alimentaci\u00f3n de emergencia, para que pueda seguir disfrutando de energ\u00eda durante los cortes de electricidad.<\/p>\n<p>El Blauhoff Home est\u00e1 dise\u00f1ado pensando en la compatibilidad. El sistema est\u00e1 equipado con un puerto para generador y aerogenerador, lo que le da la oportunidad de integrar fuentes de energ\u00eda alternativas y generar a\u00fan m\u00e1s energ\u00eda verde. Esto le proporciona la flexibilidad necesaria para diversificar a\u00fan m\u00e1s su generaci\u00f3n de energ\u00eda y reducir su huella de carbono.<\/p>\n<p>Con una capacidad de 5 kW, el Blauhoff Home es adecuado para una amplia gama de aplicaciones. Tanto si desea alimentar los electrodom\u00e9sticos de su casa como si necesita energ\u00eda para sus operaciones comerciales a peque\u00f1a escala, este sistema puede satisfacer sus necesidades. El sistema funciona con una conexi\u00f3n monof\u00e1sica con un requisito m\u00ednimo de 1x40A, lo que lo hace adecuado para aplicaciones dom\u00e9sticas.<\/p>\n<p>El sistema Blauhoff Home 5K\/20 kWh monof\u00e1sico se ha dise\u00f1ado pensando en la facilidad de uso y la fiabilidad. El tama\u00f1o compacto y el dise\u00f1o ligero del inversor permiten una instalaci\u00f3n sencilla, mientras que el robusto sistema de bater\u00edas garantiza la durabilidad y un rendimiento duradero.<\/p>\n<p>Elija el sistema dom\u00e9stico Blauhoff 5K\/20 kWh monof\u00e1sico y disfrute de una soluci\u00f3n fiable y eficaz para sus necesidades energ\u00e9ticas. Este sistema le permite beneficiarse de la energ\u00eda verde, reducir sus facturas energ\u00e9ticas y contribuir a un futuro sostenible. Conf\u00ede en Blauhoff para obtener soluciones de almacenamiento de energ\u00eda de alta calidad que satisfagan sus necesidades y le proporcionen tranquilidad.<\/p>","protected":false},"excerpt":{"rendered":"<p>Sistema Blauhoff dom\u00e9stico 5K\/20 kWh monof\u00e1sico El sistema Blauhoff dom\u00e9stico 5K\/20 kWh monof\u00e1sico es un sistema de almacenamiento de energ\u00eda compacto y eficiente dise\u00f1ado para satisfacer las necesidades [...]<\/p>","protected":false},"featured_media":207870,"template":"","meta":{"_seopress_robots_primary_cat":"","_seopress_titles_title":"","_seopress_titles_desc":"","_seopress_robots_index":"","_kad_blocks_custom_css":"","_kad_blocks_head_custom_js":"","_kad_blocks_body_custom_js":"","_kad_blocks_footer_custom_js":""},"product_cat":[17,19],"product_tag":[],"class_list":{"0":"post-207867","1":"product","2":"type-product","3":"status-publish","4":"has-post-thumbnail","6":"product_cat-home-batteries","7":"product_cat-sets-with-inverters","9":"first","10":"instock","11":"taxable","12":"shipping-taxable","13":"purchasable","14":"product-type-simple"},"taxonomy_info":{"product_cat":[{"value":17,"label":"Home batteries"},{"value":19,"label":"Sets with inverters"}]},"featured_image_src_large":["https:\/\/ownpowr.com\/wp-content\/uploads\/2025\/02\/blh_5k_20kwh.jpg",480,480,false],"author_info":[],"comment_info":"","_links":{"self":[{"href":"https:\/\/ownpowr.com\/es\/wp-json\/wp\/v2\/product\/207867","targetHints":{"allow":["GET"]}}],"collection":[{"href":"https:\/\/ownpowr.com\/es\/wp-json\/wp\/v2\/product"}],"about":[{"href":"https:\/\/ownpowr.com\/es\/wp-json\/wp\/v2\/types\/product"}],"wp:featuredmedia":[{"embeddable":true,"href":"https:\/\/ownpowr.com\/es\/wp-json\/wp\/v2\/media\/207870"}],"wp:attachment":[{"href":"https:\/\/ownpowr.com\/es\/wp-json\/wp\/v2\/media?parent=207867"}],"wp:term":[{"taxonomy":"product_cat","embeddable":true,"href":"https:\/\/ownpowr.com\/es\/wp-json\/wp\/v2\/product_cat?post=207867"},{"taxonomy":"product_tag","embeddable":true,"href":"https:\/\/ownpowr.com\/es\/wp-json\/wp\/v2\/product_tag?post=207867"}],"curies":[{"name":"wp","href":"https:\/\/api.w.org\/{rel}","templated":true}]}}