{"id":208743,"date":"2025-02-20T09:41:35","date_gmt":"2025-02-20T07:41:35","guid":{"rendered":"https:\/\/ownpowr.com\/?post_type=product&#038;p=208743"},"modified":"2025-08-25T14:41:27","modified_gmt":"2025-08-25T12:41:27","slug":"new-blauhoff-maxus-all-in-one-125k-289-kwh-energy-storage-cabinet-liquid-cooled","status":"publish","type":"product","link":"https:\/\/ownpowr.com\/es\/product\/nuevo-armario-de-almacenamiento-de-energia-blauhoff-maxus-all-in-one-125k-289-kwh-refrigerado-por-liquido\/","title":{"rendered":"Novedad Blauhoff Maxus Armario de almacenamiento de energ\u00eda todo en uno 125K\/289 kWh Refrigerado por l\u00edquido"},"content":{"rendered":"<p>Nuevo Blauhoff Maxus Armario de almacenamiento de energ\u00eda todo en uno 125K\/289kWh 10 a\u00f1os de garant\u00eda 8000 ciclos<\/p>\n<p>Todos los sistemas de bater\u00edas Blauhoff tienen 10 a\u00f1os de garant\u00eda en las c\u00e9lulas y 5 a\u00f1os de garant\u00eda en el inversor \u00a1sin ning\u00fan pago adicional!<\/p>\n<p>Este no es el caso de la mayor\u00eda de las otras marcas, \u00a1y la garant\u00eda se limita a s\u00f3lo 3-5 a\u00f1os!<\/p>\n<p>C\u00e9lulas prism\u00e1ticas para la mayor calidad y vida \u00fatil, 8000 ciclos y 10 a\u00f1os de garant\u00eda en las c\u00e9lulas sin costes adicionales y 5 a\u00f1os en el conjunto.<\/p>\n<p>La serie BLH-125K\/258KwH-Maxus, un ESS comercial e industrial todo en uno refrigerado por l\u00edquido, es<br \/>\nintegrado con inversor de almacenamiento de energ\u00eda, bater\u00eda, BMS, EMS, gesti\u00f3n t\u00e9rmica,<br \/>\ndistribuci\u00f3n de energ\u00eda, protecci\u00f3n contra incendios, etc. El dise\u00f1o todo en uno es f\u00e1cil de instalar y<br \/>\nO&amp;M. Mientras tanto, el dise\u00f1o de seguridad del sistema garantiza un mejor rendimiento de la bater\u00eda<br \/>\ny una mayor vida \u00fatil. M\u00faltiples conjuntos de armarios pueden conectarse directamente en paralelo hasta 30 piezas para realizar<br \/>\nla ampliaci\u00f3n del sistema de almacenamiento de energ\u00eda.<\/p>\n<p>Econ\u00f3mico:<\/p>\n<p>ESS altamente integrado para facilitar<br \/>\ntransporte y O&amp;M. El sitio<br \/>\ndise\u00f1o integrado garantiza que el sitio pueda<br \/>\ninstalarse y utilizarse r\u00e1pidamente.<\/p>\n<p>Funci\u00f3n de copia de seguridad<\/p>\n<p>Funci\u00f3n Peakshave<\/p>\n<p>Funci\u00f3n FV<\/p>\n<p>Refrigeraci\u00f3n l\u00edquida:<\/p>\n<p>La desviaci\u00f3n de temperatura de<br \/>\nceldas de la bater\u00eda en todo el<br \/>\nsistema est\u00e1 dentro de los 3\u00b0C, gracias a<br \/>\nel sistema inteligente de refrigeraci\u00f3n l\u00edquida.<br \/>\nPuede ampliar el<br \/>\nvida \u00fatil de las celdas de la bater\u00eda hasta en 20%.<\/p>\n<p>Seguro:<\/p>\n<p>El sistema tiene cuatro niveles<br \/>\nestructura de gesti\u00f3n, que puede<br \/>\ncontrolar con precisi\u00f3n la protecci\u00f3n contra cortocircuitos, sobrecorriente, sobretensi\u00f3n, subtensi\u00f3n y sobretemperatura<br \/>\nprotecci\u00f3n, etc.<\/p>\n<p>VDE4100<\/p>\n<p>IEC62619<\/p>\n<p>IEC61000<\/p>\n<p>UL9540A<\/p>\n<p>EN50549<\/p>\n<p><a href=\"https:\/\/blauhoff.nl\/wp-content\/uploads\/2025\/02\/NL-BLH-Maxus-125kW289kWh-Flyer-18-1-2025.pdf.pdf\" target=\"_blank\" rel=\"noopener\">NL BLH Maxus 125kW289kWh Folleto 18-1-2025.pdf<\/a><\/p>\n<p><iframe title=\"Blauhoff ESS Todo en uno\" width=\"1140\" height=\"641\" src=\"https:\/\/www.youtube.com\/embed\/4ygzOwu-j7I?feature=oembed\" frameborder=\"0\" allow=\"accelerometer; autoplay; clipboard-write; encrypted-media; gyroscope; picture-in-picture; web-share\" referrerpolicy=\"strict-origin-when-cross-origin\" allowfullscreen><\/iframe><\/p>\n<p>&nbsp;<\/p>\n<p>&nbsp;<\/p>","protected":false},"excerpt":{"rendered":"<p>Nuevo Blauhoff Maxus Armario de almacenamiento de energ\u00eda todo en uno 125K\/289kWh 10 a\u00f1os de garant\u00eda 8000 ciclos Todos los sistemas de bater\u00edas Blauhoff tienen 10 a\u00f1os de garant\u00eda en las c\u00e9lulas y 5 a\u00f1os [...]<\/p>","protected":false},"featured_media":185452,"template":"","meta":{"_seopress_robots_primary_cat":"none","_seopress_titles_title":"","_seopress_titles_desc":"","_seopress_robots_index":"","_kad_blocks_custom_css":"","_kad_blocks_head_custom_js":"","_kad_blocks_body_custom_js":"","_kad_blocks_footer_custom_js":""},"product_cat":[17,19],"product_tag":[],"class_list":{"0":"post-208743","1":"product","2":"type-product","3":"status-publish","4":"has-post-thumbnail","6":"product_cat-home-batteries","7":"product_cat-sets-with-inverters","9":"first","10":"instock","11":"taxable","12":"shipping-taxable","13":"purchasable","14":"product-type-simple"},"taxonomy_info":{"product_cat":[{"value":17,"label":"Home batteries"},{"value":19,"label":"Sets with inverters"}]},"featured_image_src_large":["https:\/\/ownpowr.com\/wp-content\/uploads\/2024\/10\/maxus-.png",300,300,false],"author_info":[],"comment_info":"","_links":{"self":[{"href":"https:\/\/ownpowr.com\/es\/wp-json\/wp\/v2\/product\/208743","targetHints":{"allow":["GET"]}}],"collection":[{"href":"https:\/\/ownpowr.com\/es\/wp-json\/wp\/v2\/product"}],"about":[{"href":"https:\/\/ownpowr.com\/es\/wp-json\/wp\/v2\/types\/product"}],"wp:featuredmedia":[{"embeddable":true,"href":"https:\/\/ownpowr.com\/es\/wp-json\/wp\/v2\/media\/185452"}],"wp:attachment":[{"href":"https:\/\/ownpowr.com\/es\/wp-json\/wp\/v2\/media?parent=208743"}],"wp:term":[{"taxonomy":"product_cat","embeddable":true,"href":"https:\/\/ownpowr.com\/es\/wp-json\/wp\/v2\/product_cat?post=208743"},{"taxonomy":"product_tag","embeddable":true,"href":"https:\/\/ownpowr.com\/es\/wp-json\/wp\/v2\/product_tag?post=208743"}],"curies":[{"name":"wp","href":"https:\/\/api.w.org\/{rel}","templated":true}]}}