{"id":221355,"date":"2025-04-17T14:50:19","date_gmt":"2025-04-17T12:50:19","guid":{"rendered":"https:\/\/ownpowr.com\/?post_type=product&#038;p=221355"},"modified":"2025-04-17T14:52:56","modified_gmt":"2025-04-17T12:52:56","slug":"afore-15k-hybrid-three-phase-inverter","status":"publish","type":"product","link":"https:\/\/ownpowr.com\/es\/product\/inversor-trifasico-hibrido-afore-15k\/","title":{"rendered":"Inversor trif\u00e1sico h\u00edbrido Afore 15K"},"content":{"rendered":"<p>Inversor h\u00edbrido AF15K-THP, 2 MPPT, trif\u00e1sico, potencia nominal de salida 15 kW<br \/>\nEl Afore AF15K-THP es un inversor h\u00edbrido trif\u00e1sico con una potencia de salida de 15 kW. Con una bater\u00eda de alto voltaje, puede utilizarse como sistema aut\u00f3nomo\/sin conexi\u00f3n a la red o como sistema sin conexi\u00f3n a la red. Cuenta con dos seguidores MPPT y la opci\u00f3n de conectar dos cadenas de m\u00f3dulos fotovoltaicos. Tambi\u00e9n hay disponibles varias tensiones MPPT.<\/p>\n<p>Destacados<br \/>\nDise\u00f1o moderno<br \/>\nSupervisi\u00f3n durante la vigilancia Wi-Fi<br \/>\nMayor eficiencia del 97,5%<br \/>\nNo disponible<br \/>\n2 MPPT con una cadena<br \/>\nInstalaci\u00f3n f\u00e1cil y r\u00e1pida<br \/>\nTama\u00f1o compacto (370 x 598,5 x 1,92 mm)<br \/>\nCompatible con reparaciones de bater\u00edas<br \/>\nAdecuado para tipos de bater\u00eda: I\u00f3n-litio<\/p>\n<p>Especificaci\u00f3n<br \/>\nDescripci\u00f3n del art\u00edculo: Inversor h\u00edbrido AF15K-THP, 2 MPPT, trif\u00e1sico, potencia nominal de salida 15 kW<\/p>\n<p>Datos de salida de CA<br \/>\nPotencia nominal: 15 kW<br \/>\nPotencia aparente de salida m\u00e1x.: 16,5 kVA<br \/>\nTensi\u00f3n alterna: 3P\/N\/PE 400 V<br \/>\nFrecuencia CA: 50 Hz \/ 60 Hz<br \/>\nCorriente alterna: 21,8 A<br \/>\nM\u00e1x. Corriente alterna: 27 A<\/p>\n<p>Datos de entrada de la cadena FV<br \/>\nM\u00e1x. Potencia de entrada de CC: 22,5 kW<br \/>\nM\u00e1x. Tensi\u00f3n de entrada de CC: 1000 V<br \/>\nM\u00e1x. Corriente de entrada CC: 2 x 18,5 A<br \/>\nTensi\u00f3n de arranque: 160 V<br \/>\nRango de tensi\u00f3n MPPT: 500-850 V<br \/>\nPotencia m\u00e1xima a corto plazo: 2 x 25 A<br \/>\nN\u00famero de seguidores MPPT\/n\u00famero de cadenas: 2\/2<\/p>\n<p>Datos de entrada de la bater\u00eda<br \/>\nTipo de bater\u00eda: I\u00f3n-litio \/ Plomo-\u00e1cido \/ Cloruro de sodio<br \/>\nTensi\u00f3n nominal: 500 V<br \/>\nRango de tensi\u00f3n: 80-600 V<br \/>\nCorriente de carga m\u00e1x.: 30 A<br \/>\nCorriente de descarga m\u00e1x.: 30 A<\/p>\n<p>General<br \/>\nRendimiento m\u00e1ximo: 98,3%<br \/>\nTasa de eficiencia de la UE: 97,5%<br \/>\nComunicaci\u00f3n: Pantalla, LED, RS485, CAN, Wi-Fi, GPRS, 4G<br \/>\nClase de protecci\u00f3n: IP66<br \/>\nRefrigeraci\u00f3n: Ventilador inteligente<br \/>\nTopolog\u00eda: Sin transformador<br \/>\nDimensiones (ancho x alto x fondo) 370 x 598,5 x 192 mm<br \/>\nPeso: 22 kg<\/p>\n<p>Consta de:<br \/>\n1 x Afore inversor h\u00edbrido AF15K-THP<br \/>\n1 x Kit de accesorios<\/p>","protected":false},"excerpt":{"rendered":"<p>Inversor h\u00edbrido AF15K-THP, 2 MPPT, trif\u00e1sico, potencia nominal de salida de 15 kW El Afore AF15K-THP es un inversor h\u00edbrido trif\u00e1sico con una potencia de salida de 15 kW. Con una bater\u00eda de alto voltaje, [...]<\/p>","protected":false},"featured_media":221359,"template":"","meta":{"_seopress_robots_primary_cat":"none","_seopress_titles_title":"","_seopress_titles_desc":"","_seopress_robots_index":"","_kad_blocks_custom_css":"","_kad_blocks_head_custom_js":"","_kad_blocks_body_custom_js":"","_kad_blocks_footer_custom_js":""},"product_cat":[18],"product_tag":[],"class_list":{"0":"post-221355","1":"product","2":"type-product","3":"status-publish","4":"has-post-thumbnail","6":"product_cat-hybrid-inverters","8":"first","9":"instock","10":"taxable","11":"shipping-taxable","12":"purchasable","13":"product-type-simple"},"taxonomy_info":{"product_cat":[{"value":18,"label":"Hybrid inverters"}]},"featured_image_src_large":["https:\/\/ownpowr.com\/wp-content\/uploads\/2025\/04\/afore-hybrid-three-phase-inverter.png",640,640,false],"author_info":[],"comment_info":"","_links":{"self":[{"href":"https:\/\/ownpowr.com\/es\/wp-json\/wp\/v2\/product\/221355","targetHints":{"allow":["GET"]}}],"collection":[{"href":"https:\/\/ownpowr.com\/es\/wp-json\/wp\/v2\/product"}],"about":[{"href":"https:\/\/ownpowr.com\/es\/wp-json\/wp\/v2\/types\/product"}],"wp:featuredmedia":[{"embeddable":true,"href":"https:\/\/ownpowr.com\/es\/wp-json\/wp\/v2\/media\/221359"}],"wp:attachment":[{"href":"https:\/\/ownpowr.com\/es\/wp-json\/wp\/v2\/media?parent=221355"}],"wp:term":[{"taxonomy":"product_cat","embeddable":true,"href":"https:\/\/ownpowr.com\/es\/wp-json\/wp\/v2\/product_cat?post=221355"},{"taxonomy":"product_tag","embeddable":true,"href":"https:\/\/ownpowr.com\/es\/wp-json\/wp\/v2\/product_tag?post=221355"}],"curies":[{"name":"wp","href":"https:\/\/api.w.org\/{rel}","templated":true}]}}