{"id":221361,"date":"2025-04-17T15:02:31","date_gmt":"2025-04-17T13:02:31","guid":{"rendered":"https:\/\/ownpowr.com\/?post_type=product&#038;p=221361"},"modified":"2025-04-17T15:02:32","modified_gmt":"2025-04-17T13:02:32","slug":"afore-20kw-hybrid-three-phase-inverter","status":"publish","type":"product","link":"https:\/\/ownpowr.com\/es\/product\/inversor-trifasico-hibrido-afore-20kw\/","title":{"rendered":"Afore Inversor trif\u00e1sico h\u00edbrido de 20 kW"},"content":{"rendered":"<p>Inversor h\u00edbrido AF20K-TH, 2 MPPT, trif\u00e1sico, potencia nominal de salida 20.000 W<br \/>\nEl Afore AF20K-TH es un inversor h\u00edbrido trif\u00e1sico con una potencia de salida de 20 kW. Con una bater\u00eda de alto voltaje, el inversor puede utilizarse como sistema aut\u00f3nomo\/sin conexi\u00f3n a la red y como fuente de alimentaci\u00f3n de emergencia. Cuenta con dos seguidores MPPT y la posibilidad de conectar varias cadenas de m\u00f3dulos fotovoltaicos. Presenta un amplio rango de tensi\u00f3n MPPT.<\/p>\n<p>Destacados<br \/>\nDise\u00f1o moderno<br \/>\nMonitorizaci\u00f3n Wi-Fi<br \/>\nAlta eficacia de 97,8%<br \/>\nCapacidad de alimentaci\u00f3n de emergencia<br \/>\n2 MPPT con 2 strings cada uno<br \/>\nInstalaci\u00f3n f\u00e1cil y r\u00e1pida<br \/>\nDimensiones compactas (558 x 535 x 260 mm)<br \/>\nCompatible con muchos fabricantes de pilas<br \/>\nAdecuado para tipos de bater\u00eda: I\u00f3n-litio<\/p>\n<p>Especificaciones<\/p>\n<p>Nombre del art\u00edculo: Inversor h\u00edbrido AF20K-TH, 2 MPPT, trif\u00e1sico, potencia nominal de salida 20.000 W<br \/>\nDatos de salida de CA<br \/>\nPotencia nominal de salida: 20.000 W<br \/>\nPotencia aparente de salida m\u00e1x.: 22.000 VA<br \/>\nTensi\u00f3n alterna: 3\/N\/PE 400 V<br \/>\nFrecuencia CA: 50 Hz \/ 60 Hz<br \/>\nCorriente alterna nominal: 29,0 A<br \/>\nM\u00e1x. Corriente alterna: 32,0 A<br \/>\nDatos de entrada de la cadena FV<br \/>\nM\u00e1x. Potencia de entrada de CC: 30 kW<br \/>\nM\u00e1x. Tensi\u00f3n de entrada de CC: 1000 V<br \/>\nM\u00e1x. Corriente de entrada CC: 2 x 32A<br \/>\nTensi\u00f3n de arranque: 160V<br \/>\nRango de tensi\u00f3n MPPT: 150-850V<br \/>\nCorriente m\u00e1x. de cortocircuito: 2 x 48A<br \/>\nN\u00famero de rastreadores MPP\/n\u00famero de cuerdas: 2\/4<br \/>\nDatos de entrada de la bater\u00eda<br \/>\nTipo de bater\u00eda: I\u00f3n-litio<br \/>\nTensi\u00f3n nominal: 500V<br \/>\nTensi\u00f3n m\u00e1x. de carga: 150-800V<br \/>\nCorriente de carga m\u00e1x.: 50A<br \/>\nCorriente de descarga m\u00e1x.: 50A<br \/>\nGeneral<br \/>\nRendimiento m\u00e1ximo: 98,3%<br \/>\nEficacia UE: 97,8%<br \/>\nComunicaci\u00f3n: Pantalla, LED, RS485, CAN, Wi-Fi, GRPS, 4G<br \/>\nClase de protecci\u00f3n: IP65<br \/>\nTopolog\u00eda: Sin transformador<\/p>\n<p>Dimensiones (An x Al x Pr): 558x535x260mm<br \/>\nPeso: 29 kg<\/p>\n<p>Volumen de suministro<br \/>\n1 x Afore Inversor h\u00edbrido AF20K-TH<br \/>\n1 x Kit de accesorios<\/p>","protected":false},"excerpt":{"rendered":"<p>Inversor h\u00edbrido AF20K-TH, 2 MPPT, trif\u00e1sico, potencia nominal de salida de 20.000 W El Afore AF20K-TH es un inversor h\u00edbrido trif\u00e1sico con una potencia de salida de 20 kW. Con una bater\u00eda de alto voltaje, el inversor [...]<\/p>","protected":false},"featured_media":221359,"template":"","meta":{"_seopress_robots_primary_cat":"none","_seopress_titles_title":"","_seopress_titles_desc":"","_seopress_robots_index":"","_kad_blocks_custom_css":"","_kad_blocks_head_custom_js":"","_kad_blocks_body_custom_js":"","_kad_blocks_footer_custom_js":""},"product_cat":[18],"product_tag":[],"class_list":{"0":"post-221361","1":"product","2":"type-product","3":"status-publish","4":"has-post-thumbnail","6":"product_cat-hybrid-inverters","8":"first","9":"instock","10":"taxable","11":"shipping-taxable","12":"purchasable","13":"product-type-simple"},"taxonomy_info":{"product_cat":[{"value":18,"label":"Hybrid inverters"}]},"featured_image_src_large":["https:\/\/ownpowr.com\/wp-content\/uploads\/2025\/04\/afore-hybrid-three-phase-inverter.png",640,640,false],"author_info":[],"comment_info":"","_links":{"self":[{"href":"https:\/\/ownpowr.com\/es\/wp-json\/wp\/v2\/product\/221361","targetHints":{"allow":["GET"]}}],"collection":[{"href":"https:\/\/ownpowr.com\/es\/wp-json\/wp\/v2\/product"}],"about":[{"href":"https:\/\/ownpowr.com\/es\/wp-json\/wp\/v2\/types\/product"}],"wp:featuredmedia":[{"embeddable":true,"href":"https:\/\/ownpowr.com\/es\/wp-json\/wp\/v2\/media\/221359"}],"wp:attachment":[{"href":"https:\/\/ownpowr.com\/es\/wp-json\/wp\/v2\/media?parent=221361"}],"wp:term":[{"taxonomy":"product_cat","embeddable":true,"href":"https:\/\/ownpowr.com\/es\/wp-json\/wp\/v2\/product_cat?post=221361"},{"taxonomy":"product_tag","embeddable":true,"href":"https:\/\/ownpowr.com\/es\/wp-json\/wp\/v2\/product_tag?post=221361"}],"curies":[{"name":"wp","href":"https:\/\/api.w.org\/{rel}","templated":true}]}}