{"id":265,"date":"2023-10-04T16:43:01","date_gmt":"2023-10-04T14:43:01","guid":{"rendered":"https:\/\/ownpowr.com\/product\/pylontech-force-l1-14-21\/"},"modified":"2025-12-30T14:50:46","modified_gmt":"2025-12-30T12:50:46","slug":"pylontech-force-l1-14-21","status":"publish","type":"product","link":"https:\/\/ownpowr.com\/es\/product\/pylontech-force-l1-14-21\/","title":{"rendered":"Pylontech fuerza L1 14.21"},"content":{"rendered":"<p>Pylontech Force L1 14.21 consta de una unidad de gesti\u00f3n de bater\u00edas Pylontech BMU y 4 m\u00f3dulos de bater\u00edas Force L1 de 3,55 kWh.<\/p>\n<p>Capacidad de ampliaci\u00f3n a\u00f1adiendo posteriormente hasta 3 m\u00f3dulos Force L1 adicionales<\/p>\n<div class=\"row\">\n<div class=\"col-lg-6\">\n<h3><strong>Pylontech Fuerza L1 14.21 - Baja tensi\u00f3n<\/strong><\/h3>\n<p>El <b>Fuerza L1<\/b> es el \u00faltimo sistema de bater\u00edas HESS suministrado por <strong>Pylontech<\/strong>. El car\u00e1cter de \"larga vida\", la mayor densidad de energ\u00eda y potencia de la industria, el dise\u00f1o de moda, la facilidad de instalaci\u00f3n y ampliaci\u00f3n, todo ello refleja los requisitos reales de los usuarios finales y la capacidad t\u00e9cnica m\u00e1s s\u00f3lida de <strong>Pylontech<\/strong>.<\/p>\n<p><strong>PylontechForceL1<\/strong>14.21 consiste en un <strong>Pylontech<\/strong> Unidad de gesti\u00f3n de bater\u00edas BMU y 4 m\u00f3dulos de bater\u00edas Force L1 de 3,55 kWh. Posibilidad de ampliaci\u00f3n a\u00f1adiendo posteriormente hasta 3 m\u00f3dulos Force L1 adicionales en paralelo a esta pila para alcanzar una potencia \u00fatil de hasta 24,86 kWh.<\/p>\n<p><strong>La integraci\u00f3n vertical de la industria garantiza m\u00e1s de 6.000 ciclos con 90% DoD<\/strong><\/p>\n<p><strong>El dise\u00f1o modular permite a los clientes finales elegir la capacidad<\/strong><\/p>\n<p><strong>Compatible con la mayor\u00eda de los inversores h\u00edbridos disponibles<\/strong><\/p>\n<p><strong>El conector r\u00e1pido minimiza el tiempo y el coste de instalaci\u00f3n<\/strong><\/p>\n<p><strong>Bonito dise\u00f1o - m\u00e1s all\u00e1 de la instalaci\u00f3n tanto en interiores como en exteriores<\/strong><\/p>\n<\/div>\n<\/div>","protected":false},"excerpt":{"rendered":"<p>Pylontech Force L1 14.21 consta de una unidad de gesti\u00f3n de bater\u00edas Pylontech BMU y 4 m\u00f3dulos de bater\u00edas Force L1 de 3,55 kWh. Posibilidad de ampliaci\u00f3n a\u00f1adiendo posteriormente hasta 3 Force [...]<\/p>","protected":false},"featured_media":266,"template":"","meta":{"_seopress_robots_primary_cat":"none","_seopress_titles_title":"","_seopress_titles_desc":"","_seopress_robots_index":"","_kad_blocks_custom_css":"","_kad_blocks_head_custom_js":"","_kad_blocks_body_custom_js":"","_kad_blocks_footer_custom_js":""},"product_cat":[17],"product_tag":[],"class_list":{"0":"post-265","1":"product","2":"type-product","3":"status-publish","4":"has-post-thumbnail","6":"product_cat-home-batteries","8":"first","9":"outofstock","10":"sale","11":"taxable","12":"shipping-taxable","13":"purchasable","14":"product-type-simple"},"taxonomy_info":{"product_cat":[{"value":17,"label":"Home batteries"}]},"featured_image_src_large":["https:\/\/ownpowr.com\/wp-content\/uploads\/2022\/11\/SAM7623-0.jpeg",600,661,false],"author_info":[],"comment_info":"","_links":{"self":[{"href":"https:\/\/ownpowr.com\/es\/wp-json\/wp\/v2\/product\/265","targetHints":{"allow":["GET"]}}],"collection":[{"href":"https:\/\/ownpowr.com\/es\/wp-json\/wp\/v2\/product"}],"about":[{"href":"https:\/\/ownpowr.com\/es\/wp-json\/wp\/v2\/types\/product"}],"wp:featuredmedia":[{"embeddable":true,"href":"https:\/\/ownpowr.com\/es\/wp-json\/wp\/v2\/media\/266"}],"wp:attachment":[{"href":"https:\/\/ownpowr.com\/es\/wp-json\/wp\/v2\/media?parent=265"}],"wp:term":[{"taxonomy":"product_cat","embeddable":true,"href":"https:\/\/ownpowr.com\/es\/wp-json\/wp\/v2\/product_cat?post=265"},{"taxonomy":"product_tag","embeddable":true,"href":"https:\/\/ownpowr.com\/es\/wp-json\/wp\/v2\/product_tag?post=265"}],"curies":[{"name":"wp","href":"https:\/\/api.w.org\/{rel}","templated":true}]}}